{"id":79753,"date":"2015-04-23T12:57:21","date_gmt":"2015-04-23T12:57:21","guid":{"rendered":"https:\/\/mauritius-direct.com\/terms-and-conditions\/"},"modified":"2021-12-23T19:04:27","modified_gmt":"2021-12-23T18:04:27","slug":"terms-and-conditions","status":"publish","type":"page","link":"https:\/\/mauritius-direct.com\/sv\/terms-and-conditions\/","title":{"rendered":"Regler och villkor"},"content":{"rendered":"\t\t<div data-elementor-type=\"wp-page\" data-elementor-id=\"79753\" class=\"elementor elementor-79753 elementor-356\">\n\t\t\t\t\t\t<section class=\"elementor-section elementor-top-section elementor-element elementor-element-5510a465 elementor-section-boxed elementor-section-height-default elementor-section-height-default\" data-id=\"5510a465\" data-element_type=\"section\">\n\t\t\t\t\t\t<div class=\"elementor-container elementor-column-gap-default\">\n\t\t\t\t\t<div class=\"elementor-column elementor-col-100 elementor-top-column elementor-element elementor-element-2e3df7cb\" data-id=\"2e3df7cb\" data-element_type=\"column\">\n\t\t\t<div class=\"elementor-widget-wrap elementor-element-populated\">\n\t\t\t\t\t\t<div class=\"elementor-element elementor-element-13a78b9f elementor-widget elementor-widget-text-editor\" data-id=\"13a78b9f\" data-element_type=\"widget\" data-widget_type=\"text-editor.default\">\n\t\t\t\t<div class=\"elementor-widget-container\">\n\t\t\t\t\t\t\t\t\t<p><strong>F\u00f6rmildrande omst\u00e4ndigheternas policy<\/strong><\/p>\n<p><b>Vilka reservationer omfattas<\/b><\/p>\n<p><b>Bokningar gjorda fr\u00e5n och med den 14 mars 2020<\/b><\/p>\n<p>Bokningar f\u00f6r vistelser som g\u00f6rs den 14 mars 2020 eller f\u00f6re den 14 mars 2020, med incheckningsdatum mellan 14 mars 2020 och 15 juli 2020, kan avbokas f\u00f6re incheckningen. Detta inneb\u00e4r att g\u00e4ster som avbokar enligt policyn kommer att f\u00e5 full kontant \u00e5terbetalning eller resekredit i det belopp de betalat (d\u00e4r resekredit \u00e4r tillg\u00e4nglig), minus en serviceavgift p\u00e5 8 % , och vi kommer antingen att \u00e5terbetala eller utf\u00e4rda resekredit.<\/p>\n<p>Bokningar f\u00f6r vistelser som g\u00f6rs den 14 mars 2020 eller f\u00f6re den 14 mars 2020, med incheckningsdatum efter den 15 juli 2020, omfattas f\u00f6r n\u00e4rvarande inte av covid-19-relaterade f\u00f6rmildrande omst\u00e4ndigheter. Avbokningspolicyn g\u00e4ller som vanligt.<\/p>\n<p>Om en bokning redan har p\u00e5b\u00f6rjats (incheckningen har passerat) g\u00e4ller inte denna f\u00f6rmildrande omst\u00e4ndighet.<\/p>\n<p><b>Bokningar gjorda efter 14 mars 2020<\/b><\/p>\n<p>Bokningar f\u00f6r vistelser som g\u00f6rs efter den 14 mars 2020 omfattas inte av v\u00e5r policy f\u00f6r f\u00f6rmildrande omst\u00e4ndigheter, f\u00f6rutom n\u00e4r g\u00e4sten eller v\u00e4rden f\u00f6r n\u00e4rvarande \u00e4r sjuk med COVID-19. Covid-19-relaterade omst\u00e4ndigheter som inte omfattas inkluderar: transportst\u00f6rningar och inst\u00e4llda flyg; Reserekommendationer och reserestriktioner. H\u00e4lsor\u00e5d och karant\u00e4ner. \u00e4ndringar av till\u00e4mplig lag. och andra statliga mandat &#8211; som evakueringsorder, gr\u00e4nsst\u00e4ngningar, f\u00f6rbud mot korttidsuthyrning och skyddskrav. Avbokningspolicyn g\u00e4ller som vanligt.<\/p>\n<p>V\u00e5r policy f\u00f6r f\u00f6rmildrande omst\u00e4ndigheter \u00e4r avsedd att skydda g\u00e4ster och v\u00e4rdar fr\u00e5n of\u00f6rutsedda omst\u00e4ndigheter som uppst\u00e5r efter bokningen. Efter v\u00e4rldsh\u00e4lsoorganisationens uttalande om COVID-19 som en global pandemi g\u00e4ller inte l\u00e4ngre policyn f\u00f6r f\u00f6rmildrande omst\u00e4ndigheter eftersom COVID-19 och dess konsekvenser inte l\u00e4ngre \u00e4r of\u00f6rutsedda eller ov\u00e4ntade.<span class=\"Apple-converted-space\"> <\/span><\/p>\n<p><strong>HYRESAVTAL<\/strong><\/p>\n<p>Detta hyresavtal \u00e4r ett juridiskt bindande avtal fr\u00e5n och med f\u00f6rsta betalningen.<\/p>\n<p>G\u00e4sten har g\u00e5tt med p\u00e5 att hyra bostaden enligt beskrivningen p\u00e5 annonseringen, under hela hyresperioden f\u00f6r den totala hyresavgiften och annan bra och v\u00e4rdefull ers\u00e4ttning som beskrivs h\u00e4ri. Betalningen av bokningen skall fungera som undertecknande och godk\u00e4nnande av detta hyresavtal.<\/p>\n<p><strong>Bel\u00e4ggning<\/strong><\/p>\n<p>G\u00e4sten samtycker till att inga fler personer \u00e4n de som \u00e4r skrivna p\u00e5 bokningsformul\u00e4ret ska till\u00e5tas p\u00e5<\/p>\n<p>Egendom n\u00e4r som helst under hyresperioden, som alla ska uppfylla de villkor och begr\u00e4nsningar som \u00e5lagts G\u00e4st enligt detta avtal, s\u00e5vida det inte har godk\u00e4nts av uthyrningsagenten\/ fastighets\u00e4garen<\/p>\n<p>Ytterligare g\u00e4ster kommer att debiteras i sin helhet enligt villkoren.<\/p>\n<p>Bes\u00f6kare \u00e4r inte till\u00e5tna. En skriftlig f\u00f6rfr\u00e5gan m\u00e5ste g\u00f6ras till uthyrningsagent\/egendom.<\/p>\n<p><strong>POLICY F\u00d6R AVBOKNING<\/strong><\/p>\n<p>50 % ej \u00e5terbetalningsbar deposition kr\u00e4vs vid bokningen.<\/p>\n<p>50 % ej \u00e5terbetalningsbart saldo f\u00f6rfaller senast 60 dagar f\u00f6re ankomst<\/p>\n<p>Hyresagenten\/fastighets\u00e4garen f\u00f6rbeh\u00e5ller sig r\u00e4tten att avboka bokningen om betalningen inte g\u00f6rs i god tid.<\/p>\n<p>Vi rekommenderar att alla g\u00e4ster har den resef\u00f6rs\u00e4kring som kr\u00e4vs och som t\u00e4cker avbokning, st\u00f6ld, sjukdom och olycksfall. L\u00e4s det finstilta i din f\u00f6rs\u00e4kring innan du reser f\u00f6r att s\u00e4kerst\u00e4lla att du har r\u00e4tt skydd.<\/p>\n<p><strong>FORCE MAJEURE<\/strong><\/p>\n<p>Hyresagenten\/fastighets\u00e4garen kan inte ta ansvar eller betala n\u00e5gon ers\u00e4ttning om fullg\u00f6randet eller det snabba fullg\u00f6randet av bokningsavtalet f\u00f6rhindras eller p\u00e5verkas p\u00e5 grund av omst\u00e4ndigheter som utg\u00f6r &#8221;force majeure&#8221;.<\/p>\n<p>Omst\u00e4ndigheter som uppg\u00e5r till &#8221;force majeure&#8221; inkluderar alla h\u00e4ndelser som vi inte kunde, \u00e4ven med all vederb\u00f6rlig omsorg, f\u00f6rutse eller undvika. S\u00e5dana omst\u00e4ndigheter inkluderar f\u00f6rst\u00f6relse eller skada av ditt boende (som rimligen inte kan avhj\u00e4lpas till en tillfredsst\u00e4llande standard innan din vistelse) genom brand, \u00f6versv\u00e4mning, explosion, storm eller andra v\u00e4derskador, inbrott, kriminella skador, upplopp eller inb\u00f6rdeskrig, strids\u00e5tg\u00e4rder, natur- eller k\u00e4rnkraftskatastrof, brand, ogynnsamma v\u00e4derf\u00f6rh\u00e5llanden, krig eller hot om krig, faktisk eller hotad terroristverksamhet , epidemi och alla liknande situationer utanf\u00f6r v\u00e5r kontroll.<\/p>\n<p>Det \u00e4r uttryckligen \u00f6verenskommet att en h\u00e4ndelse av force majeure upph\u00e4ver skyldigheter na f\u00f6r hyresagenten\/ fastighets\u00e4garen. G\u00e4sterna ska betala ytterligare kostnader som kan uppst\u00e5 f\u00f6r eventuella \u00e4ndringar i flyg, logi, biluthyrning efter force majeure.<\/p>\n<p><strong>TILLDELNING ELLER ANDRAHANDSUTHYRNING<\/strong><\/p>\n<p>G\u00e4sten f\u00e5r inte \u00f6verl\u00e5ta eller andrahandsuthyrning egendomen eller till\u00e5ta anv\u00e4ndning av n\u00e5gon del av fastigheten av andra personer som inte \u00e4r familjemedlemmar eller g\u00e4ster till g\u00e4sten och ing\u00e5r inom antalet och som till\u00e5tna passagerare enligt detta avtal.<\/p>\n<p>Endast husets personal har tillg\u00e5ng till villan (ingen mass\u00f6s, fiskare etc. annat \u00e4n till\u00e5tet av hyresagenten \/ fastighets\u00e4garen)<\/p>\n<p><strong>CHECKA IN \/ CHECKA UT POLICY<\/strong><\/p>\n<p>Incheckning: 14.00 till 16.00 (extra avgift f\u00f6r senare incheckning; senaste incheckningen 21.00)<\/p>\n<p>Utcheckning: 10:00 (hel natt kommer att debiteras f\u00f6r senare utcheckning och endast om bokas i f\u00f6rv\u00e4g)<\/p>\n<p><strong>SKICK OCH ANV\u00c4NDNING AV EGENDOM<\/strong><\/p>\n<p>Egenskapen tillhandah\u00e5lls i &#8221;i gott skick&#8221;. Uthyrningsagenten\/fastighets\u00e4garen ska g\u00f6ra sitt b\u00e4sta f\u00f6r att s\u00e4kerst\u00e4lla driften av alla bekv\u00e4mligheter i fastigheten, s\u00e5som internetuppkoppling, satellit- eller kabel-TV eller badtunnor, eldst\u00e4der beroende p\u00e5 vad som \u00e4r till\u00e4mpligt. Hyresagenten\/fastighets\u00e4garen ska inte h\u00e5llas ansvarig f\u00f6r att s\u00e5dana f\u00f6rem\u00e5l inte fungerar, utan kommer att g\u00f6ra allt f\u00f6r att r\u00e4tta till eventuella problem som rapporterats s\u00e5 snabbt som m\u00f6jligt. Ingen \u00e5terbetalning skulle till\u00e4mpas.<\/p>\n<p>G\u00e4st erk\u00e4nner att anv\u00e4ndning av bekv\u00e4mligheter s\u00e5som badtunnor, pooler, spa, eldst\u00e4der, d\u00e4ck, och liknande kan vara potentiellt farliga och inneb\u00e4r potentiella risker, s\u00e4rskilt n\u00e4r det g\u00e4ller barn och s\u00e5dan anv\u00e4ndning \u00e4r p\u00e5 g\u00e4stens egen risk.<\/p>\n<p>Inget under\u00e5riga barn f\u00e5r l\u00e4mnas obevakat i fastigheten. Barn m\u00e5ste \u00f6vervakas. V\u00e4nligen uppmuntra dem att respektera egendom och omgivning.<\/p>\n<p style=\"text-align: left;\">G\u00e4sten ska endast anv\u00e4nda fastigheten f\u00f6r bostads\u00e4ndam\u00e5l och p\u00e5 ett noggrant s\u00e4tt f\u00f6r att f\u00f6rhindra skador eller f\u00f6rluster p\u00e5 fastigheten och h\u00e5lla fastigheten i rent och sanit\u00e4rt tillst\u00e5nd hela tiden. G\u00e4st och eventuella ytterligare till\u00e5tna g\u00e4ster ska avst\u00e5 fr\u00e5n h\u00f6gt ljud och f\u00e5r inte st\u00f6ra, irritera, uts\u00e4tta eller besv\u00e4ra grannar, och g\u00e4sten ska inte heller anv\u00e4nda egendomen f\u00f6r omoraliska, st\u00f6tande eller olagliga \u00e4ndam\u00e5l, och inte heller bryta mot n\u00e5gon lag, f\u00f6reningsregler eller f\u00f6rordning, inte heller beg\u00e5 avfall eller ol\u00e4genheter p\u00e5 eller om fastigheten.<\/p>\n<p style=\"text-align: left;\"><strong>BRANDARBETEN OCH L\u00c4GERBR\u00c4NDER \u00c4R INTE TILL\u00c5TNA I EN OMKRETS P\u00c5 300 METER RUNT BOENDET OCH EGENDOM (STRANDEN ING\u00c5R)<\/strong><\/p>\n<p><strong>Luftkonditionering<\/strong><\/p>\n<p>Elavgifter ing\u00e5r i hyreskostnaderna. D\u00f6rrar och f\u00f6nster m\u00e5ste vara st\u00e4ngda n\u00e4r luftkonditioneringen \u00e4r p\u00e5. Enheterna m\u00e5ste st\u00e4ngas av n\u00e4r rummen \u00e4r obebodda. Om du vill l\u00e5ta enheterna g\u00e5 hela dagen, kommer en offert f\u00f6r den extra elen att g\u00f6ras och kostnaden kommer att betalas vid ankomsten.<\/p>\n<p>Om anv\u00e4ndningen av el missbrukas debiteras en avgift p\u00e5 din avresedag eller dras av fr\u00e5n depositionen.<\/p>\n<p>Hyresagenten\/fastighets\u00e4garen kan inte h\u00e5llas ansvarig f\u00f6r bristen p\u00e5 huspersonal. Ingen \u00e5terbetalning skall g\u00f6ras.<\/p>\n<p>Mat och dryck, reng\u00f6ring ing\u00e5r inte.<\/p>\n<p>R\u00f6kning ej inne i hela logi\/villa\/Stuga\/L\u00e4genhet.<\/p>\n<p><strong>DEPOSITION<\/strong><\/p>\n<p>En deposition som visas p\u00e5 fakturan betalas med bokningen. Denna deposition \u00e5terbetalas om villan hittas i gott skick. Ett avdrag kommer att g\u00f6ras f\u00f6r eventuella brott eller skador.<\/p>\n<p>Vid allvarliga skador p\u00e5 huset\/fastigheten\/m\u00f6blerna kommer polisen att kallas in.<\/p>\n<h3>Personlig ansvar resef\u00f6rs\u00e4kring \u00e4r obligatorisk. G\u00e4ster kommer att h\u00e5llas ekonomiskt ansvariga f\u00f6r skador som de orsakat en annan person eller deras egendom<\/h3>\n<p><strong>Standard<\/strong><\/p>\n<p>Om g\u00e4sten inte uppfyller villkoren och skyldigheterna i detta avtal, ska G\u00e4sten \u00f6verl\u00e4mna egendomen, ta bort all g\u00e4sts egendom ochst\u00e5 och l\u00e4mna fastigheten i god ordning och skadefri. Ingen \u00e5terbetalning av n\u00e5gon del av den totala hyresavgiften ska g\u00f6ras och om n\u00e5gon r\u00e4ttslig \u00e5tg\u00e4rd \u00e4r g\u00e4llande, ska G\u00e4sten ha r\u00e4tt att \u00e5terbetala hyresagenten\/fastighets\u00e4garen f\u00f6r alla kostnader som uppst\u00e5r.<\/p>\n<p><strong>RISK F\u00d6R F\u00d6RLUST OCH SKADEERS\u00c4TTNING<\/strong><\/p>\n<p>G\u00e4sten samtycker till att all personlig egendom, inredning, personliga p\u00e5verkan och andra f\u00f6rem\u00e5l som f\u00f6rs in i fastigheten av g\u00e4sten eller deras till\u00e5tna g\u00e4ster och bes\u00f6kare ska vara ensam risk f\u00f6r G\u00e4st med avseende p\u00e5 st\u00f6ld, skada, f\u00f6rst\u00f6relse eller annan f\u00f6rlust och uthyrningsagent \/ fastighets\u00e4gare skall inte vara ansvarig eller ansvarig av n\u00e5gon anledning.<\/p>\n<p>G\u00e4sten f\u00f6rbinder sig h\u00e4rmed och samtycker till att gottg\u00f6ra och h\u00e5lla uthyrningsagenten och deras agenter, egendoms\u00e4gare, eftertr\u00e4dare, anst\u00e4llda och entrepren\u00f6rer fr\u00e5n och mot eventuella kostnader, skador, skulder, anspr\u00e5k, juridiska avgifter och andra \u00e5tg\u00e4rder f\u00f6r eventuella skador, kostnader, advokatkostnader som g\u00e4sten \u00e5drar sig, till\u00e5tna g\u00e4ster, bes\u00f6kare eller ombud, representanter eller eftertr\u00e4dare till G\u00e4st p\u00e5 grund av eventuella anspr\u00e5k som r\u00f6r f\u00f6rst\u00f6relse av egendom eller skada p\u00e5 personer eller f\u00f6rlust av liv som \u00e5samkats av g\u00e4sten, till\u00e5tna g\u00e4ster, bes\u00f6kare eller ombud, representanter eller eftertr\u00e4dare till G\u00e4st p\u00e5 grund av eventuella anspr\u00e5k som r\u00f6r f\u00f6rst\u00f6relse av egendom eller skada p\u00e5 personer eller f\u00f6rlust av liv som \u00e5samkats av g\u00e4st, till\u00e5tna g\u00e4ster, bes\u00f6kare eller ombud, representanter eller eftertr\u00e4dare till G\u00e4st p\u00e5 grund av eventuella anspr\u00e5k som r\u00f6r f\u00f6rst\u00f6relse av egendom eller skada p\u00e5 personer eller f\u00f6rlust av liv som \u00e5samkats av g\u00e4st, till\u00e5tna g\u00e4ster, bes\u00f6kare eller ombud, representanter eller eftertr\u00e4dare till G\u00e4st p\u00e5 grund av eventuella anspr\u00e5k som r\u00f6r f\u00f6rst\u00f6relse av egendom eller skada p\u00e5 personer eller f\u00f6rlust av liv som \u00e5samkats av g\u00e4sten, till\u00e5tna g\u00e4ster, bes\u00f6kare eller ombud, representanter eller eftertr\u00e4dare till G\u00e4st p\u00e5 grund av eventuella anspr\u00e5k som r\u00f6r f\u00f6rst\u00f6relse av egendom eller skada p\u00e5 personer eller f\u00f6rlust av liv som \u00e5samkats av<\/p>\n<p>G\u00e4st eller familj och bes\u00f6kare till G\u00e4st i eller om fastigheten och g\u00e4sten samtycker uttryckligen till att spara och h\u00e5lla Rental Agent \/ Fastighets\u00e4gare skadesl\u00f6s i alla s\u00e5dana fall.<\/p>\n<p><strong>Sl\u00e4ppa<\/strong><\/p>\n<p>G\u00e4sten avst\u00e5r h\u00e4rmed fr\u00e5n och frig\u00f6r alla anspr\u00e5k mot hyresagent\/ fastighets\u00e4gare, och deras eftertr\u00e4dare, tilldelar, anst\u00e4llda eller representanter, officiellt eller p\u00e5 annat s\u00e4tt, f\u00f6r eventuella skador eller d\u00f6dsfall som kan uppr\u00e4tth\u00e5llas av G\u00e4st p\u00e5 eller i n\u00e4rheten av eller i anslutning till fastigheten, inklusive gemensamma faciliteter, aktiviteter eller bekv\u00e4mligheter.<\/p>\n<p>G\u00e4sten samtycker till att anv\u00e4nda s\u00e5dana faciliteter eller bekv\u00e4mligheter helt p\u00e5 g\u00e4stens eget initiativ, risk och ansvar.<\/p>\n<p><strong>IN- OCH INSPEKTION<\/strong><\/p>\n<p>Rental Agent \/ Fastighets\u00e4gare f\u00f6rbeh\u00e5ller sig r\u00e4tten att komma in i fastigheten vid rimliga tidpunkter och med rimlig f\u00f6rvarning f\u00f6r att inspektera fastigheten eller visa fastigheten f\u00f6r potentiella k\u00f6pare, hyresg\u00e4ster eller andra auktoriserade personer. Om hyresagent\/ fastighets\u00e4gare har en rimlig tro p\u00e5 att det finns \u00f6verh\u00e4ngande fara f\u00f6r n\u00e5gon person eller egendom, kan hyresagent \/ fastighets\u00e4gare komma in i fastigheten utan f\u00f6rvarning.<\/p>\n<p><strong>EXTRA TJ\u00c4NSTER<\/strong><\/p>\n<p>Extra service fr\u00e5n ett tredjepartsf\u00f6retag som till exempel biluthyrning, flygplatstransfer, utflykter, b\u00e5tturer kan organiseras och reserveras av Hyresagenten\/fastighets\u00e4garen p\u00e5 g\u00e4stens beg\u00e4ran;<\/p>\n<p>G\u00e4sten f\u00f6rst\u00e5r och bekr\u00e4ftar att uthyrningsagent\/ fastighets\u00e4gare inte ansvarar f\u00f6r eventuella f\u00f6rseningar\/sv\u00e5righeter, olyckor, r\u00e5n som sker med n\u00e5got tredjepartsf\u00f6retag.<\/p>\n<p>G\u00e4sten m\u00e5ste personligen komma i kontakt med tredjepartsbyr\u00e5n f\u00f6r att bekr\u00e4fta alla bokningar. Betalningar ska g\u00f6ras av G\u00e4ster direkt till tredjepartsf\u00f6retaget.<\/p>\n\t\t\t\t\t\t\t\t<\/div>\n\t\t\t\t<\/div>\n\t\t\t\t\t<\/div>\n\t\t<\/div>\n\t\t\t\t\t<\/div>\n\t\t<\/section>\n\t\t\t\t<\/div>\n\t\t","protected":false},"excerpt":{"rendered":"<p>F\u00f6rmildrande omst\u00e4ndigheternas policy Vilka reservationer omfattas Bokningar gjorda fr\u00e5n och med den 14 mars 2020 Bokningar f\u00f6r vistelser som g\u00f6rs den 14 mars 2020 eller f\u00f6re den 14 mars 2020, med incheckningsdatum mellan 14 mars 2020 och 15 juli 2020, kan avbokas f\u00f6re incheckningen. Detta inneb\u00e4r att g\u00e4ster som avbokar enligt policyn kommer att f\u00e5 &#8230;<\/p>\n","protected":false},"author":1,"featured_media":0,"parent":0,"menu_order":0,"comment_status":"closed","ping_status":"closed","template":"","meta":{"inline_featured_image":false,"footnotes":""},"class_list":["post-79753","page","type-page","status-publish","hentry"],"yoast_head":"<!-- This site is optimized with the Yoast SEO plugin v24.4 - https:\/\/yoast.com\/wordpress\/plugins\/seo\/ -->\n<title>Regler och villkor - Mauritius Direct - we rent private villas directly from owners<\/title>\n<meta name=\"description\" content=\"we rent private villas directly from owners - Search for Holiday Houses and Villas for Rent in the Indian Ocean with Mauritius Direct\" \/>\n<meta name=\"robots\" content=\"index, follow, max-snippet:-1, max-image-preview:large, max-video-preview:-1\" \/>\n<link rel=\"canonical\" href=\"https:\/\/mauritius-direct.com\/sv\/terms-and-conditions\/\" \/>\n<meta property=\"og:locale\" content=\"sv_SE\" \/>\n<meta property=\"og:type\" content=\"article\" \/>\n<meta property=\"og:title\" content=\"Regler och villkor - Mauritius Direct - we rent private villas directly from owners\" \/>\n<meta property=\"og:description\" content=\"we rent private villas directly from owners - Search for Holiday Houses and Villas for Rent in the Indian Ocean with Mauritius Direct\" \/>\n<meta property=\"og:url\" content=\"https:\/\/mauritius-direct.com\/sv\/terms-and-conditions\/\" \/>\n<meta property=\"og:site_name\" content=\"Mauritius Direct\" \/>\n<meta property=\"article:modified_time\" content=\"2021-12-23T18:04:27+00:00\" \/>\n<meta name=\"twitter:card\" content=\"summary_large_image\" \/>\n<meta name=\"twitter:label1\" content=\"Ber\u00e4knad l\u00e4stid\" \/>\n\t<meta name=\"twitter:data1\" content=\"10 minuter\" \/>\n<script type=\"application\/ld+json\" class=\"yoast-schema-graph\">{\"@context\":\"https:\/\/schema.org\",\"@graph\":[{\"@type\":\"WebPage\",\"@id\":\"https:\/\/mauritius-direct.com\/sv\/terms-and-conditions\/\",\"url\":\"https:\/\/mauritius-direct.com\/sv\/terms-and-conditions\/\",\"name\":\"Regler och villkor - Mauritius Direct - we rent private villas directly from owners\",\"isPartOf\":{\"@id\":\"https:\/\/mauritius-direct.com\/sv\/#website\"},\"datePublished\":\"2015-04-23T12:57:21+00:00\",\"dateModified\":\"2021-12-23T18:04:27+00:00\",\"description\":\"we rent private villas directly from owners - Search for Holiday Houses and Villas for Rent in the Indian Ocean with Mauritius Direct\",\"inLanguage\":\"sv-SE\",\"potentialAction\":[{\"@type\":\"ReadAction\",\"target\":[\"https:\/\/mauritius-direct.com\/sv\/terms-and-conditions\/\"]}]},{\"@type\":\"WebSite\",\"@id\":\"https:\/\/mauritius-direct.com\/sv\/#website\",\"url\":\"https:\/\/mauritius-direct.com\/sv\/\",\"name\":\"Mauritius Direct\",\"description\":\"we rent private villas directly from owners\",\"publisher\":{\"@id\":\"https:\/\/mauritius-direct.com\/sv\/#organization\"},\"potentialAction\":[{\"@type\":\"SearchAction\",\"target\":{\"@type\":\"EntryPoint\",\"urlTemplate\":\"https:\/\/mauritius-direct.com\/sv\/?s={search_term_string}\"},\"query-input\":{\"@type\":\"PropertyValueSpecification\",\"valueRequired\":true,\"valueName\":\"search_term_string\"}}],\"inLanguage\":\"sv-SE\"},{\"@type\":\"Organization\",\"@id\":\"https:\/\/mauritius-direct.com\/sv\/#organization\",\"name\":\"Mauritius Direct\",\"url\":\"https:\/\/mauritius-direct.com\/sv\/\",\"logo\":{\"@type\":\"ImageObject\",\"inLanguage\":\"sv-SE\",\"@id\":\"https:\/\/mauritius-direct.com\/sv\/#\/schema\/logo\/image\/\",\"url\":\"https:\/\/mauritius-direct.com\/wp-content\/uploads\/2020\/03\/logo.png\",\"contentUrl\":\"https:\/\/mauritius-direct.com\/wp-content\/uploads\/2020\/03\/logo.png\",\"width\":522,\"height\":50,\"caption\":\"Mauritius Direct\"},\"image\":{\"@id\":\"https:\/\/mauritius-direct.com\/sv\/#\/schema\/logo\/image\/\"}}]}<\/script>\n<!-- \/ Yoast SEO plugin. -->","yoast_head_json":{"title":"Regler och villkor - Mauritius Direct - we rent private villas directly from owners","description":"we rent private villas directly from owners - Search for Holiday Houses and Villas for Rent in the Indian Ocean with Mauritius Direct","robots":{"index":"index","follow":"follow","max-snippet":"max-snippet:-1","max-image-preview":"max-image-preview:large","max-video-preview":"max-video-preview:-1"},"canonical":"https:\/\/mauritius-direct.com\/sv\/terms-and-conditions\/","og_locale":"sv_SE","og_type":"article","og_title":"Regler och villkor - Mauritius Direct - we rent private villas directly from owners","og_description":"we rent private villas directly from owners - Search for Holiday Houses and Villas for Rent in the Indian Ocean with Mauritius Direct","og_url":"https:\/\/mauritius-direct.com\/sv\/terms-and-conditions\/","og_site_name":"Mauritius Direct","article_modified_time":"2021-12-23T18:04:27+00:00","twitter_card":"summary_large_image","twitter_misc":{"Ber\u00e4knad l\u00e4stid":"10 minuter"},"schema":{"@context":"https:\/\/schema.org","@graph":[{"@type":"WebPage","@id":"https:\/\/mauritius-direct.com\/sv\/terms-and-conditions\/","url":"https:\/\/mauritius-direct.com\/sv\/terms-and-conditions\/","name":"Regler och villkor - Mauritius Direct - we rent private villas directly from owners","isPartOf":{"@id":"https:\/\/mauritius-direct.com\/sv\/#website"},"datePublished":"2015-04-23T12:57:21+00:00","dateModified":"2021-12-23T18:04:27+00:00","description":"we rent private villas directly from owners - Search for Holiday Houses and Villas for Rent in the Indian Ocean with Mauritius Direct","inLanguage":"sv-SE","potentialAction":[{"@type":"ReadAction","target":["https:\/\/mauritius-direct.com\/sv\/terms-and-conditions\/"]}]},{"@type":"WebSite","@id":"https:\/\/mauritius-direct.com\/sv\/#website","url":"https:\/\/mauritius-direct.com\/sv\/","name":"Mauritius Direct","description":"we rent private villas directly from owners","publisher":{"@id":"https:\/\/mauritius-direct.com\/sv\/#organization"},"potentialAction":[{"@type":"SearchAction","target":{"@type":"EntryPoint","urlTemplate":"https:\/\/mauritius-direct.com\/sv\/?s={search_term_string}"},"query-input":{"@type":"PropertyValueSpecification","valueRequired":true,"valueName":"search_term_string"}}],"inLanguage":"sv-SE"},{"@type":"Organization","@id":"https:\/\/mauritius-direct.com\/sv\/#organization","name":"Mauritius Direct","url":"https:\/\/mauritius-direct.com\/sv\/","logo":{"@type":"ImageObject","inLanguage":"sv-SE","@id":"https:\/\/mauritius-direct.com\/sv\/#\/schema\/logo\/image\/","url":"https:\/\/mauritius-direct.com\/wp-content\/uploads\/2020\/03\/logo.png","contentUrl":"https:\/\/mauritius-direct.com\/wp-content\/uploads\/2020\/03\/logo.png","width":522,"height":50,"caption":"Mauritius Direct"},"image":{"@id":"https:\/\/mauritius-direct.com\/sv\/#\/schema\/logo\/image\/"}}]}},"_links":{"self":[{"href":"https:\/\/mauritius-direct.com\/sv\/wp-json\/wp\/v2\/pages\/79753","targetHints":{"allow":["GET"]}}],"collection":[{"href":"https:\/\/mauritius-direct.com\/sv\/wp-json\/wp\/v2\/pages"}],"about":[{"href":"https:\/\/mauritius-direct.com\/sv\/wp-json\/wp\/v2\/types\/page"}],"author":[{"embeddable":true,"href":"https:\/\/mauritius-direct.com\/sv\/wp-json\/wp\/v2\/users\/1"}],"replies":[{"embeddable":true,"href":"https:\/\/mauritius-direct.com\/sv\/wp-json\/wp\/v2\/comments?post=79753"}],"version-history":[{"count":0,"href":"https:\/\/mauritius-direct.com\/sv\/wp-json\/wp\/v2\/pages\/79753\/revisions"}],"wp:attachment":[{"href":"https:\/\/mauritius-direct.com\/sv\/wp-json\/wp\/v2\/media?parent=79753"}],"curies":[{"name":"wp","href":"https:\/\/api.w.org\/{rel}","templated":true}]}}