{"id":79730,"date":"2020-02-28T14:26:50","date_gmt":"2020-02-28T14:26:50","guid":{"rendered":"https:\/\/mauritius-direct.com\/privacy-policy\/"},"modified":"2020-04-15T14:24:50","modified_gmt":"2020-04-15T13:24:50","slug":"privacy-policy","status":"publish","type":"page","link":"https:\/\/mauritius-direct.com\/sv\/privacy-policy\/","title":{"rendered":"Sekretesspolicy"},"content":{"rendered":"<h2 class=\"wp-block-heading\">Vilka vi \u00e4r<\/h2><p>V\u00e5r hemsida adress \u00e4r: http:\/\/mauritius-direct.com<\/p><p>V\u00e5rt f\u00f6retag \u00e4r: <\/p><p><strong>Owners United Ltd.<\/strong><br\/>Suite 206, Eden Plaza<br\/>Eden Island<br\/>Mahe<br\/>Republic of Seychelles<br\/>Company Number: 104325<\/p><p>Email: contact at mauritius-direct.com<\/p><h2 class=\"wp-block-heading\">Vilka personuppgifter vi samlar in och varf\u00f6r vi samlar in dem<\/h2><h3 class=\"wp-block-heading\">Kommentarer<\/h3><p>N\u00e4r bes\u00f6kare l\u00e4mnar synpunkter p\u00e5 webbplatsen vi samlar in data som visas i formul\u00e4ret kommentarer, och \u00e4ven bes\u00f6karens IP-adress och webbl\u00e4sare user agent str\u00e4ng f\u00f6r att hj\u00e4lpa spam uppt\u00e4ckt.<\/p><p>En anonymiserad str\u00e4ng som skapats fr\u00e5n din e-postadress (\u00e4ven kallad en hash) kan tillhandah\u00e5llas till Gravatar-tj\u00e4nsten f\u00f6r att se om du anv\u00e4nder den. Den Gravatar tj\u00e4nsten Integritetspolicy finns h\u00e4r: https:\/\/automattic.com\/privacy\/. Efter godk\u00e4nnande av din kommentar, din profilbild \u00e4r synlig f\u00f6r allm\u00e4nheten i samband med din kommentar.<\/p><h3 class=\"wp-block-heading\">Media<\/h3><p>Om du laddar upp bilder till webbplatsen, b\u00f6r du undvika att ladda upp bilder med inb\u00e4ddade platsdata (EXIF GPS) ing\u00e5r. Bes\u00f6kare p\u00e5 webbplatsen kan ladda ner och extrahera alla platsdata fr\u00e5n bilder p\u00e5 webbplatsen.<\/p><h3 class=\"wp-block-heading\">Kontaktformul\u00e4r <\/h3><h3 class=\"wp-block-heading\">Cookies<\/h3><p>Om du l\u00e4mnar en kommentar p\u00e5 v\u00e5r webbplats kan du anm\u00e4la dig till att spara ditt namn, e-postadress och webbplats i cookies. Dessa \u00e4r f\u00f6r din bekv\u00e4mlighet s\u00e5 att du inte beh\u00f6ver fylla i dina uppgifter igen n\u00e4r du l\u00e4mnar en annan kommentar. Dessa cookies kommer att p\u00e5g\u00e5 i ett \u00e5r.<\/p><p>Om du bes\u00f6ker v\u00e5r inloggningssida kommer vi att st\u00e4lla in en tempor\u00e4r cookie f\u00f6r att avg\u00f6ra om din webbl\u00e4sare accepterar cookies. Denna cookie inneh\u00e5ller inga personuppgifter och ignoreras n\u00e4r du st\u00e4nger din webbl\u00e4sare.<\/p><p>N\u00e4r du loggar in kommer vi ocks\u00e5 att st\u00e4lla in flera cookies f\u00f6r att spara din inloggningsinformation och dina sk\u00e4rmvisnings alternativ. Login cookies varar i tv\u00e5 dagar, och sk\u00e4rmalternativ cookies varar i ett \u00e5r. Om du v\u00e4ljer &#8221;kom ih\u00e5g mig&#8221; kommer din inloggning att kvarst\u00e5 i tv\u00e5 veckor. Om du loggar ut fr\u00e5n ditt konto kommer inloggningscookies att tas bort.<\/p><p>Om du redigerar eller publicerar en artikel kommer ytterligare en cookie att sparas i din webbl\u00e4sare. Denna cookie inneh\u00e5ller inga personuppgifter och anger bara post-ID f\u00f6r den artikel du just redigerade. Det g\u00e5r ut efter 1 dag.<\/p><h3 class=\"wp-block-heading\">Inb\u00e4ddat inneh\u00e5ll fr\u00e5n andra webbplatser<\/h3><p>Artiklar p\u00e5 denna webbplats kan inneh\u00e5lla inb\u00e4ddat inneh\u00e5ll (t. ex. videor, bilder, artiklar, etc.). Inb\u00e4ddat inneh\u00e5ll fr\u00e5n andra webbplatser beter sig p\u00e5 exakt samma s\u00e4tt som om bes\u00f6karen har bes\u00f6kt den andra webbplatsen.<\/p><p>Dessa webbplatser kan samla in data om dig, anv\u00e4nda cookies, b\u00e4dda in ytterligare tredjepartssp\u00e5rning och \u00f6vervaka din interaktion med det inb\u00e4ddade inneh\u00e5llet, inklusive att sp\u00e5ra din interaktion med det inb\u00e4ddade inneh\u00e5llet om du har ett konto och \u00e4r inloggad p\u00e5 det Webbplats.<\/p><h3 class=\"wp-block-heading\">Analytics<\/h3><h2 class=\"wp-block-heading\">Vem vi delar dina data med<\/h2><h2 class=\"wp-block-heading\">Hur l\u00e4nge vi beh\u00e5ller dina uppgifter<\/h2><p>Om du l\u00e4mnar en kommentar, lista och bokningsdata, data och dess metadata sparas p\u00e5 obest\u00e4md tid. Detta f\u00f6r att vi ska kunna k\u00e4nna igen och godk\u00e4nna eventuell uppf\u00f6ljning automatiskt i st\u00e4llet f\u00f6r att h\u00e5lla dem i en modereringsk\u00f6.<\/p><p>F\u00f6r anv\u00e4ndare som registrerar sig p\u00e5 v\u00e5r webbplats (om n\u00e5gon), vi ocks\u00e5 lagra den personliga information som de tillhandah\u00e5ller i sin anv\u00e4ndarprofil. Alla anv\u00e4ndare kan se, redigera eller radera sin personliga information n\u00e4r som helst (f\u00f6rutom att de inte kan \u00e4ndra sitt anv\u00e4ndarnamn). Webbplatsadministrat\u00f6rer kan ocks\u00e5 se och redigera informationen.<\/p><h2 class=\"wp-block-heading\">Vilka r\u00e4ttigheter du har \u00f6ver dina data<\/h2><p>Om du har ett konto p\u00e5 denna webbplats, eller har l\u00e4mnat kommentarer, kan du beg\u00e4ra att f\u00e5 en exporterad fil av de personuppgifter vi har om dig, inklusive eventuella uppgifter som du har l\u00e4mnat till oss. Du kan ocks\u00e5 beg\u00e4ra att vi raderar alla personuppgifter vi har om dig. Detta inkluderar inte n\u00e5gra uppgifter som vi \u00e4r skyldiga att beh\u00e5lla f\u00f6r administrativa, juridiska eller s\u00e4kerhets\u00e4ndam\u00e5l.<\/p><h2 class=\"wp-block-heading\">D\u00e4r vi skickar dina uppgifter<\/h2><p>Bes\u00f6karnas kommentarer kan kontrolleras genom en automatiserad spamdetekterings tj\u00e4nst.<\/p><h2 class=\"wp-block-heading\">Dina kontaktuppgifter<\/h2><h2 class=\"wp-block-heading\">Ytterligare information<\/h2><h3 class=\"wp-block-heading\">Hur vi skyddar dina data<\/h3><h3 class=\"wp-block-heading\">Vilka f\u00f6rfaranden f\u00f6r dataintr\u00e5ng vi har p\u00e5 plats<\/h3><h3 class=\"wp-block-heading\">Vilka tredje parter vi tar emot data fr\u00e5n<\/h3><h3 class=\"wp-block-heading\">Vad automatiserad beslutsfattande och\/eller profilering vi g\u00f6r med anv\u00e4ndardata<\/h3><h3 class=\"wp-block-heading\">Branschbest\u00e4mmelser upplysningskrav<\/h3><h3 class=\"wp-block-heading\">WPML (SVENSKA)<\/h3><p>WPML anv\u00e4nder cookies f\u00f6r att identifiera bes\u00f6karens nuvarande spr\u00e5k, det senast bes\u00f6kta spr\u00e5ket och spr\u00e5ket f\u00f6r anv\u00e4ndare som har loggat in.<\/p><p>Medan du anv\u00e4nder plugin, wpml kommer att dela data om webbplatsen via Installer. Inga data fr\u00e5n anv\u00e4ndaren sj\u00e4lv kommer att delas.<\/p><p>Vi samlar in information om dig i kassaprocessen i v\u00e5r butik.<\/p><h2 class=\"wp-block-heading\">Vad vi samlar in och lagrar<\/h2><p>Medan du bes\u00f6ker v\u00e5r webbplats sp\u00e5rar vi:<\/p><ul class=\"wp-block-list\"><li>Produkter som du har tittat p\u00e5: vi anv\u00e4nder detta f\u00f6r att till exempel visa produkter som du nyligen har visat<\/li><li>Plats, IP-adress och webbl\u00e4sartyp: vi anv\u00e4nder detta f\u00f6r \u00e4ndam\u00e5l som att uppskatta skatter och frakt<\/li><li>Leveransadress: Vi ber dig att ange detta s\u00e5 att vi till exempel kan uppskatta frakten innan du g\u00f6r en best\u00e4llning och skicka dig best\u00e4llningen!<\/li><\/ul><p>Vi anv\u00e4nder ocks\u00e5 cookies f\u00f6r att h\u00e5lla reda p\u00e5 inneh\u00e5llet i kundvagnen medan du surfar p\u00e5 v\u00e5r webbplats.<\/p><p>N\u00e4r du k\u00f6per fr\u00e5n oss ber vi dig att ange information, inklusive namn, faktureringsadress, leveransadress, e-postadress, telefonnummer, kreditkorts-\/betalningsuppgifter och valfri kontoinformation som anv\u00e4ndarnamn och l\u00f6senord. Vi anv\u00e4nder den h\u00e4r informationen f\u00f6r \u00e4ndam\u00e5l, till exempel f\u00f6r att:<\/p><ul class=\"wp-block-list\"><li>Skicka information om ditt konto och din best\u00e4llning<\/li><li>Svara p\u00e5 dina \u00f6nskem\u00e5l, inklusive \u00e5terbetalningar och klagom\u00e5l<\/li><li>Behandla betalningar och f\u00f6rhindra bedr\u00e4gerier<\/li><li>Konfigurera ditt konto f\u00f6r v\u00e5r butik<\/li><li>Uppfylla alla r\u00e4ttsliga skyldigheter vi har, s\u00e5som ber\u00e4kning av skatter<\/li><li>F\u00f6rb\u00e4ttra v\u00e5ra butikserbjudanden<\/li><li>Skicka marknadsf\u00f6ringsmeddelanden till dig om du v\u00e4ljer att ta emot dem<\/li><\/ul><p>Om du skapar ett konto lagrar vi ditt namn, adress, e-postadress och telefonnummer, som kommer att anv\u00e4ndas f\u00f6r att fylla i kassan f\u00f6r framtida best\u00e4llningar.<\/p><p>Vi lagrar i allm\u00e4nhet information om dig s\u00e5 l\u00e4nge vi beh\u00f6ver informationen f\u00f6r de \u00e4ndam\u00e5l f\u00f6r vilka vi samlar in och anv\u00e4nder den, och vi \u00e4r inte juridiskt skyldiga att forts\u00e4tta att beh\u00e5lla den. Vi lagrar till exempel orderinformation f\u00f6r XXX \u00e5r f\u00f6r skatte- och redovisnings\u00e4ndam\u00e5l. Detta inkluderar ditt namn, e-postadress och fakturerings- och leveransadresser.<\/p><p>Vi kommer ocks\u00e5 att lagra kommentarer eller recensioner, om du v\u00e4ljer att l\u00e4mna dem.<\/p><h2 class=\"wp-block-heading\">Vem i v\u00e5rt team har tillg\u00e5ng<\/h2><p>Medlemmar i v\u00e5rt team har tillg\u00e5ng till den information du ger oss. B\u00e5de administrat\u00f6rer och butikschefer kan till exempel komma \u00e5t:<\/p><ul class=\"wp-block-list\"><li>Best\u00e4ll information som vad som k\u00f6ptes, n\u00e4r den k\u00f6ptes och var den skulle skickas, och<\/li><li>Kundinformation som ditt namn, e-postadress samt fakturerings- och leveransinformation.<\/li><\/ul><p>V\u00e5ra teammedlemmar har tillg\u00e5ng till denna information f\u00f6r att hj\u00e4lpa till att uppfylla best\u00e4llningar, behandla \u00e5terbetalningar och st\u00f6dja dig.<\/p><h2 class=\"wp-block-heading\">Vad vi delar med andra<\/h2><p>Vi delar information med tredje part som hj\u00e4lper oss att tillhandah\u00e5lla v\u00e5ra best\u00e4llningar och lagra tj\u00e4nster till dig; till exempel &#8212;<\/p><h3 class=\"wp-block-heading\">Betalningar<\/h3><p>Vi accepterar betalningar via PayPal. Vid bearbetning av betalningar skickas en del av dina uppgifter till PayPal, inklusive information som kr\u00e4vs f\u00f6r att behandla eller st\u00f6dja betalningen, till exempel ink\u00f6pssumman och faktureringsinformationen.<\/p><p>Se <a href=\"https:\/\/www.paypal.com\/us\/webapps\/mpp\/ua\/privacy-full\">PayPals sekretesspolicy<\/a> f\u00f6r mer information.<\/p><p>Vi accepterar betalningar via DPO Think Payment. Vid bearbetning av betalningar skickas en del av dina uppgifter till PayPal, inklusive information som kr\u00e4vs f\u00f6r att behandla eller st\u00f6dja betalningen, till exempel ink\u00f6pssumman och faktureringsinformationen.<\/p><p>Se <a href=\"https:\/\/www.dpogroup.com\/africa\/terms-conditions\/\">DPO Think Payment Sekretesspolicy<\/a> f\u00f6r mer information.<\/p><h3 class=\"wp-block-heading\">WPML \u00d6vers\u00e4ttningar<\/h3><p>WPML Media Translation skickar e-postadressen och namnet p\u00e5 varje chef och tilldelade \u00f6vers\u00e4ttare samt sj\u00e4lva inneh\u00e5llet till Advanced Translation Editor och till de \u00f6vers\u00e4ttningstj\u00e4nster som anv\u00e4nds.<\/p><p>WooCommerce Multilingual anv\u00e4nder cookies f\u00f6r att f\u00f6rst\u00e5 korgsinformationen n\u00e4r du anv\u00e4nder spr\u00e5k i dom\u00e4ner och f\u00f6r att \u00f6verf\u00f6ra data mellan dom\u00e4nerna.<\/p><h3 class=\"wp-block-heading\">WooCommerce Flerspr\u00e5kig<\/h3><p>WooCommerce Multilingual kommer ocks\u00e5 att anv\u00e4nda cookies f\u00f6r att identifiera spr\u00e5ket och valutan f\u00f6r varje kunds best\u00e4llning samt valutan i de rapporter som skapats av WooCommerce. WooCommerce Multilingual ut\u00f6kar dessa rapporter genom att l\u00e4gga till valutans information.<\/p><h3 class=\"wp-block-heading\">Kassan f\u00f6r betala pal<\/h3><p>Genom att anv\u00e4nda det h\u00e4r till\u00e4gget kan du lagra personuppgifter eller dela data med en extern tj\u00e4nst. <a rel=\"noreferrer noopener\" href=\"https:\/\/docs.woocommerce.com\/document\/privacy-payments\/#woocommerce-gateway-paypal-express-checkout\" target=\"_blank\">L\u00e4s mer om hur detta fungerar, inklusive vad du kanske vill ta med i din sekretesspolicy.<\/a><\/p><h3 class=\"wp-block-heading\">Stripe<\/h3><p>Genom att anv\u00e4nda det h\u00e4r till\u00e4gget kan du lagra personuppgifter eller dela data med en extern tj\u00e4nst. <a rel=\"noreferrer noopener\" href=\"https:\/\/docs.woocommerce.com\/document\/privacy-payments\/#woocommerce-gateway-stripe\" target=\"_blank\">L\u00e4s mer om hur detta fungerar, inklusive vad du kanske vill ta med i din sekretesspolicy.<\/a><\/p><h3 class=\"wp-block-heading\">Woo Commerce Tj\u00e4nster<\/h3><p>Genom att anv\u00e4nda det h\u00e4r till\u00e4gget kan du lagra personuppgifter eller dela data med externa tj\u00e4nster. <a rel=\"noreferrer noopener\" href=\"https:\/\/jetpack.com\/support\/for-your-privacy-policy\/#woocommerce-services\" target=\"_blank\">L\u00e4s mer om hur detta fungerar, inklusive vad du kanske vill ta med i din sekretesspolicy.<\/a><\/p><h3 class=\"wp-block-heading\">Loco \u00d6vers\u00e4tt<\/h3><p>Denna plugin samlar inte in n\u00e5gra data fr\u00e5n offentliga webbplatsbes\u00f6kare.<br\/>Administrat\u00f6rer och revisorer kanske vill granska Locos <a href=\"https:\/\/localise.biz\/wordpress\/plugin\/privacy\">sekretessmeddelande f\u00f6r plugin.<\/a><\/p><h2 class=\"wp-block-heading\">Om du anv\u00e4nder Google Web Fonts (standard) eller spelar upp videor eller ljud via YouTube eller Vimeo i Slider Revolution rekommenderar vi att du l\u00e4gger till motsvarande textfras till din sekretesspolis:<\/h2><h3 class=\"wp-block-heading\">Youtube<\/h3><p>V\u00e5r webbplats anv\u00e4nder plugins fr\u00e5n YouTube, som drivs av Google. Operat\u00f6ren av sidorna \u00e4r YouTube LLC, 901 Cherry Ave., San Bruno, CA 94066, USA.<\/p><p>Om du bes\u00f6ker en av v\u00e5ra sidor med en YouTube-plugin uppr\u00e4ttas en anslutning till YouTube-servrarna. H\u00e4r informeras YouTube-servern om vilka av v\u00e5ra sidor du har bes\u00f6kt.<\/p><p>Om du \u00e4r inloggad p\u00e5 ditt YouTube-konto kan du med YouTube koppla ditt surfbeteende direkt till din personliga profil. Du kan f\u00f6rhindra detta genom att logga ut fr\u00e5n ditt YouTube-konto.<\/p><p>YouTube anv\u00e4nds f\u00f6r att g\u00f6ra v\u00e5r webbplats tilltalande. Detta utg\u00f6r ett ber\u00e4ttigat intresse enligt art. 6 (1) f) DSGVO.<\/p><p>Ytterligare information om hantering av anv\u00e4ndardata finns i YouTubes dataskyddsdeklaration under <a href=\"https:\/\/www.google.de\/intl\/de\/policies\/privacy\" target=\"_blank\" rel=\"noreferrer noopener\">https:\/\/www.google.de\/intl\/de\/policies\/privacy<\/a>.<\/p><h3 class=\"wp-block-heading\">Vimeo<\/h3><p>V\u00e5r webbplats anv\u00e4nder funktioner som tillhandah\u00e5lls av Vimeo videoportal. Denna tj\u00e4nst tillhandah\u00e5lls av Vimeo Inc., 555 West 18th Street, New York, New York 10011, USA.<\/p><p>Om du bes\u00f6ker en av v\u00e5ra sidor med en Vimeo plugin, uppr\u00e4ttas en anslutning till Vimeo servrar. H\u00e4r vimeo servern informeras om vilka av v\u00e5ra sidor du har bes\u00f6kt. Dessutom kommer Vimeo att f\u00e5 din IP-adress. Detta g\u00e4ller \u00e4ven om du inte \u00e4r inloggad p\u00e5 Vimeo n\u00e4r du bes\u00f6ker v\u00e5r plugin eller inte har ett Vimeo-konto. Informationen \u00f6verf\u00f6rs till en Vimeo-server i USA, d\u00e4r den lagras.<\/p><p>Om du \u00e4r inloggad p\u00e5 ditt Vimeo-konto kan du med Vimeo koppla ditt surfbeteende direkt till din personliga profil. Du kan f\u00f6rhindra detta genom att logga ut fr\u00e5n ditt Vimeo-konto.<\/p><p>Mer information om hur du hanterar anv\u00e4ndardata finns i Vimeos sekretesspolicy p\u00e5 <a href=\"https:\/\/vimeo.com\/privacy\" target=\"_blank\" rel=\"noreferrer noopener\">https:\/\/vimeo.com\/privacy<\/a>.<\/p><h3 class=\"wp-block-heading\">Googles webbteckensnitt<\/h3><p>F\u00f6r enhetlig representation av teckensnitt anv\u00e4nder den h\u00e4r sidan webbteckensnitt som tillhandah\u00e5lls av Google. N\u00e4r du \u00f6ppnar en sida l\u00e4ser webbl\u00e4saren in de webbteckensnitt som kr\u00e4vs i webbl\u00e4sarens cacheminne f\u00f6r att visa texter och teckensnitt korrekt.<\/p><p>F\u00f6r detta \u00e4ndam\u00e5l din webbl\u00e4sare har att uppr\u00e4tta en direkt anslutning till Googles servrar. Google blir d\u00e4rmed medveten om att v\u00e5r webbsida har n\u00e5s via din IP-adress. Anv\u00e4ndningen av Googles webbteckensnitt g\u00f6rs i intresse av en enhetlig och attraktiv presentation av v\u00e5r plugin. Detta utg\u00f6r ett ber\u00e4ttigat intresse enligt art. 6 (1) f) DSGVO.<\/p><p>Om webbl\u00e4saren inte st\u00f6der webbteckensnitt anv\u00e4nds ett standardteckensnitt av datorn.<\/p><p>Mer information om hantering av anv\u00e4ndardata finns p\u00e5 <a href=\"https:\/\/developers.google.com\/fonts\/faq\" target=\"_blank\" rel=\"noreferrer noopener\">https:\/\/developers.google.com\/fonts\/faq<\/a> och i Googles sekretesspolicy p\u00e5 <a href=\"https:\/\/www.google.com\/policies\/privacy\/\" target=\"_blank\" rel=\"noreferrer noopener\">https:\/\/www.google.com\/policies\/privacy\/<\/a>.<\/p><h3 class=\"wp-block-heading\">Soundcloud<\/h3><p>P\u00e5 v\u00e5ra sidor kan plugins av SoundCloud sociala n\u00e4tverk (SoundCloud Limited, Berners House, 47-48 Berners Street, London W1T 3NF, UK) integreras. SoundCloud-instickspluginerna kan k\u00e4nnas igen av SoundCloud-logotypen p\u00e5 v\u00e5r webbplats.<\/p><p>N\u00e4r du bes\u00f6ker v\u00e5r webbplats uppr\u00e4ttas en direkt anslutning mellan din webbl\u00e4sare och SoundCloud-servern via insticksprogrammet. Detta g\u00f6r det m\u00f6jligt f\u00f6r SoundCloud att f\u00e5 information som du har bes\u00f6kt v\u00e5r webbplats fr\u00e5n din IP-adress. Om du klickar p\u00e5 knapparna &#8221;Gilla&#8221; eller &#8221;Dela&#8221; medan du \u00e4r inloggad p\u00e5 ditt SoundCloud-konto kan du l\u00e4nka inneh\u00e5llet p\u00e5 v\u00e5ra sidor till din SoundCloud-profil. Det inneb\u00e4r att SoundCloud kan koppla bes\u00f6k till v\u00e5ra sidor till ditt anv\u00e4ndarkonto. Vi vill p\u00e5peka att vi som leverant\u00f6r av dessa sidor inte har n\u00e5gon kunskap om inneh\u00e5llet i de data som \u00f6verf\u00f6rs eller hur de kommer att anv\u00e4ndas av SoundCloud. Mer information om SoundClouds sekretesspolicy finns i https:\/\/soundcloud.com\/pages\/privacy.<\/p><p>Om du inte vill att SoundCloud ska koppla ditt bes\u00f6k till v\u00e5r webbplats med ditt SoundCloud-konto loggar du ut fr\u00e5n ditt SoundCloud-konto.<\/p>","protected":false},"excerpt":{"rendered":"<p>Vilka vi \u00e4r V\u00e5r hemsida adress \u00e4r: http:\/\/mauritius-direct.com V\u00e5rt f\u00f6retag \u00e4r: Owners United Ltd.Suite 206, Eden PlazaEden IslandMaheRepublic of SeychellesCompany Number: 104325 Email: contact at mauritius-direct.com Vilka personuppgifter vi samlar in och varf\u00f6r vi samlar in dem Kommentarer N\u00e4r bes\u00f6kare l\u00e4mnar synpunkter p\u00e5 webbplatsen vi samlar in data som visas i formul\u00e4ret kommentarer, och \u00e4ven &#8230;<\/p>\n","protected":false},"author":1,"featured_media":0,"parent":0,"menu_order":0,"comment_status":"closed","ping_status":"open","template":"","meta":{"inline_featured_image":false,"footnotes":""},"class_list":["post-79730","page","type-page","status-publish","hentry"],"yoast_head":"<!-- This site is optimized with the Yoast SEO plugin v24.4 - https:\/\/yoast.com\/wordpress\/plugins\/seo\/ -->\n<title>Sekretesspolicy - Mauritius Direct - we rent private villas directly from owners<\/title>\n<meta name=\"description\" content=\"we rent private villas directly from owners - Search for Holiday Houses and Villas for Rent in the Indian Ocean with Mauritius Direct\" \/>\n<meta name=\"robots\" content=\"index, follow, max-snippet:-1, max-image-preview:large, max-video-preview:-1\" \/>\n<link rel=\"canonical\" href=\"https:\/\/mauritius-direct.com\/sv\/privacy-policy\/\" \/>\n<meta property=\"og:locale\" content=\"sv_SE\" \/>\n<meta property=\"og:type\" content=\"article\" \/>\n<meta property=\"og:title\" content=\"Sekretesspolicy - Mauritius Direct - we rent private villas directly from owners\" \/>\n<meta property=\"og:description\" content=\"we rent private villas directly from owners - Search for Holiday Houses and Villas for Rent in the Indian Ocean with Mauritius Direct\" \/>\n<meta property=\"og:url\" content=\"https:\/\/mauritius-direct.com\/sv\/privacy-policy\/\" \/>\n<meta property=\"og:site_name\" content=\"Mauritius Direct\" \/>\n<meta property=\"article:modified_time\" content=\"2020-04-15T13:24:50+00:00\" \/>\n<meta name=\"twitter:card\" content=\"summary_large_image\" \/>\n<meta name=\"twitter:label1\" content=\"Ber\u00e4knad l\u00e4stid\" \/>\n\t<meta name=\"twitter:data1\" content=\"12 minuter\" \/>\n<script type=\"application\/ld+json\" class=\"yoast-schema-graph\">{\"@context\":\"https:\/\/schema.org\",\"@graph\":[{\"@type\":\"WebPage\",\"@id\":\"https:\/\/mauritius-direct.com\/sv\/privacy-policy\/\",\"url\":\"https:\/\/mauritius-direct.com\/sv\/privacy-policy\/\",\"name\":\"Sekretesspolicy - Mauritius Direct - we rent private villas directly from owners\",\"isPartOf\":{\"@id\":\"https:\/\/mauritius-direct.com\/sv\/#website\"},\"datePublished\":\"2020-02-28T14:26:50+00:00\",\"dateModified\":\"2020-04-15T13:24:50+00:00\",\"description\":\"we rent private villas directly from owners - Search for Holiday Houses and Villas for Rent in the Indian Ocean with Mauritius Direct\",\"inLanguage\":\"sv-SE\",\"potentialAction\":[{\"@type\":\"ReadAction\",\"target\":[\"https:\/\/mauritius-direct.com\/sv\/privacy-policy\/\"]}]},{\"@type\":\"WebSite\",\"@id\":\"https:\/\/mauritius-direct.com\/sv\/#website\",\"url\":\"https:\/\/mauritius-direct.com\/sv\/\",\"name\":\"Mauritius Direct\",\"description\":\"we rent private villas directly from owners\",\"publisher\":{\"@id\":\"https:\/\/mauritius-direct.com\/sv\/#organization\"},\"potentialAction\":[{\"@type\":\"SearchAction\",\"target\":{\"@type\":\"EntryPoint\",\"urlTemplate\":\"https:\/\/mauritius-direct.com\/sv\/?s={search_term_string}\"},\"query-input\":{\"@type\":\"PropertyValueSpecification\",\"valueRequired\":true,\"valueName\":\"search_term_string\"}}],\"inLanguage\":\"sv-SE\"},{\"@type\":\"Organization\",\"@id\":\"https:\/\/mauritius-direct.com\/sv\/#organization\",\"name\":\"Mauritius Direct\",\"url\":\"https:\/\/mauritius-direct.com\/sv\/\",\"logo\":{\"@type\":\"ImageObject\",\"inLanguage\":\"sv-SE\",\"@id\":\"https:\/\/mauritius-direct.com\/sv\/#\/schema\/logo\/image\/\",\"url\":\"https:\/\/mauritius-direct.com\/wp-content\/uploads\/2020\/03\/logo.png\",\"contentUrl\":\"https:\/\/mauritius-direct.com\/wp-content\/uploads\/2020\/03\/logo.png\",\"width\":522,\"height\":50,\"caption\":\"Mauritius Direct\"},\"image\":{\"@id\":\"https:\/\/mauritius-direct.com\/sv\/#\/schema\/logo\/image\/\"}}]}<\/script>\n<!-- \/ Yoast SEO plugin. -->","yoast_head_json":{"title":"Sekretesspolicy - Mauritius Direct - we rent private villas directly from owners","description":"we rent private villas directly from owners - Search for Holiday Houses and Villas for Rent in the Indian Ocean with Mauritius Direct","robots":{"index":"index","follow":"follow","max-snippet":"max-snippet:-1","max-image-preview":"max-image-preview:large","max-video-preview":"max-video-preview:-1"},"canonical":"https:\/\/mauritius-direct.com\/sv\/privacy-policy\/","og_locale":"sv_SE","og_type":"article","og_title":"Sekretesspolicy - Mauritius Direct - we rent private villas directly from owners","og_description":"we rent private villas directly from owners - Search for Holiday Houses and Villas for Rent in the Indian Ocean with Mauritius Direct","og_url":"https:\/\/mauritius-direct.com\/sv\/privacy-policy\/","og_site_name":"Mauritius Direct","article_modified_time":"2020-04-15T13:24:50+00:00","twitter_card":"summary_large_image","twitter_misc":{"Ber\u00e4knad l\u00e4stid":"12 minuter"},"schema":{"@context":"https:\/\/schema.org","@graph":[{"@type":"WebPage","@id":"https:\/\/mauritius-direct.com\/sv\/privacy-policy\/","url":"https:\/\/mauritius-direct.com\/sv\/privacy-policy\/","name":"Sekretesspolicy - Mauritius Direct - we rent private villas directly from owners","isPartOf":{"@id":"https:\/\/mauritius-direct.com\/sv\/#website"},"datePublished":"2020-02-28T14:26:50+00:00","dateModified":"2020-04-15T13:24:50+00:00","description":"we rent private villas directly from owners - Search for Holiday Houses and Villas for Rent in the Indian Ocean with Mauritius Direct","inLanguage":"sv-SE","potentialAction":[{"@type":"ReadAction","target":["https:\/\/mauritius-direct.com\/sv\/privacy-policy\/"]}]},{"@type":"WebSite","@id":"https:\/\/mauritius-direct.com\/sv\/#website","url":"https:\/\/mauritius-direct.com\/sv\/","name":"Mauritius Direct","description":"we rent private villas directly from owners","publisher":{"@id":"https:\/\/mauritius-direct.com\/sv\/#organization"},"potentialAction":[{"@type":"SearchAction","target":{"@type":"EntryPoint","urlTemplate":"https:\/\/mauritius-direct.com\/sv\/?s={search_term_string}"},"query-input":{"@type":"PropertyValueSpecification","valueRequired":true,"valueName":"search_term_string"}}],"inLanguage":"sv-SE"},{"@type":"Organization","@id":"https:\/\/mauritius-direct.com\/sv\/#organization","name":"Mauritius Direct","url":"https:\/\/mauritius-direct.com\/sv\/","logo":{"@type":"ImageObject","inLanguage":"sv-SE","@id":"https:\/\/mauritius-direct.com\/sv\/#\/schema\/logo\/image\/","url":"https:\/\/mauritius-direct.com\/wp-content\/uploads\/2020\/03\/logo.png","contentUrl":"https:\/\/mauritius-direct.com\/wp-content\/uploads\/2020\/03\/logo.png","width":522,"height":50,"caption":"Mauritius Direct"},"image":{"@id":"https:\/\/mauritius-direct.com\/sv\/#\/schema\/logo\/image\/"}}]}},"_links":{"self":[{"href":"https:\/\/mauritius-direct.com\/sv\/wp-json\/wp\/v2\/pages\/79730","targetHints":{"allow":["GET"]}}],"collection":[{"href":"https:\/\/mauritius-direct.com\/sv\/wp-json\/wp\/v2\/pages"}],"about":[{"href":"https:\/\/mauritius-direct.com\/sv\/wp-json\/wp\/v2\/types\/page"}],"author":[{"embeddable":true,"href":"https:\/\/mauritius-direct.com\/sv\/wp-json\/wp\/v2\/users\/1"}],"replies":[{"embeddable":true,"href":"https:\/\/mauritius-direct.com\/sv\/wp-json\/wp\/v2\/comments?post=79730"}],"version-history":[{"count":0,"href":"https:\/\/mauritius-direct.com\/sv\/wp-json\/wp\/v2\/pages\/79730\/revisions"}],"wp:attachment":[{"href":"https:\/\/mauritius-direct.com\/sv\/wp-json\/wp\/v2\/media?parent=79730"}],"curies":[{"name":"wp","href":"https:\/\/api.w.org\/{rel}","templated":true}]}}