{"id":79758,"date":"2015-04-23T12:57:21","date_gmt":"2015-04-23T12:57:21","guid":{"rendered":"https:\/\/mauritius-direct.com\/terms-and-conditions\/"},"modified":"2021-12-23T19:03:10","modified_gmt":"2021-12-23T18:03:10","slug":"terms-and-conditions","status":"publish","type":"page","link":"https:\/\/mauritius-direct.com\/it\/terms-and-conditions\/","title":{"rendered":"Termini e condizioni"},"content":{"rendered":"\t\t<div data-elementor-type=\"wp-page\" data-elementor-id=\"79758\" class=\"elementor elementor-79758 elementor-356\">\n\t\t\t\t\t\t<section class=\"elementor-section elementor-top-section elementor-element elementor-element-5510a465 elementor-section-boxed elementor-section-height-default elementor-section-height-default\" data-id=\"5510a465\" data-element_type=\"section\">\n\t\t\t\t\t\t<div class=\"elementor-container elementor-column-gap-default\">\n\t\t\t\t\t<div class=\"elementor-column elementor-col-100 elementor-top-column elementor-element elementor-element-2e3df7cb\" data-id=\"2e3df7cb\" data-element_type=\"column\">\n\t\t\t<div class=\"elementor-widget-wrap elementor-element-populated\">\n\t\t\t\t\t\t<div class=\"elementor-element elementor-element-13a78b9f elementor-widget elementor-widget-text-editor\" data-id=\"13a78b9f\" data-element_type=\"widget\" data-widget_type=\"text-editor.default\">\n\t\t\t\t<div class=\"elementor-widget-container\">\n\t\t\t\t\t\t\t\t\t<p><strong>Criteri relativi alle circostanze attenuanti<\/strong><\/p>\n<p><b>Quali prenotazioni sono coperte<\/b><\/p>\n<p><b>Prenotazioni effettuate entro il 14 marzo 2020<\/b><\/p>\n<p>Le prenotazioni per soggiorni effettuati entro il 14 marzo 2020, con una data di check-in compresa tra il 14 marzo 2020 e il 15 luglio 2020, possono essere cancellate prima del check-in. Ci\u00f2 significa che gli ospiti che annullano in base alla politica riceveranno un rimborso completo in contanti o un credito di viaggio per l&#8217;importo pagato (dove \u00e8 disponibile il credito di viaggio), meno una commissione di servizio dell&#8217;8% e rimborseremo o emetteremo credito di viaggio.<\/p>\n<p>Le prenotazioni per soggiorni effettuati entro il 14 marzo 2020, con data di check-in successiva al 15 luglio 2020, non sono attualmente coperte dalle circostanze attenuanti legate al COVID-19. La politica di cancellazione si applicher\u00e0 come al solito.<\/p>\n<p>Se una prenotazione \u00e8 gi\u00e0 iniziata (il check-in \u00e8 passato) questa circostanza attenuante non si applica.<\/p>\n<p><b>Prenotazioni effettuate dopo il 14 marzo 2020<\/b><\/p>\n<p>Le prenotazioni per soggiorni effettuati dopo il 14 marzo 2020 non saranno coperte dalla nostra politica sulle circostanze attenuanti, tranne nel caso in cui l&#8217;ospite o l&#8217;host sia attualmente malato di COVID-19. Le circostanze correlate al COVID-19 non coperte includono: interruzioni e cancellazioni del trasporto; avvisi e restrizioni di viaggio; avvisi sanitari e quarantene; modifiche alla legge applicabile; e altri mandati governativi, come ordini di evacuazione, chiusure delle frontiere, divieti di affitti a breve termine e requisiti di riparo sul posto. La politica di cancellazione si applicher\u00e0 come al solito.<\/p>\n<p>La nostra politica sulle circostanze attenuanti ha lo scopo di proteggere gli ospiti e gli host da circostanze impreviste che si verificano dopo la prenotazione. Dopo la dichiarazione di COVID-19 come pandemia globale da parte dell&#8217;Organizzazione mondiale della sanit\u00e0, la politica delle circostanze attenuanti non si applica pi\u00f9 perch\u00e9 COVID-19 e le sue conseguenze non sono pi\u00f9 impreviste o inaspettate.<span class=\"Apple-converted-space\"> <\/span><\/p>\n<p><strong>CONTRATTO DI NOLEGGIO<\/strong><\/p>\n<p>Il presente Contratto di Noleggio \u00e8 un accordo giuridicamente vincolante a partire dal primo pagamento in poi.<\/p>\n<p>Ospite ha accettato di affittare la residenza come descritto sulla pubblicit\u00e0, per la durata del periodo di noleggio per la tassa di noleggio totale e altre considerazioni buone e preziose come descritto qui. Il pagamento della prenotazione serve come firma e accettazione di questo contratto di noleggio.<\/p>\n<p><strong>Occupazione<\/strong><\/p>\n<p>L&#8217;ospite accetta che non siano ammesse pi\u00f9 persone di quelle scritte sul modulo di prenotazione<\/p>\n<p>propriet\u00e0 in qualsiasi momento durante il periodo di noleggio, tutti i quali devono rispettare le condizioni e le restrizioni imposte agli Ospiti ai sensi del presente Contratto, a meno che non sia stato autorizzato dall&#8217;Agente di Noleggio\/Proprietario dell&#8217;Immobile<\/p>\n<p>Gli ospiti aggiuntivi saranno addebitati per intero in base ai termini e alle condizioni.<\/p>\n<p>I visitatori non sono ammessi. Un&#8217;inchiesta scritta deve essere presentata all&#8217;agente di noleggio\/Propriet\u00e0.<\/p>\n<p><strong>POLITICA DI ANNULLAMENTO<\/strong><\/p>\n<p>Al momento della prenotazione \u00e8 richiesto un deposito non rimborsabile pari al 50%.<\/p>\n<p>Il saldo non rimborsabile del 50% \u00e8 dovuto entro e non oltre 60 giorni prima dell&#8217;arrivo<\/p>\n<p>L&#8217;agente di noleggio\/ proprietario della propriet\u00e0 si riserva il diritto di annullare la prenotazione se il pagamento non viene effettuato a tempo debito.<\/p>\n<p>Consigliamo a tutti gli ospiti di avere l&#8217;assicurazione di viaggio richiesta che copre la cancellazione, il furto, la malattia e l&#8217;incidente. Si prega di leggere la piccola stampa della vostra polizza assicurativa prima di viaggiare per assicurarsi di avere la copertina corretta.<\/p>\n<p><strong>FORCE MAJEURE<\/strong><\/p>\n<p>L&#8217;agente di noleggio\/proprietario di propriet\u00e0 non pu\u00f2 assumersi la responsabilit\u00e0 o pagare alcun compenso qualora l&#8217;esecuzione o la tempestiva esecuzione del contratto di prenotazione sia impedita o influenzata dal motivo delle circostanze che equivalgono a &#8220;forza maggiore&#8221;.<\/p>\n<p>Le circostanze che equivalgono alla &#8220;forza maggiore&#8221; includono qualsiasi evento che non abbiamo potuto, anche con la dovuta cura, prevedere o evitare. Tali circostanze includono la distruzione o il danno del vostro alloggio (che non pu\u00f2 ragionevolmente essere rimediato a uno standard soddisfacente prima dell&#8217;inizio del vostro soggiorno) attraverso incendi, inondazioni, esplosioni, tempeste o altri danni atmosferici, effrazioni, danni penali, sommosse o conflitti civili, azione industriale, naturale o nucleare, incendio, condizioni meteorologiche avverse, guerra o minaccia di guerra, attivit\u00e0 terroristiche reali o minacciate , epidemia e tutte le situazioni simili al di fuori del nostro controllo.<\/p>\n<p>Si \u00e8 esplicitamente convenuto che un evento di forza maggiore sospende gli obblighi del agente di noleggio \/ proprietario della propriet\u00e0. Gli ospiti devono pagare spese aggiuntive che potrebbero essere sostenute per qualsiasi cambiamento di voli, alloggio, noleggio auto ect in seguito all&#8217;evento di forza maggiore.<\/p>\n<p><strong>ASSEGNAZIONE O SUBLEASE<\/strong><\/p>\n<p>L&#8217;ospite non pu\u00f2 assegnare o subaffittare la Propriet\u00e0 o consentire l&#8217;uso di qualsiasi parte della Propriet\u00e0 da parte di altre persone che non sono membri della famiglia o ospiti dell&#8217;ospite e inclusi nel numero di e come occupanti ammessi ai sensi del presente Contratto.<\/p>\n<p>Solo il personale di casa ha accesso alla villa (nessuna massaggiatrice, pescatore ecc. diverso da quello consentito dall&#8217;agente di noleggio \/ proprietario della propriet\u00e0)<\/p>\n<p><strong>CRITERI DI ARCHIVIAZIONE\/ESTRAZIONE<\/strong><\/p>\n<p>Check-in: dalle 14:00 alle 16:00 (tassa extra per il check-in successivo; ultimo check-in 21:00)<\/p>\n<p>Check-out: 10:00 (il soggiorno notturno completo verr\u00e0 addebitato per il check-out successivo e solo se prenotato in anticipo)<\/p>\n<p><strong>CONDIZIONE E USO DELLA PROPRIET\u00c0<\/strong><\/p>\n<p>La propriet\u00e0 viene fornita nella condizione &#8220;cos\u00ec com&#8217;\u00e8&#8221;. L&#8217;agente di noleggio \/ proprietario della propriet\u00e0 deve fare del suo meglio per garantire il funzionamento di tutti i servizi della propriet\u00e0, come l&#8217;accesso a Internet, l&#8217;accesso alla TV via satellite o via cavo o le vasche idromassaggio, caminetti, a quanto applicabile. L&#8217;agente di noleggio \/ proprietario della propriet\u00e0 non \u00e8 ritenuto responsabile per il mancato funzionamento di tali elementi, ma far\u00e0 ogni sforzo per correggere eventuali problemi il pi\u00f9 rapidamente possibile. Non verr\u00e0 applicato alcun rimborso.<\/p>\n<p>Ospite riconosce che l&#8217;uso di servizi come vasche idromassaggio, piscine, spa, camini, ponti, e simili possono essere potenzialmente pericolosi e comportano potenziali rischi, in particolare per quanto riguarda i bambini e tale uso \u00e8 a rischio proprio per l&#8217;ospite.<\/p>\n<p>Nessun minore deve essere lasciato incustodito nell&#8217;impostazione della propriet\u00e0. I bambini devono essere sotto la vostra sorveglianza. Si prega di incoraggiarli a rispettare la propriet\u00e0 e dintorni.<\/p>\n<p style=\"text-align: left;\">L&#8217;ospite deve utilizzare la propriet\u00e0 solo per scopi residenziali e in modo attento per evitare danni o perdite alla Propriet\u00e0 e mantenere la propriet\u00e0 in condizioni pulite e sanitarie in ogni momento. Gli ospiti e gli eventuali ospiti aggiuntivi autorizzati devono astenersi dal rumore forte e non devono disturbare, infastidire, mettere in pericolo o disturbare i vicini, n\u00e9 utilizzare la propriet\u00e0 per scopi immorali, offensivi o illeciti, n\u00e9 violare alcuna legge, regole di associazione o ordinanza, n\u00e9 commettere sprechi o disturbi sulla propriet\u00e0.<\/p>\n<p style=\"text-align: left;\"><strong>FIRE WORKS E CAMP FIRES NON SONO ALLOWED IN A PERIMETER OF 300 METERS AROUND THE ACCOMODATION And PROPERTY (BEACH INCLUDED)<\/strong><\/p>\n<p><strong>ARIA CONDIZIONATA<\/strong><\/p>\n<p>Le spese per l&#8217;elettricit\u00e0 sono incluse nei costi di noleggio. Le porte e le finestre devono essere chiuse quando l&#8217;aria condizionata \u00e8 accesa; le unit\u00e0 devono essere spente quando le camere non sono occupate. Se gli Ospiti desiderano lasciare che le unit\u00e0 funzionino tutto il giorno, verr\u00e0 effettuato un preventivo dell&#8217;elettricit\u00e0 aggiuntiva e il costo sar\u00e0 pagabile all&#8217;arrivo.<\/p>\n<p>Se l&#8217;uso dell&#8217;elettricit\u00e0 viene abusato, verr\u00e0 addebitata una tassa il giorno della partenza o dedotta dal Deposito.<\/p>\n<p>L&#8217;agente di noleggio \/ proprietario di propriet\u00e0 non pu\u00f2 essere ritenuto responsabile per la mancanza di personale di casa; non viene effettuato alcun rimborso.<\/p>\n<p>Cibo e bevande, la fornitura di pulizia non sono inclusi.<\/p>\n<p>Non fumare all&#8217;interno di tutto l&#8217;alloggio\/villa\/Cabina\/Appartment.<\/p>\n<p><strong>Cauzione<\/strong><\/p>\n<p>Un deposito cauzionale come indicato nella fattura \u00e8 pagabile con la prenotazione. Questo deposito sar\u00e0 rimborsato se la Villa sar\u00e0 trovata in buone condizioni. Per eventuali rotture o danni sar\u00e0 effettuata una detrazione.<\/p>\n<p>In caso di gravi danni alla casa\/propriet\u00e0\/mobili, verr\u00e0 chiamata la polizia.<\/p>\n<h3>L&#8217;assicurazione di viaggio per responsabilit\u00e0 personale \u00e8 obbligatoria. Gli ospiti saranno ritenuti finanziariamente responsabili per i danni che hanno causato a un&#8217;altra persona o la loro propriet\u00e0<\/h3>\n<p><strong>Predefinito<\/strong><\/p>\n<p>Se l&#8217;Ospite non rispetta le condizioni e gli obblighi del presente Contratto, l&#8217;Ospite deve cedere la Struttura, rimuovere tutte le propriet\u00e0 e i beni dell&#8217;ospite e lasciare la Propriet\u00e0 in buon ordine e priva di danni. Non viene effettuato alcun rimborso di alcuna parte della tassa di noleggio totale e, se \u00e8 necessaria un&#8217;azione legale, l&#8217;Ospite ha diritto al rimborso dell&#8217;agente di noleggio\/proprietario dell&#8217;immobile per tutte le spese sostenute.<\/p>\n<p><strong>RISK DI LOSS E INDEMNIFICATION<\/strong><\/p>\n<p>Gli ospiti concordano sul fatto che tutti i beni personali, gli arredi, gli effetti personali e gli altri oggetti portati nella struttura dall&#8217;ospite o i loro ospiti e visitatori ammessi devono essere a rischio esclusivo di Ospiti per caso furto, danneggiamento, distruzione o altro agente di affitto\/proprietario di propriet\u00e0 non devono essere responsabili o responsabili per qualsiasi motivo.<\/p>\n<p>Ospite con la presente alleanza e accetta di indennizzare e detenere innocuo agente di noleggio e i loro agenti, proprietari di propriet\u00e0, proprietari, successori, dipendenti e appaltatori da e contro eventuali costi, danni, passivit\u00e0, reclami, spese legali e altre azioni per eventuali danni, costi, spese legali sostenute da Ospiti, ospiti autorizzati, visitatori o agenti, rappresentanti o successori di Guest a causa di eventuali richieste relative alla distruzione di beni o lesioni a persone o perdita di vite umane subite da persone o perdite di vite umane subite da persone o perdite di vite umane subite da persone o perdite di vite umane<\/p>\n<p>Ospite o famiglia e visitatori di Ospite in o sulla propriet\u00e0 e l&#8217;ospite accetta espressamente di salvare e tenere innocuo l&#8217;agente di noleggio \/ proprietario della propriet\u00e0 innocuo in tutti questi casi.<\/p>\n<p><strong>Rilascio<\/strong><\/p>\n<p>Gli ospiti rinunciano e rilasciano reclami nei confronti dell&#8217;Agente di Noleggio\/Proprietario della Propriet\u00e0, e dei loro successori, assegnano, dipendenti o rappresentanti, ufficialmente o meno, per eventuali lesioni o morti che possono essere subite dall&#8217;ospite su o vicino o adiacente alla propriet\u00e0, comprese eventuali strutture comuni, attivit\u00e0 o servizi.<\/p>\n<p>Gli ospiti accettano di utilizzare tali strutture o servizi interamente su iniziativa, rischio e responsabilit\u00e0 dell&#8217;ospite.<\/p>\n<p><strong>INGRESSO E ISPEZIONE<\/strong><\/p>\n<p>Agente in affitto\/Proprietario di propriet\u00e0 si riserva il diritto di entrare nella Propriet\u00e0 in tempi ragionevoli e con ragionevole preavviso ai fini dell&#8217;ispezione della propriet\u00e0 o della mostra della Propriet\u00e0 a potenziali acquirenti, affittuari o altre persone autorizzate. Se l&#8217;agente di noleggio \/ proprietario di propriet\u00e0 ha una ragionevole convinzione che vi sia un pericolo imminente per qualsiasi persona o propriet\u00e0, L&#8217;agente di noleggio \/ proprietario dell&#8217;immobile pu\u00f2 entrare nella propriet\u00e0 senza preavviso.<\/p>\n<p><strong>SERVIZI EXTRA<\/strong><\/p>\n<p>Il Servizio Extra di una societ\u00e0 di terze parti, ad esempio il noleggio auto, il trasferimento aeroportuale, le escursioni, le escursioni in barca ect possono essere organizzati e prenotati dall&#8217;Agente di Noleggio\/ Proprietario della Propriet\u00e0 su richiesta dell&#8217;ospite;<\/p>\n<p>L&#8217;ospite capisce e riconosce che l&#8217;agente di noleggio\/proprietario di propriet\u00e0 non \u00e8 responsabile di ritardi\/difficolt\u00e0, incidenti, rapine che si verificano con qualsiasi societ\u00e0 di terze parti.<\/p>\n<p>L&#8217;ospite deve mettersi in contatto personalmente con l&#8217;agenzia di terze parti per riconfermare tutte le prenotazioni; I pagamenti sono effettuati dagli Ospiti direttamente alla societ\u00e0 terza.<\/p>\n\t\t\t\t\t\t\t\t<\/div>\n\t\t\t\t<\/div>\n\t\t\t\t\t<\/div>\n\t\t<\/div>\n\t\t\t\t\t<\/div>\n\t\t<\/section>\n\t\t\t\t<\/div>\n\t\t","protected":false},"excerpt":{"rendered":"<p>Criteri relativi alle circostanze attenuanti Quali prenotazioni sono coperte Prenotazioni effettuate entro il 14 marzo 2020 Le prenotazioni per soggiorni effettuati entro il 14 marzo 2020, con una data di check-in compresa tra il 14 marzo 2020 e il 15 luglio 2020, possono essere cancellate prima del check-in. Ci\u00f2 significa che gli ospiti che annullano &#8230;<\/p>\n","protected":false},"author":1,"featured_media":0,"parent":0,"menu_order":0,"comment_status":"closed","ping_status":"closed","template":"","meta":{"inline_featured_image":false,"footnotes":""},"class_list":["post-79758","page","type-page","status-publish","hentry"],"yoast_head":"<!-- This site is optimized with the Yoast SEO plugin v24.4 - https:\/\/yoast.com\/wordpress\/plugins\/seo\/ -->\n<title>Termini e condizioni - Mauritius Direct - ville in affitto direttamente dai proprietari<\/title>\n<meta name=\"description\" content=\"ville in affitto direttamente dai proprietari - Search for Holiday Houses and Villas for Rent in the Indian Ocean with Mauritius Direct\" \/>\n<meta name=\"robots\" content=\"index, follow, max-snippet:-1, max-image-preview:large, max-video-preview:-1\" \/>\n<link rel=\"canonical\" href=\"https:\/\/mauritius-direct.com\/it\/terms-and-conditions\/\" \/>\n<meta property=\"og:locale\" content=\"it_IT\" \/>\n<meta property=\"og:type\" content=\"article\" \/>\n<meta property=\"og:title\" content=\"Termini e condizioni - Mauritius Direct - ville in affitto direttamente dai proprietari\" \/>\n<meta property=\"og:description\" content=\"ville in affitto direttamente dai proprietari - Search for Holiday Houses and Villas for Rent in the Indian Ocean with Mauritius Direct\" \/>\n<meta property=\"og:url\" content=\"https:\/\/mauritius-direct.com\/it\/terms-and-conditions\/\" \/>\n<meta property=\"og:site_name\" content=\"Mauritius Direct\" \/>\n<meta property=\"article:modified_time\" content=\"2021-12-23T18:03:10+00:00\" \/>\n<meta name=\"twitter:card\" content=\"summary_large_image\" \/>\n<meta name=\"twitter:label1\" content=\"Tempo di lettura stimato\" \/>\n\t<meta name=\"twitter:data1\" content=\"9 minuti\" \/>\n<script type=\"application\/ld+json\" class=\"yoast-schema-graph\">{\"@context\":\"https:\/\/schema.org\",\"@graph\":[{\"@type\":\"WebPage\",\"@id\":\"https:\/\/mauritius-direct.com\/it\/terms-and-conditions\/\",\"url\":\"https:\/\/mauritius-direct.com\/it\/terms-and-conditions\/\",\"name\":\"Termini e condizioni - Mauritius Direct - ville in affitto direttamente dai proprietari\",\"isPartOf\":{\"@id\":\"https:\/\/mauritius-direct.com\/it\/#website\"},\"datePublished\":\"2015-04-23T12:57:21+00:00\",\"dateModified\":\"2021-12-23T18:03:10+00:00\",\"description\":\"ville in affitto direttamente dai proprietari - Search for Holiday Houses and Villas for Rent in the Indian Ocean with Mauritius Direct\",\"inLanguage\":\"it-IT\",\"potentialAction\":[{\"@type\":\"ReadAction\",\"target\":[\"https:\/\/mauritius-direct.com\/it\/terms-and-conditions\/\"]}]},{\"@type\":\"WebSite\",\"@id\":\"https:\/\/mauritius-direct.com\/it\/#website\",\"url\":\"https:\/\/mauritius-direct.com\/it\/\",\"name\":\"Mauritius Direct\",\"description\":\"ville in affitto direttamente dai proprietari\",\"publisher\":{\"@id\":\"https:\/\/mauritius-direct.com\/it\/#organization\"},\"potentialAction\":[{\"@type\":\"SearchAction\",\"target\":{\"@type\":\"EntryPoint\",\"urlTemplate\":\"https:\/\/mauritius-direct.com\/it\/?s={search_term_string}\"},\"query-input\":{\"@type\":\"PropertyValueSpecification\",\"valueRequired\":true,\"valueName\":\"search_term_string\"}}],\"inLanguage\":\"it-IT\"},{\"@type\":\"Organization\",\"@id\":\"https:\/\/mauritius-direct.com\/it\/#organization\",\"name\":\"Mauritius Direct\",\"url\":\"https:\/\/mauritius-direct.com\/it\/\",\"logo\":{\"@type\":\"ImageObject\",\"inLanguage\":\"it-IT\",\"@id\":\"https:\/\/mauritius-direct.com\/it\/#\/schema\/logo\/image\/\",\"url\":\"https:\/\/mauritius-direct.com\/wp-content\/uploads\/2020\/03\/logo.png\",\"contentUrl\":\"https:\/\/mauritius-direct.com\/wp-content\/uploads\/2020\/03\/logo.png\",\"width\":522,\"height\":50,\"caption\":\"Mauritius Direct\"},\"image\":{\"@id\":\"https:\/\/mauritius-direct.com\/it\/#\/schema\/logo\/image\/\"}}]}<\/script>\n<!-- \/ Yoast SEO plugin. -->","yoast_head_json":{"title":"Termini e condizioni - Mauritius Direct - ville in affitto direttamente dai proprietari","description":"ville in affitto direttamente dai proprietari - Search for Holiday Houses and Villas for Rent in the Indian Ocean with Mauritius Direct","robots":{"index":"index","follow":"follow","max-snippet":"max-snippet:-1","max-image-preview":"max-image-preview:large","max-video-preview":"max-video-preview:-1"},"canonical":"https:\/\/mauritius-direct.com\/it\/terms-and-conditions\/","og_locale":"it_IT","og_type":"article","og_title":"Termini e condizioni - Mauritius Direct - ville in affitto direttamente dai proprietari","og_description":"ville in affitto direttamente dai proprietari - Search for Holiday Houses and Villas for Rent in the Indian Ocean with Mauritius Direct","og_url":"https:\/\/mauritius-direct.com\/it\/terms-and-conditions\/","og_site_name":"Mauritius Direct","article_modified_time":"2021-12-23T18:03:10+00:00","twitter_card":"summary_large_image","twitter_misc":{"Tempo di lettura stimato":"9 minuti"},"schema":{"@context":"https:\/\/schema.org","@graph":[{"@type":"WebPage","@id":"https:\/\/mauritius-direct.com\/it\/terms-and-conditions\/","url":"https:\/\/mauritius-direct.com\/it\/terms-and-conditions\/","name":"Termini e condizioni - Mauritius Direct - ville in affitto direttamente dai proprietari","isPartOf":{"@id":"https:\/\/mauritius-direct.com\/it\/#website"},"datePublished":"2015-04-23T12:57:21+00:00","dateModified":"2021-12-23T18:03:10+00:00","description":"ville in affitto direttamente dai proprietari - Search for Holiday Houses and Villas for Rent in the Indian Ocean with Mauritius Direct","inLanguage":"it-IT","potentialAction":[{"@type":"ReadAction","target":["https:\/\/mauritius-direct.com\/it\/terms-and-conditions\/"]}]},{"@type":"WebSite","@id":"https:\/\/mauritius-direct.com\/it\/#website","url":"https:\/\/mauritius-direct.com\/it\/","name":"Mauritius Direct","description":"ville in affitto direttamente dai proprietari","publisher":{"@id":"https:\/\/mauritius-direct.com\/it\/#organization"},"potentialAction":[{"@type":"SearchAction","target":{"@type":"EntryPoint","urlTemplate":"https:\/\/mauritius-direct.com\/it\/?s={search_term_string}"},"query-input":{"@type":"PropertyValueSpecification","valueRequired":true,"valueName":"search_term_string"}}],"inLanguage":"it-IT"},{"@type":"Organization","@id":"https:\/\/mauritius-direct.com\/it\/#organization","name":"Mauritius Direct","url":"https:\/\/mauritius-direct.com\/it\/","logo":{"@type":"ImageObject","inLanguage":"it-IT","@id":"https:\/\/mauritius-direct.com\/it\/#\/schema\/logo\/image\/","url":"https:\/\/mauritius-direct.com\/wp-content\/uploads\/2020\/03\/logo.png","contentUrl":"https:\/\/mauritius-direct.com\/wp-content\/uploads\/2020\/03\/logo.png","width":522,"height":50,"caption":"Mauritius Direct"},"image":{"@id":"https:\/\/mauritius-direct.com\/it\/#\/schema\/logo\/image\/"}}]}},"_links":{"self":[{"href":"https:\/\/mauritius-direct.com\/it\/wp-json\/wp\/v2\/pages\/79758","targetHints":{"allow":["GET"]}}],"collection":[{"href":"https:\/\/mauritius-direct.com\/it\/wp-json\/wp\/v2\/pages"}],"about":[{"href":"https:\/\/mauritius-direct.com\/it\/wp-json\/wp\/v2\/types\/page"}],"author":[{"embeddable":true,"href":"https:\/\/mauritius-direct.com\/it\/wp-json\/wp\/v2\/users\/1"}],"replies":[{"embeddable":true,"href":"https:\/\/mauritius-direct.com\/it\/wp-json\/wp\/v2\/comments?post=79758"}],"version-history":[{"count":0,"href":"https:\/\/mauritius-direct.com\/it\/wp-json\/wp\/v2\/pages\/79758\/revisions"}],"wp:attachment":[{"href":"https:\/\/mauritius-direct.com\/it\/wp-json\/wp\/v2\/media?parent=79758"}],"curies":[{"name":"wp","href":"https:\/\/api.w.org\/{rel}","templated":true}]}}