{"id":79727,"date":"2020-02-28T14:26:50","date_gmt":"2020-02-28T14:26:50","guid":{"rendered":"https:\/\/mauritius-direct.com\/privacy-policy\/"},"modified":"2020-04-26T11:47:17","modified_gmt":"2020-04-26T10:47:17","slug":"privacy-policy","status":"publish","type":"page","link":"https:\/\/mauritius-direct.com\/it\/privacy-policy\/","title":{"rendered":"Informativa sulla privacy"},"content":{"rendered":"<h2 class=\"wp-block-heading\">Chi siamo<\/h2><p>Il nostro indirizzo web \u00e8: http:\/\/mauritius-direct.com<\/p><p>La nostra azienda \u00e8: <\/p><p><strong>Owners United Ltd.<\/strong><br\/>Suite 206, Eden Plaza<br\/>Eden Island<br\/>Mahe<br\/>Republic of Seychelles<br\/>Company Number: 104325<\/p><p>Email: contact at mauritius-direct.com<\/p><h2 class=\"wp-block-heading\">Quali dati personali raccogliamo e perch\u00e9 li raccogliamo<\/h2><h3 class=\"wp-block-heading\">Commenti<\/h3><p>Quando i visitatori lasciano commenti sul sito raccogliamo i dati mostrati nel modulo dei commenti, e anche l&#8217;indirizzo IP del visitatore e la stringa agente utente del browser per aiutare il rilevamento dello spam.<\/p><p>Una stringa anonima creata dal tuo indirizzo email (chiamato anche hash) pu\u00f2 essere fornita al servizio Gravatar per vedere se lo stai usando. L&#8217;informativa sulla privacy del servizio Gravatar \u00e8 disponibile qui: https:\/\/automattic.com\/privacy\/. Dopo l&#8217;approvazione del tuo commento, la tua immagine del profilo \u00e8 visibile al pubblico nel contesto del tuo commento.<\/p><h3 class=\"wp-block-heading\">medio<\/h3><p>Se carichi immagini sul sito web, dovresti evitare di caricare immagini con dati di posizione incorporati (EXIF GPS) inclusi. I visitatori del sito web possono scaricare ed estrarre qualsiasi dato di posizione dalle immagini sul sito web.<\/p><h3 class=\"wp-block-heading\">Moduli di contatto <\/h3><h3 class=\"wp-block-heading\">Biscotti<\/h3><p>Se lasci un commento sul nostro sito, puoi acconsentire esplicitamente a salvare il tuo nome, indirizzo email e sito web nei cookie. Questi sono per la vostra convenienza in modo che non dovete compilare i vostri dati di nuovo quando si lascia un altro commento. Questi cookie dureranno per un anno.<\/p><p>Se visiti la nostra pagina di login, imposteremo un cookie temporaneo per determinare se il tuo browser accetta i cookie. Questo cookie non contiene dati personali e viene eliminato quando si chiude il browser.<\/p><p>Quando effettui l&#8217;accesso, imposteremo anche diversi cookie per salvare le tue informazioni di accesso e le tue scelte di visualizzazione dello schermo. I cookie di accesso durano due giorni e i cookie delle opzioni dello schermo durano un anno. Se selezioni &#8220;Ricordami&#8221;, il tuo login persister\u00e0 per due settimane. Se esci dal tuo account, i cookie di accesso verranno rimossi.<\/p><p>Se modifichi o pubblichi un articolo, nel tuo browser verr\u00e0 salvato un cookie aggiuntivo. Questo cookie non include dati personali e indica semplicemente l&#8217;ID del post dell&#8217;articolo che hai appena modificato. Scade dopo 1 giorno.<\/p><h3 class=\"wp-block-heading\">Contenuti incorporati da altri siti web<\/h3><p>Gli articoli su questo sito possono includere contenuti incorporati (ad es. video, immagini, articoli, ecc.). I contenuti incorporati di altri siti web si comportano esattamente come se il visitatore avesse visitato l&#8217;altro sito web.<\/p><p>Questi siti web possono raccogliere dati su di te, utilizzare cookie, incorporare ulteriori monitoraggio di terze parti e monitorare l&#8217;interazione tua con i contenuti incorporati, inclusa la registrazione dell&#8217;interazione con i contenuti incorporati se hai un account e sei connesso a tale sito web.<\/p><h3 class=\"wp-block-heading\">Analitica<\/h3><h2 class=\"wp-block-heading\">Con chi condividiamo i tuoi dati<\/h2><h2 class=\"wp-block-heading\">Per quanto tempo conserviamo i tuoi dati<\/h2><p>Se lasci un commento, i dati di inserzione e prenotazione, i dati e i relativi metadati vengono conservati a tempo indeterminato. In questo modo possiamo riconoscere e approvare automaticamente qualsiasi follow-up invece di tenerli in una coda di moderazione.<\/p><p>Per gli utenti che si registrano sul nostro sito web (se presente), memorizziamo anche le informazioni personali che forniscono nel loro profilo utente. Tutti gli utenti possono visualizzare, modificare o eliminare le proprie informazioni personali in qualsiasi momento (tranne che non possono modificare il proprio nome utente). Gli amministratori di siti web possono anche visualizzare e modificare tali informazioni.<\/p><h2 class=\"wp-block-heading\">Quali diritti hai sui tuoi dati<\/h2><p>Se hai un account su questo sito o hai lasciato commenti, puoi richiedere di ricevere un file esportato dei dati personali che abbiamo su di te, inclusi tutti i dati che ci hai fornito. Puoi anche richiedere di cancellare tutti i dati personali che abbiamo su di te. Questo non include i dati che siamo tenuti a conservare per scopi amministrativi, legali o di sicurezza.<\/p><h2 class=\"wp-block-heading\">Dove inviamo i tuoi dati<\/h2><p>I commenti dei visitatori possono essere controllati tramite un servizio di rilevamento automatico dello spam.<\/p><h2 class=\"wp-block-heading\">Le tue informazioni di contatto<\/h2><h2 class=\"wp-block-heading\">Ulteriori informazioni<\/h2><h3 class=\"wp-block-heading\">Come proteggiamo i tuoi dati<\/h3><h3 class=\"wp-block-heading\">Quali procedure di violazione dei dati abbiamo in atto<\/h3><h3 class=\"wp-block-heading\">Da quali terze parti riceviamo dati<\/h3><h3 class=\"wp-block-heading\">Cosa facciamo sistemativi e\/o profilazioni automatizzati con i dati degli utenti<\/h3><h3 class=\"wp-block-heading\">Requisiti di divulgazione normativa del settore<\/h3><h3 class=\"wp-block-heading\">Wpml<\/h3><p>WPML utilizza i cookie per identificare la lingua corrente del visitatore, l&#8217;ultima lingua visitata e la lingua degli utenti che hanno effettuato l&#8217;accesso.<\/p><p>Durante l&#8217;utilizzo del plugin, WPML condivider\u00e0 i dati relativi al sito tramite Il programma di installazione. Non verranno condivisi dati dell&#8217;utente stesso.<\/p><p>Raccogliamo informazioni su di te durante il processo di checkout sul nostro negozio.<\/p><h2 class=\"wp-block-heading\">Cosa raccogliamo e memorizziamo<\/h2><p>Mentre visiti il nostro sito, monitoreremo:<\/p><ul class=\"wp-block-list\"><li>Prodotti che hai visualizzato: lo useremo per, ad esempio, per mostrarti i prodotti che hai visualizzato di recente<\/li><li>Posizione, indirizzo IP e tipo di browser: lo useremo per scopi come la stima delle imposte e la spedizione<\/li><li>Indirizzo di spedizione: ti chiederemo di inserire questo in modo da poter, ad esempio, stimare la spedizione prima di effettuare un ordine e inviarti l&#8217;ordine!<\/li><\/ul><p>Utilizzeremo anche i cookie per tenere traccia dei contenuti del carrello durante la navigazione nel nostro sito.<\/p><p>Quando acquisti da noi, ti chiederemo di fornire informazioni come nome, indirizzo di fatturazione, indirizzo di spedizione, indirizzo e-mail, numero di telefono, dati della carta di credito\/pagamento e informazioni facoltative sull&#8217;account come nome utente e password. Utilizzeremo queste informazioni per scopi quali, per:<\/p><ul class=\"wp-block-list\"><li>Inviati informazioni sul tuo account e sul tuo ordine<\/li><li>Rispondi alle tue richieste, inclusi rimborsi e reclami<\/li><li>Elaborare i pagamenti e prevenire le frodi<\/li><li>Configura il tuo account per il nostro negozio<\/li><li>Rispettare gli obblighi legali che abbiamo, come il calcolo delle tasse<\/li><li>Migliora le nostre offerte in negozio<\/li><li>Invia ti invia messaggi di marketing, se scegli di riceverli<\/li><\/ul><p>Se crei un account, memorizzeremo il tuo nome, indirizzo, e-mail e numero di telefono, che verranno utilizzati per popolare il checkout per ordini futuri.<\/p><p>Generalmente conserviamo informazioni su di te per tutto il tempo in cui abbiamo bisogno delle informazioni per gli scopi per cui le raccogliamo e le utilizziamo, e non siamo legalmente obbligati a continuare a conservarle. Ad esempio, verranno archiviate le informazioni sugli ordini per anni XXX ai fini fiscali e contabili. Questo include il tuo nome, indirizzo email e indirizzi di fatturazione e spedizione.<\/p><p>Ci sar\u00e0 anche memorizzare commenti o recensioni, se si sceglie di lasciarli.<\/p><h2 class=\"wp-block-heading\">Chi del nostro team ha accesso<\/h2><p>I membri del nostro team hanno accesso alle informazioni che ci fornisci. Ad esempio, sia gli amministratori che i responsabili del negozio possono accedere:<\/p><ul class=\"wp-block-list\"><li>Informazioni sull&#8217;ordine come quello che \u00e8 stato acquistato, quando \u00e8 stato acquistato e dove dovrebbe essere inviato, e<\/li><li>Informazioni sui clienti come il tuo nome, indirizzo email e informazioni di fatturazione e spedizione.<\/li><\/ul><p>I membri del nostro team hanno accesso a queste informazioni per aiutarti a soddisfare gli ordini, elaborare i rimborsi e supportarti.<\/p><h2 class=\"wp-block-heading\">Cosa condividiamo con gli altri<\/h2><p>Condividiamo informazioni con terze parti che ci aiutano a fornire i nostri ordini e servizi di negozio a voi; per esempio &#8212;<\/p><h3 class=\"wp-block-heading\">Pagamenti<\/h3><p>Accettiamo pagamenti tramite PayPal. Durante l&#8217;elaborazione dei pagamenti, alcuni dei tuoi dati verranno trasmessi a PayPal, incluse le informazioni necessarie per elaborare o supportare il pagamento, come il totale dell&#8217;acquisto e le informazioni di fatturazione.<\/p><p>Si prega di consultare <a href=\"https:\/\/www.paypal.com\/us\/webapps\/mpp\/ua\/privacy-full\">l&#8217;Informativa sulla privacy di PayPal<\/a> per maggiori dettagli.<\/p><p>Accettiamo pagamenti tramite DPO Think Payment. Durante l&#8217;elaborazione dei pagamenti, alcuni dei tuoi dati verranno trasmessi a PayPal, incluse le informazioni necessarie per elaborare o supportare il pagamento, come il totale dell&#8217;acquisto e le informazioni di fatturazione.<\/p><p>Si prega di consultare <a href=\"https:\/\/www.dpogroup.com\/africa\/terms-conditions\/\">l&#8217;Informativa sulla privacy<\/a> di DPO Think Payment per maggiori dettagli.<\/p><h3 class=\"wp-block-heading\">Traduzioni WPML<\/h3><p>WPML Media Translation invier\u00e0 l&#8217;indirizzo e-mail e il nome di ogni manager e traduttore assegnato, nonch\u00e9 il contenuto stesso all&#8217;Advanced Translation Editor e ai servizi di traduzione che vengono utilizzati.<\/p><p>WooCommerce Multilingual utilizzer\u00e0 i cookie per comprendere le informazioni del carrello quando si utilizzano le lingue nei domini e per trasferire i dati tra i domini.<\/p><h3 class=\"wp-block-heading\">WooCommerce Multilingue<\/h3><p>WooCommerce Multilingual utilizzer\u00e0 anche i cookie per identificare la lingua e la valuta dell&#8217;ordine di ogni cliente, nonch\u00e9 la valuta dei report creati da WooCommerce. WooCommerce Multilingual estende questi rapporti aggiungendo le informazioni della valuta.<\/p><h3 class=\"wp-block-heading\">Paga Pal Checkout<\/h3><p>Utilizzando questa estensione, \u00e8 possibile che si archivino dati personali o si condividano dati con un servizio esterno. <a rel=\"noreferrer noopener\" href=\"https:\/\/docs.woocommerce.com\/document\/privacy-payments\/#woocommerce-gateway-paypal-express-checkout\" target=\"_blank\">Scopri di pi\u00f9 su come funziona, incluso ci\u00f2 che potresti voler includere nella tua informativa sulla privacy.<\/a><\/p><h3 class=\"wp-block-heading\">Striscia<\/h3><p>Utilizzando questa estensione, \u00e8 possibile che si archivino dati personali o si condividano dati con un servizio esterno. <a rel=\"noreferrer noopener\" href=\"https:\/\/docs.woocommerce.com\/document\/privacy-payments\/#woocommerce-gateway-stripe\" target=\"_blank\">Scopri di pi\u00f9 su come funziona, incluso ci\u00f2 che potresti voler includere nella tua informativa sulla privacy.<\/a><\/p><h3 class=\"wp-block-heading\">Servizi di commercio Woo<\/h3><p>Utilizzando questa estensione, \u00e8 possibile memorizzare dati personali o condividere dati con servizi esterni. <a rel=\"noreferrer noopener\" href=\"https:\/\/jetpack.com\/support\/for-your-privacy-policy\/#woocommerce-services\" target=\"_blank\">Scopri di pi\u00f9 su come funziona, incluso ci\u00f2 che potresti voler includere nella tua informativa sulla privacy.<\/a><\/p><h3 class=\"wp-block-heading\">Traduzione Loco<\/h3><p>Questo plugin non raccoglie alcun dato dai visitatori del sito web pubblico.<br\/>Gli amministratori e i revisori potrebbero voler rivedere <a href=\"https:\/\/localise.biz\/wordpress\/plugin\/privacy\">l&#8217;informativa sulla privacy<\/a>del plugin di Loco.<\/p><h2 class=\"wp-block-heading\">Nel caso in cui si utilizza Google Web Fonts (predefinito) o la riproduzione di video o suoni tramite YouTube o Vimeo in Slider Revolution si consiglia di aggiungere la frase di testo corrispondente alla vostra polizia privacy:<\/h2><h3 class=\"wp-block-heading\">Youtube<\/h3><p>Il nostro sito web utilizza plugin di YouTube, che \u00e8 gestito da Google. L&#8217;operatore delle pagine \u00e8 YouTube LLC, 901 Cherry Ave., San Bruno, CA 94066, USA.<\/p><p>Se visiti una delle nostre pagine con un plugin di YouTube, viene stabilita una connessione ai server di YouTube. Qui il server di YouTube \u00e8 informato su quale delle nostre pagine hai visitato.<\/p><p>Se hai effettuato l&#8217;accesso al tuo account YouTube, YouTube ti consente di associare il tuo comportamento di navigazione direttamente al tuo profilo personale. Puoi impedirlo disconnettendoti dal tuo account YouTube.<\/p><p>YouTube viene utilizzato per rendere attraente il nostro sito web. Ci\u00f2 costituisce un interesse giustificato ai sensi dell&#8217;Art. 6 (1) (f) DSGVO.<\/p><p>Ulteriori informazioni sulla gestione dei dati degli utenti sono reperibili nella dichiarazione sulla protezione dei dati di YouTube sotto <a href=\"https:\/\/www.google.de\/intl\/de\/policies\/privacy\" target=\"_blank\" rel=\"noreferrer noopener\">https:\/\/www.google.de\/intl\/de\/policies\/privacy<\/a>.<\/p><h3 class=\"wp-block-heading\">Vimeo<\/h3><p>Il nostro sito web utilizza le funzionalit\u00e0 fornite dal portale video di Vimeo. Questo servizio \u00e8 fornito da Vimeo Inc., 555 West 18th Street, New York, New York 10011, USA.<\/p><p>Se visiti una delle nostre pagine con un plugin Vimeo, viene stabilita una connessione ai server Vimeo. Qui il server Vimeo \u00e8 informato su quale delle nostre pagine avete visitato. Inoltre, Vimeo ricever\u00e0 il tuo indirizzo IP. Questo vale anche se non hai effettuato l&#8217;accesso a Vimeo quando visiti il nostro plugin o non hai un account Vimeo. Le informazioni vengono trasmesse a un server Vimeo negli Stati Uniti, dove vengono memorizzate.<\/p><p>Se hai effettuato l&#8217;accesso al tuo account Vimeo, Vimeo ti consente di associare il tuo comportamento di navigazione direttamente al tuo profilo personale. Puoi impedirlo disconnettendoti dal tuo account Vimeo.<\/p><p>Per ulteriori informazioni su come gestire i dati dell&#8217;utente, <a href=\"https:\/\/vimeo.com\/privacy\" target=\"_blank\" rel=\"noreferrer noopener\">https:\/\/vimeo.com\/privacy<\/a>fare riferimento all&#8217;Informativa sulla privacy di Vimeo allhttps:\/\/vimeo.com\/privacy .<\/p><h3 class=\"wp-block-heading\">Font Web di Google<\/h3><p>Per una rappresentazione uniforme dei font, questa pagina utilizza i font web forniti da Google. Quando aprite una pagina, il browser carica i font Web necessari nella cache del browser per visualizzare correttamente i testi e i font.<\/p><p>A questo scopo il browser deve stabilire una connessione diretta ai server Google. Google viene cos\u00ec a conoscenza che la nostra pagina web \u00e8 stata accessibile tramite il tuo indirizzo IP. L&#8217;uso dei font Web di Google \u00e8 fatto nell&#8217;interesse di una presentazione uniforme e attraente del nostro plugin. Ci\u00f2 costituisce un interesse giustificato ai sensi dell&#8217;Art. 6 (1) (f) DSGVO.<\/p><p>Se il browser in uso non supporta i tipi di carattere Web, il computer utilizza un tipo di carattere standard.<\/p><p>Ulteriori informazioni sulla gestione dei dati degli utenti sono disponibili <a href=\"https:\/\/developers.google.com\/fonts\/faq\" target=\"_blank\" rel=\"noreferrer noopener\">allhttps:\/\/developers.google.com\/fonts\/faq<\/a> e nella politica sulla privacy di Google <a href=\"https:\/\/www.google.com\/policies\/privacy\/\" target=\"_blank\" rel=\"noreferrer noopener\">allhttps:\/\/www.google.com\/policies\/privacy\/.<\/a><\/p><h3 class=\"wp-block-heading\">Soundcloud<\/h3><p>Sulle nostre pagine, i plugin del social network SoundCloud (SoundCloud Limited, Berners House, 47-48 Berners Street, London W1T 3NF, UK) possono essere integrati. I plugin SoundCloud possono essere riconosciuti dal logo SoundCloud sul nostro sito.<\/p><p>Quando visiti il nostro sito, viene stabilita una connessione diretta tra il tuo browser e il server SoundCloud tramite il plugin. Ci\u00f2 consente a SoundCloud di ricevere informazioni che hai visitato il nostro sito dal tuo indirizzo IP. Se fai clic sui pulsanti &#8220;Mi piace&#8221; o &#8220;Condividi&#8221; mentre sei connesso al tuo account SoundCloud, puoi collegare il contenuto delle nostre pagine al tuo profilo SoundCloud. Ci\u00f2 significa che SoundCloud pu\u00f2 associare le visite alle nostre pagine al tuo account utente. Desideriamo sottolineare che, in qualit\u00e0 di fornitore di queste pagine, non siamo a conoscenza del contenuto dei dati trasmessi o di come verranno utilizzati da SoundCloud. Per ulteriori informazioni sull&#8217;informativa sulla privacy di SoundCloud, consulta https:\/\/soundcloud.com\/pages\/privacy.<\/p><p>Se non vuoi che SoundCloud associ la tua visita al nostro sito al tuo account SoundCloud, esci dal tuo account SoundCloud.<\/p>","protected":false},"excerpt":{"rendered":"<p>Chi siamo Il nostro indirizzo web \u00e8: http:\/\/mauritius-direct.com La nostra azienda \u00e8: Owners United Ltd.Suite 206, Eden PlazaEden IslandMaheRepublic of SeychellesCompany Number: 104325 Email: contact at mauritius-direct.com Quali dati personali raccogliamo e perch\u00e9 li raccogliamo Commenti Quando i visitatori lasciano commenti sul sito raccogliamo i dati mostrati nel modulo dei commenti, e anche l&#8217;indirizzo IP &#8230;<\/p>\n","protected":false},"author":1,"featured_media":0,"parent":0,"menu_order":0,"comment_status":"closed","ping_status":"open","template":"","meta":{"inline_featured_image":false,"footnotes":""},"class_list":["post-79727","page","type-page","status-publish","hentry"],"yoast_head":"<!-- This site is optimized with the Yoast SEO plugin v24.4 - https:\/\/yoast.com\/wordpress\/plugins\/seo\/ -->\n<title>Informativa sulla privacy - Mauritius Direct - ville in affitto direttamente dai proprietari<\/title>\n<meta name=\"description\" content=\"ville in affitto direttamente dai proprietari - Search for Holiday Houses and Villas for Rent in the Indian Ocean with Mauritius Direct\" \/>\n<meta name=\"robots\" content=\"index, follow, max-snippet:-1, max-image-preview:large, max-video-preview:-1\" \/>\n<link rel=\"canonical\" href=\"https:\/\/mauritius-direct.com\/it\/privacy-policy\/\" \/>\n<meta property=\"og:locale\" content=\"it_IT\" \/>\n<meta property=\"og:type\" content=\"article\" \/>\n<meta property=\"og:title\" content=\"Informativa sulla privacy - Mauritius Direct - ville in affitto direttamente dai proprietari\" \/>\n<meta property=\"og:description\" content=\"ville in affitto direttamente dai proprietari - Search for Holiday Houses and Villas for Rent in the Indian Ocean with Mauritius Direct\" \/>\n<meta property=\"og:url\" content=\"https:\/\/mauritius-direct.com\/it\/privacy-policy\/\" \/>\n<meta property=\"og:site_name\" content=\"Mauritius Direct\" \/>\n<meta property=\"article:modified_time\" content=\"2020-04-26T10:47:17+00:00\" \/>\n<meta name=\"twitter:card\" content=\"summary_large_image\" \/>\n<meta name=\"twitter:label1\" content=\"Tempo di lettura stimato\" \/>\n\t<meta name=\"twitter:data1\" content=\"11 minuti\" \/>\n<script type=\"application\/ld+json\" class=\"yoast-schema-graph\">{\"@context\":\"https:\/\/schema.org\",\"@graph\":[{\"@type\":\"WebPage\",\"@id\":\"https:\/\/mauritius-direct.com\/it\/privacy-policy\/\",\"url\":\"https:\/\/mauritius-direct.com\/it\/privacy-policy\/\",\"name\":\"Informativa sulla privacy - Mauritius Direct - ville in affitto direttamente dai proprietari\",\"isPartOf\":{\"@id\":\"https:\/\/mauritius-direct.com\/it\/#website\"},\"datePublished\":\"2020-02-28T14:26:50+00:00\",\"dateModified\":\"2020-04-26T10:47:17+00:00\",\"description\":\"ville in affitto direttamente dai proprietari - Search for Holiday Houses and Villas for Rent in the Indian Ocean with Mauritius Direct\",\"inLanguage\":\"it-IT\",\"potentialAction\":[{\"@type\":\"ReadAction\",\"target\":[\"https:\/\/mauritius-direct.com\/it\/privacy-policy\/\"]}]},{\"@type\":\"WebSite\",\"@id\":\"https:\/\/mauritius-direct.com\/it\/#website\",\"url\":\"https:\/\/mauritius-direct.com\/it\/\",\"name\":\"Mauritius Direct\",\"description\":\"ville in affitto direttamente dai proprietari\",\"publisher\":{\"@id\":\"https:\/\/mauritius-direct.com\/it\/#organization\"},\"potentialAction\":[{\"@type\":\"SearchAction\",\"target\":{\"@type\":\"EntryPoint\",\"urlTemplate\":\"https:\/\/mauritius-direct.com\/it\/?s={search_term_string}\"},\"query-input\":{\"@type\":\"PropertyValueSpecification\",\"valueRequired\":true,\"valueName\":\"search_term_string\"}}],\"inLanguage\":\"it-IT\"},{\"@type\":\"Organization\",\"@id\":\"https:\/\/mauritius-direct.com\/it\/#organization\",\"name\":\"Mauritius Direct\",\"url\":\"https:\/\/mauritius-direct.com\/it\/\",\"logo\":{\"@type\":\"ImageObject\",\"inLanguage\":\"it-IT\",\"@id\":\"https:\/\/mauritius-direct.com\/it\/#\/schema\/logo\/image\/\",\"url\":\"https:\/\/mauritius-direct.com\/wp-content\/uploads\/2020\/03\/logo.png\",\"contentUrl\":\"https:\/\/mauritius-direct.com\/wp-content\/uploads\/2020\/03\/logo.png\",\"width\":522,\"height\":50,\"caption\":\"Mauritius Direct\"},\"image\":{\"@id\":\"https:\/\/mauritius-direct.com\/it\/#\/schema\/logo\/image\/\"}}]}<\/script>\n<!-- \/ Yoast SEO plugin. -->","yoast_head_json":{"title":"Informativa sulla privacy - Mauritius Direct - ville in affitto direttamente dai proprietari","description":"ville in affitto direttamente dai proprietari - Search for Holiday Houses and Villas for Rent in the Indian Ocean with Mauritius Direct","robots":{"index":"index","follow":"follow","max-snippet":"max-snippet:-1","max-image-preview":"max-image-preview:large","max-video-preview":"max-video-preview:-1"},"canonical":"https:\/\/mauritius-direct.com\/it\/privacy-policy\/","og_locale":"it_IT","og_type":"article","og_title":"Informativa sulla privacy - Mauritius Direct - ville in affitto direttamente dai proprietari","og_description":"ville in affitto direttamente dai proprietari - Search for Holiday Houses and Villas for Rent in the Indian Ocean with Mauritius Direct","og_url":"https:\/\/mauritius-direct.com\/it\/privacy-policy\/","og_site_name":"Mauritius Direct","article_modified_time":"2020-04-26T10:47:17+00:00","twitter_card":"summary_large_image","twitter_misc":{"Tempo di lettura stimato":"11 minuti"},"schema":{"@context":"https:\/\/schema.org","@graph":[{"@type":"WebPage","@id":"https:\/\/mauritius-direct.com\/it\/privacy-policy\/","url":"https:\/\/mauritius-direct.com\/it\/privacy-policy\/","name":"Informativa sulla privacy - Mauritius Direct - ville in affitto direttamente dai proprietari","isPartOf":{"@id":"https:\/\/mauritius-direct.com\/it\/#website"},"datePublished":"2020-02-28T14:26:50+00:00","dateModified":"2020-04-26T10:47:17+00:00","description":"ville in affitto direttamente dai proprietari - Search for Holiday Houses and Villas for Rent in the Indian Ocean with Mauritius Direct","inLanguage":"it-IT","potentialAction":[{"@type":"ReadAction","target":["https:\/\/mauritius-direct.com\/it\/privacy-policy\/"]}]},{"@type":"WebSite","@id":"https:\/\/mauritius-direct.com\/it\/#website","url":"https:\/\/mauritius-direct.com\/it\/","name":"Mauritius Direct","description":"ville in affitto direttamente dai proprietari","publisher":{"@id":"https:\/\/mauritius-direct.com\/it\/#organization"},"potentialAction":[{"@type":"SearchAction","target":{"@type":"EntryPoint","urlTemplate":"https:\/\/mauritius-direct.com\/it\/?s={search_term_string}"},"query-input":{"@type":"PropertyValueSpecification","valueRequired":true,"valueName":"search_term_string"}}],"inLanguage":"it-IT"},{"@type":"Organization","@id":"https:\/\/mauritius-direct.com\/it\/#organization","name":"Mauritius Direct","url":"https:\/\/mauritius-direct.com\/it\/","logo":{"@type":"ImageObject","inLanguage":"it-IT","@id":"https:\/\/mauritius-direct.com\/it\/#\/schema\/logo\/image\/","url":"https:\/\/mauritius-direct.com\/wp-content\/uploads\/2020\/03\/logo.png","contentUrl":"https:\/\/mauritius-direct.com\/wp-content\/uploads\/2020\/03\/logo.png","width":522,"height":50,"caption":"Mauritius Direct"},"image":{"@id":"https:\/\/mauritius-direct.com\/it\/#\/schema\/logo\/image\/"}}]}},"_links":{"self":[{"href":"https:\/\/mauritius-direct.com\/it\/wp-json\/wp\/v2\/pages\/79727","targetHints":{"allow":["GET"]}}],"collection":[{"href":"https:\/\/mauritius-direct.com\/it\/wp-json\/wp\/v2\/pages"}],"about":[{"href":"https:\/\/mauritius-direct.com\/it\/wp-json\/wp\/v2\/types\/page"}],"author":[{"embeddable":true,"href":"https:\/\/mauritius-direct.com\/it\/wp-json\/wp\/v2\/users\/1"}],"replies":[{"embeddable":true,"href":"https:\/\/mauritius-direct.com\/it\/wp-json\/wp\/v2\/comments?post=79727"}],"version-history":[{"count":0,"href":"https:\/\/mauritius-direct.com\/it\/wp-json\/wp\/v2\/pages\/79727\/revisions"}],"wp:attachment":[{"href":"https:\/\/mauritius-direct.com\/it\/wp-json\/wp\/v2\/media?parent=79727"}],"curies":[{"name":"wp","href":"https:\/\/api.w.org\/{rel}","templated":true}]}}