{"id":79756,"date":"2015-04-23T12:57:21","date_gmt":"2015-04-23T12:57:21","guid":{"rendered":"https:\/\/mauritius-direct.com\/terms-and-conditions\/"},"modified":"2021-12-23T19:02:37","modified_gmt":"2021-12-23T18:02:37","slug":"terms-and-conditions","status":"publish","type":"page","link":"https:\/\/mauritius-direct.com\/fr\/terms-and-conditions\/","title":{"rendered":"Conditions g\u00e9n\u00e9rales"},"content":{"rendered":"\t\t<div data-elementor-type=\"wp-page\" data-elementor-id=\"79756\" class=\"elementor elementor-79756 elementor-356\">\n\t\t\t\t\t\t<section class=\"elementor-section elementor-top-section elementor-element elementor-element-5510a465 elementor-section-boxed elementor-section-height-default elementor-section-height-default\" data-id=\"5510a465\" data-element_type=\"section\">\n\t\t\t\t\t\t<div class=\"elementor-container elementor-column-gap-default\">\n\t\t\t\t\t<div class=\"elementor-column elementor-col-100 elementor-top-column elementor-element elementor-element-2e3df7cb\" data-id=\"2e3df7cb\" data-element_type=\"column\">\n\t\t\t<div class=\"elementor-widget-wrap elementor-element-populated\">\n\t\t\t\t\t\t<div class=\"elementor-element elementor-element-13a78b9f elementor-widget elementor-widget-text-editor\" data-id=\"13a78b9f\" data-element_type=\"widget\" data-widget_type=\"text-editor.default\">\n\t\t\t\t<div class=\"elementor-widget-container\">\n\t\t\t\t\t\t\t\t\t<p><strong>Politique sur les circonstances att\u00e9nuantes<\/strong><\/p>\n<p><b>Quelles r\u00e9servations sont couvertes<\/b><\/p>\n<p><b>R\u00e9servations effectu\u00e9es au plus tard le 14 mars 2020<\/b><\/p>\n<p>Les r\u00e9servations pour les s\u00e9jours effectu\u00e9s au plus tard le 14 mars 2020, avec une date d\u2019arriv\u00e9e comprise entre le 14 mars 2020 et le 15 juillet 2020, peuvent \u00eatre annul\u00e9es avant l\u2019enregistrement. Cela signifie que les clients qui annulent en vertu de la police recevront un remboursement en esp\u00e8ces complet ou un cr\u00e9dit de voyage du montant qu\u2019ils ont pay\u00e9 (lorsque le cr\u00e9dit de voyage est disponible), moins des frais de service de 8 %, et nous vous rembourserons ou \u00e9mettrons un cr\u00e9dit de voyage.<\/p>\n<p>Les r\u00e9servations pour les s\u00e9jours effectu\u00e9s au plus tard le 14 mars 2020, avec une date d\u2019arriv\u00e9e apr\u00e8s le 15 juillet 2020, ne sont actuellement pas couvertes pour les circonstances att\u00e9nuantes li\u00e9es \u00e0 la COVID-19. La politique d\u2019annulation s\u2019appliquera comme d\u2019habitude.<\/p>\n<p>Si une r\u00e9servation a d\u00e9j\u00e0 commenc\u00e9 (l\u2019enregistrement est pass\u00e9), cette circonstance att\u00e9nuante ne s\u2019applique pas.<\/p>\n<p><b>R\u00e9servations effectu\u00e9es apr\u00e8s le 14 mars 2020<\/b><\/p>\n<p>Les r\u00e9servations pour les s\u00e9jours effectu\u00e9s apr\u00e8s le 14 mars 2020 ne seront pas couvertes par notre politique sur les circonstances att\u00e9nuantes, sauf si l\u2019invit\u00e9 ou l\u2019h\u00f4te est actuellement malade de la COVID-19. Les circonstances li\u00e9es \u00e0 la COVID-19 qui ne sont pas couvertes comprennent : les perturbations et les annulations de transport; les avertissements aux voyageurs et les restrictions; avis de sant\u00e9 et quarantaines; les modifications apport\u00e9es \u00e0 la loi applicable; et d\u2019autres mandats gouvernementaux, comme les ordres d\u2019\u00e9vacuation, la fermeture des fronti\u00e8res, l\u2019interdiction des locations \u00e0 court terme et les exigences en mati\u00e8re de mise \u00e0 l\u2019abri sur place. La politique d\u2019annulation s\u2019appliquera comme d\u2019habitude.<\/p>\n<p>Notre politique de circonstances att\u00e9nuantes est destin\u00e9e \u00e0 prot\u00e9ger les voyageurs et les h\u00f4tes contre les circonstances impr\u00e9vues qui surviennent apr\u00e8s la r\u00e9servation. Apr\u00e8s la d\u00e9claration de la COVID-19 en tant que pand\u00e9mie mondiale par l\u2019Organisation mondiale de la sant\u00e9, la politique des circonstances att\u00e9nuantes ne s\u2019applique plus parce que la COVID-19 et ses cons\u00e9quences ne sont plus impr\u00e9vues ou inattendues.<span class=\"Apple-converted-space\"> <\/span><\/p>\n<p><strong>CONTRAT DE LOCATION<\/strong><\/p>\n<p>Ce contrat de location est un accord juridiquement contraignant d\u00e8s le premier paiement.<\/p>\n<p>L\u2019invit\u00e9 a accept\u00e9 de louer la r\u00e9sidence telle que d\u00e9crite sur l\u2019annonce, pour la dur\u00e9e de la dur\u00e9e de location pour le total des frais de location et d\u2019autres bonnes et pr\u00e9cieuses contreparties d\u00e9crites dans les pr\u00e9sentes. Le paiement de la r\u00e9servation sert de signature et d\u2019acceptation de ce contrat de location.<\/p>\n<p><strong>Occupation<\/strong><\/p>\n<p>L\u2019invit\u00e9 convient qu\u2019il n\u2019y a pas plus de personnes que le formulaire de r\u00e9servation \u00e9crit sur le<\/p>\n<p>Propri\u00e9t\u00e9 \u00e0 tout moment pendant la dur\u00e9e de location, qui sont toutes conformes aux conditions et restrictions impos\u00e9es \u00e0 l\u2019invit\u00e9 en vertu de cette entente, \u00e0 moins qu\u2019elle n\u2019ait \u00e9t\u00e9 autoris\u00e9e par l\u2019agent locatif\/propri\u00e9taire de la propri\u00e9t\u00e9<\/p>\n<p>Les autres clients seront factur\u00e9s dans leur int\u00e9gralit\u00e9 selon les conditions g\u00e9n\u00e9rales.<\/p>\n<p>Les visiteurs ne sont pas autoris\u00e9s. Une enqu\u00eate \u00e9crite doit \u00eatre faite \u00e0 l\u2019agent de location\/ propri\u00e9t\u00e9.<\/p>\n<p><strong>POLITIQUE D\u2019ANNULATION<\/strong><\/p>\n<p>Un d\u00e9p\u00f4t non remboursable de 50 % est exig\u00e9 lors de la r\u00e9servation.<\/p>\n<p>Le solde non remboursable de 50 % est d\u00fb au plus tard 60 jours avant l\u2019arriv\u00e9e<\/p>\n<p>L\u2019agent de location\/ propri\u00e9taire se r\u00e9serve le droit d\u2019annuler la r\u00e9servation si le paiement n\u2019est pas effectu\u00e9 en temps voulu.<\/p>\n<p>Nous recommandons \u00e0 tous les clients d\u2019avoir l\u2019assurance voyage requise qui couvre l\u2019annulation, le vol, la maladie et l\u2019accident. Veuillez lire les petits caract\u00e8res de votre police d\u2019assurance avant de voyager pour vous assurer d\u2019avoir la bonne couverture.<\/p>\n<p><strong>FORCE MAJEURE<\/strong><\/p>\n<p>L\u2019agent de location\/propri\u00e9taire ne peut accepter la responsabilit\u00e9 ou verser une indemnit\u00e9 lorsque le rendement ou l\u2019ex\u00e9cution rapide du contrat de r\u00e9servation est emp\u00each\u00e9 ou affect\u00e9 par des circonstances qui s\u2019\u00e9l\u00e8vent \u00e0 \u00abforce majeure\u00bb.<\/p>\n<p>Les circonstances \u00e9quivalant \u00e0 la \u00ab force majeure \u00bb comprennent tout \u00e9v\u00e9nement que nous ne pouvions pas, m\u00eame avec toute la diligence voulue, pr\u00e9voir ou \u00e9viter. Ces circonstances comprennent la destruction ou les dommages de votre logement (qui ne peuvent raisonnablement \u00eatre corrig\u00e9s \u00e0 une norme satisfaisante avant le d\u00e9but de votre s\u00e9jour) par le feu, l\u2019inondation, l\u2019explosion, la temp\u00eate ou d\u2019autres dommages m\u00e9t\u00e9orologiques, l\u2019introduction par effraction, les dommages criminels, les \u00e9meutes ou les conflits civils, l\u2019action industrielle, la catastrophe naturelle ou nucl\u00e9aire, le feu, les conditions m\u00e9t\u00e9orologiques d\u00e9favorables, la guerre ou la menace de guerre, l\u2019activit\u00e9 terroriste r\u00e9elle ou menac\u00e9e , \u00e9pid\u00e9mie et toutes les situations similaires ind\u00e9pendantes de notre volont\u00e9.<\/p>\n<p>Il est explicitement admis qu\u2019un \u00e9v\u00e9nement de force majeure suspend les obligations de l\u2019agent de location\/ propri\u00e9taire. Les clients doivent payer des frais suppl\u00e9mentaires qui pourraient \u00eatre engag\u00e9s pour tout changement de vol, d\u2019h\u00e9bergement, location de voiture ect suite \u00e0 l\u2019\u00e9v\u00e9nement de force majeure.<\/p>\n<p><strong>AFFECTATION OU SOUS-LOCATION<\/strong><\/p>\n<p>L\u2019invit\u00e9 ne doit pas attribuer ou sous-louer la propri\u00e9t\u00e9 ou permettre l\u2019utilisation d\u2019une partie quelconque de la propri\u00e9t\u00e9 par d\u2019autres personnes qui ne sont pas des membres de la famille ou des invit\u00e9s de l\u2019invit\u00e9 et inclus dans le nombre et comme les occupants autoris\u00e9s en vertu de la pr\u00e9sente entente.<\/p>\n<p>Seul le personnel de la maison a acc\u00e8s \u00e0 la villa (Pas de masseuse, p\u00eacheur, etc. autre que permis par l\u2019agent de location \/ propri\u00e9taire)<\/p>\n<p><strong>ENREGISTREMENT \/ V\u00c9RIFIER LA POLITIQUE<\/strong><\/p>\n<p>Enregistrement: 14h \u00c0 16h (Frais suppl\u00e9mentaires pour l\u2019enregistrement ult\u00e9rieur; dernier enregistrement 21h00)<\/p>\n<p>D\u00e9part: 10 h (s\u00e9jour complet de nuit sera factur\u00e9 pour le d\u00e9part ult\u00e9rieur et seulement si r\u00e9serv\u00e9 \u00e0 l\u2019avance)<\/p>\n<p><strong>\u00c9TAT ET UTILISATION DES BIENS<\/strong><\/p>\n<p>La propri\u00e9t\u00e9 est fournie dans un \u00e9tat \u00ab tel qu\u2019il est \u00bb. L\u2019agent de location\/ propri\u00e9taire doit faire de son mieux pour assurer le fonctionnement de toutes les commodit\u00e9s de la propri\u00e9t\u00e9, telles que l\u2019acc\u00e8s \u00e0 Internet, l\u2019acc\u00e8s par satellite ou par c\u00e2ble ou les bains \u00e0 remous, les foyers, le cas \u00e9ch\u00e9ant. L\u2019agent de location\/ propri\u00e9taire ne doit pas \u00eatre tenu responsable de ces articles qui ne fonctionnent pas, mais il fera tout son possible pour corriger les probl\u00e8mes signal\u00e9s le plus rapidement possible. Aucun remboursement ne serait appliqu\u00e9.<\/p>\n<p>L\u2019invit\u00e9 reconna\u00eet que l\u2019utilisation de commodit\u00e9s telles que les bains \u00e0 remous, les piscines, les spas, les chemin\u00e9es, les terrasses, etc. peuvent \u00eatre potentiellement dangereuses et comporter des risques potentiels, en particulier en ce qui concerne les enfants et une telle utilisation est \u00e0 risque pour l\u2019invit\u00e9.<\/p>\n<p>Aucun enfant mineur ne doit \u00eatre laiss\u00e9 sans surveillance dans le cadre de la propri\u00e9t\u00e9. Les enfants doivent \u00eatre sous votre surveillance. S\u2019il vous pla\u00eet les encourager \u00e0 respecter la propri\u00e9t\u00e9 et les environs.<\/p>\n<p style=\"text-align: left;\">L\u2019invit\u00e9 doit utiliser la propri\u00e9t\u00e9 \u00e0 des fins r\u00e9sidentielles seulement et de mani\u00e8re prudente pour pr\u00e9venir tout dommage ou perte pour la propri\u00e9t\u00e9 et de garder la propri\u00e9t\u00e9 dans un \u00e9tat propre et sanitaire en tout temps. Les invit\u00e9s et les invit\u00e9s suppl\u00e9mentaires autoris\u00e9s doivent s\u2019abstenir de bruit fort et ne doivent pas d\u00e9ranger, ennuyer, mettre en danger ou incommoder les voisins, ni l\u2019invit\u00e9 utiliser le bien \u00e0 des fins immorales, offensantes ou ill\u00e9gales, ni violer toute loi, r\u00e8gles d\u2019association ou ordonnance, ni commettre des d\u00e9chets ou des nuisances sur ou au sujet de la propri\u00e9t\u00e9.<\/p>\n<p style=\"text-align: left;\"><strong>LES INCENDIES ET LES INCENDIES DE CAMP NE SONT PAS AUTORIS\u00c9S DANS UN P\u00c9RIM\u00c8TRE DE 300 M\u00c8TRES AUTOUR DE L\u2019H\u00c9BERGEMENT ET DE LA PROPRI\u00c9T\u00c9 (PLAGE INCLUSE)<\/strong><\/p>\n<p><strong>Climatisation<\/strong><\/p>\n<p>Les frais d\u2019\u00e9lectricit\u00e9 sont inclus dans les frais de location. Les portes et les fen\u00eatres doivent \u00eatre ferm\u00e9es lorsque la climatisation est allum\u00e9e; les unit\u00e9s doivent \u00eatre \u00e9teintes lorsque les chambres sont inoccup\u00e9es. Si les clients souhaitent laisser les unit\u00e9s fonctionner toute la journ\u00e9e, un devis de l\u2019\u00e9lectricit\u00e9 suppl\u00e9mentaire sera faite et le co\u00fbt sera payable \u00e0 l\u2019arriv\u00e9e.<\/p>\n<p>Si l\u2019utilisation de l\u2019\u00e9lectricit\u00e9 est abus\u00e9e, des frais seront factur\u00e9s le jour de votre d\u00e9part ou d\u00e9duits du d\u00e9p\u00f4t.<\/p>\n<p>L\u2019agent de location\/ propri\u00e9taire ne peut \u00eatre tenu responsable du manque de personnel de la maison; aucun remboursement ne sera effectu\u00e9.<\/p>\n<p>Alimentation et boissons, l\u2019approvisionnement en nettoyage ne sont pas inclus.<\/p>\n<p>No Smoking \u00e0 l\u2019int\u00e9rieur de l\u2019h\u00e9bergement entier \/ villa\/Cabine \/ Appartment.<\/p>\n<p><strong>D\u00c9P\u00d4T DE GARANTIE<\/strong><\/p>\n<p>Un d\u00e9p\u00f4t de garantie tel qu\u2019indiqu\u00e9 sur la facture est payable avec la r\u00e9servation. Ce d\u00e9p\u00f4t sera rembours\u00e9 si la Villa se trouve en bon \u00e9tat. Une d\u00e9duction sera faite pour tout bris ou dommage.<\/p>\n<p>En cas de graves dommages \u00e0 la maison, de la propri\u00e9t\u00e9 ou des meubles, la police sera appel\u00e9e.<\/p>\n<h3>L\u2019assurance voyage de responsabilit\u00e9 personnelle est obligatoire. Les clients seront tenus financi\u00e8rement responsables des dommages qu\u2019ils ont caus\u00e9s \u00e0 une autre personne ou \u00e0 leur propri\u00e9t\u00e9.<\/h3>\n<p><strong>Par d\u00e9faut<\/strong><\/p>\n<p>Si l\u2019invit\u00e9 ne se conforme pas aux conditions et obligations de cette entente, l\u2019invit\u00e9 doit c\u00e9der la propri\u00e9t\u00e9, retirer tous les biens et les rev\u00eatements de l\u2019invit\u00e9 et laisser la propri\u00e9t\u00e9 en bon \u00e9tat et sans dommages. Aucune partie des frais de location totaux ne sera effectu\u00e9e et si une action en justice est n\u00e9cessaire, l\u2019invit\u00e9 a droit au remboursement de l\u2019agent locatif\/ propri\u00e9taire de la propri\u00e9t\u00e9 pour tous les frais encourus.<\/p>\n<p><strong>RISQUE DE PERTE ET D\u2019INDEMNISATION<\/strong><\/p>\n<p>L\u2019invit\u00e9 convient que tous les biens personnels, meubles, effets personnels et autres articles introduits dans la propri\u00e9t\u00e9 par l\u2019invit\u00e9 ou leurs invit\u00e9s et visiteurs autoris\u00e9s doivent \u00eatre seuls \u00e0 risque d\u2019invit\u00e9 en ce qui concerne tout vol, dommages, destruction ou autre perte et agent de location \/ propri\u00e9taire de la propri\u00e9t\u00e9 ne doit pas \u00eatre responsable ou responsable pour quelque raison que ce soit.<\/p>\n<p>Invit\u00e9 par la pr\u00e9sente clauses et accepte d\u2019indemniser et de d\u00e9tenir inoffensifs agent locatif et leurs agents, propri\u00e9taires, successeurs, employ\u00e9s et entrepreneurs de et contre tout co\u00fbt, dommages, passifs, r\u00e9clamations, frais juridiques et autres actions pour tout dommage, frais, honoraires d\u2019avocats encourus par l\u2019invit\u00e9, invit\u00e9s autoris\u00e9s, visiteurs ou agents, repr\u00e9sentants ou successeurs de Guest en raison de toute r\u00e9clamation relative \u00e0 la destruction de biens ou de blessures \u00e0 des personnes ou \u00e0 la perte de vie subie par<\/p>\n<p>Invit\u00e9 ou famille et les visiteurs de Guest in ou about the Property and Guest acceptent express\u00e9ment d\u2019\u00e9pargner et de tenir inoffensif l\u2019agent locatif\/ propri\u00e9taire de propri\u00e9t\u00e9 inoffensif dans tous ces cas.<\/p>\n<p><strong>Lib\u00e9ration<\/strong><\/p>\n<p>L\u2019invit\u00e9 renonce et lib\u00e8re toute r\u00e9clamation contre l\u2019agent locatif\/ propri\u00e9taire de propri\u00e9t\u00e9, et leurs successeurs, assigne, employ\u00e9s ou repr\u00e9sentants, officiellement ou autrement, pour toute blessure ou d\u00e9c\u00e8s qui peut \u00eatre subi par l\u2019invit\u00e9 sur ou pr\u00e8s ou \u00e0 proximit\u00e9 de la propri\u00e9t\u00e9, y compris les installations, activit\u00e9s ou commodit\u00e9s communes.<\/p>\n<p>Le client accepte d\u2019utiliser de telles installations ou commodit\u00e9s enti\u00e8rement \u00e0 l\u2019initiative, au risque et \u00e0 la responsabilit\u00e9 de l\u2019invit\u00e9.<\/p>\n<p><strong>ENTR\u00c9E ET INSPECTION<\/strong><\/p>\n<p>L\u2019agent de location\/propri\u00e9taire se r\u00e9serve le droit d\u2019entrer dans la propri\u00e9t\u00e9 \u00e0 des moments raisonnables et avec un pr\u00e9avis raisonnable aux fins de l\u2019inspection de la propri\u00e9t\u00e9 ou de la pr\u00e9sentation de la propri\u00e9t\u00e9 \u00e0 des acheteurs \u00e9ventuels, locataires ou autres personnes autoris\u00e9es. Si l\u2019agent de location\/ propri\u00e9taire de propri\u00e9t\u00e9 a une croyance raisonnable qu\u2019il y a un danger imminent pour n\u2019importe quelle personne ou propri\u00e9t\u00e9, l\u2019agent de location\/ propri\u00e9taire de propri\u00e9t\u00e9 peut entrer dans la propri\u00e9t\u00e9 sans pr\u00e9avis.<\/p>\n<p><strong>SERVICES SUPPL\u00c9MENTAIRES<\/strong><\/p>\n<p>Un service suppl\u00e9mentaire d\u2019une soci\u00e9t\u00e9 tierce, par exemple la location de voiture, le transfert d\u2019a\u00e9roport, les excursions, les excursions en bateau ect peuvent \u00eatre organis\u00e9s et r\u00e9serv\u00e9s par l\u2019agent de location \/ propri\u00e9taire de la propri\u00e9t\u00e9 \u00e0 la demande du client;<\/p>\n<p>L\u2019invit\u00e9 comprend et reconna\u00eet que l\u2019agent de location\/ propri\u00e9taire ne doit pas \u00eatre responsable des retards\/difficult\u00e9s, des accidents, des vols avec une soci\u00e9t\u00e9 tierce.<\/p>\n<p>L\u2019invit\u00e9 doit entrer personnellement en contact avec l\u2019agence tierce pour reconfirmer toutes les r\u00e9servations; Les paiements doivent \u00eatre effectu\u00e9s par les invit\u00e9s directement \u00e0 la soci\u00e9t\u00e9 tierce.<\/p>\n\t\t\t\t\t\t\t\t<\/div>\n\t\t\t\t<\/div>\n\t\t\t\t\t<\/div>\n\t\t<\/div>\n\t\t\t\t\t<\/div>\n\t\t<\/section>\n\t\t\t\t<\/div>\n\t\t","protected":false},"excerpt":{"rendered":"<p>Politique sur les circonstances att\u00e9nuantes Quelles r\u00e9servations sont couvertes R\u00e9servations effectu\u00e9es au plus tard le 14 mars 2020 Les r\u00e9servations pour les s\u00e9jours effectu\u00e9s au plus tard le 14 mars 2020, avec une date d\u2019arriv\u00e9e comprise entre le 14 mars 2020 et le 15 juillet 2020, peuvent \u00eatre annul\u00e9es avant l\u2019enregistrement. Cela signifie que les &#8230;<\/p>\n","protected":false},"author":1,"featured_media":0,"parent":0,"menu_order":0,"comment_status":"closed","ping_status":"closed","template":"","meta":{"inline_featured_image":false,"footnotes":""},"class_list":["post-79756","page","type-page","status-publish","hentry"],"yoast_head":"<!-- This site is optimized with the Yoast SEO plugin v24.4 - https:\/\/yoast.com\/wordpress\/plugins\/seo\/ -->\n<title>Conditions g\u00e9n\u00e9rales - Mauritius Direct - we rent private villas directly from owners<\/title>\n<meta name=\"description\" content=\"we rent private villas directly from owners - Search for Holiday Houses and Villas for Rent in the Indian Ocean with Mauritius Direct\" \/>\n<meta name=\"robots\" content=\"index, follow, max-snippet:-1, max-image-preview:large, max-video-preview:-1\" \/>\n<link rel=\"canonical\" href=\"https:\/\/mauritius-direct.com\/fr\/terms-and-conditions\/\" \/>\n<meta property=\"og:locale\" content=\"fr_FR\" \/>\n<meta property=\"og:type\" content=\"article\" \/>\n<meta property=\"og:title\" content=\"Conditions g\u00e9n\u00e9rales - Mauritius Direct - we rent private villas directly from owners\" \/>\n<meta property=\"og:description\" content=\"we rent private villas directly from owners - Search for Holiday Houses and Villas for Rent in the Indian Ocean with Mauritius Direct\" \/>\n<meta property=\"og:url\" content=\"https:\/\/mauritius-direct.com\/fr\/terms-and-conditions\/\" \/>\n<meta property=\"og:site_name\" content=\"Mauritius Direct\" \/>\n<meta property=\"article:modified_time\" content=\"2021-12-23T18:02:37+00:00\" \/>\n<meta name=\"twitter:card\" content=\"summary_large_image\" \/>\n<meta name=\"twitter:label1\" content=\"Dur\u00e9e de lecture estim\u00e9e\" \/>\n\t<meta name=\"twitter:data1\" content=\"11 minutes\" \/>\n<script type=\"application\/ld+json\" class=\"yoast-schema-graph\">{\"@context\":\"https:\/\/schema.org\",\"@graph\":[{\"@type\":\"WebPage\",\"@id\":\"https:\/\/mauritius-direct.com\/fr\/terms-and-conditions\/\",\"url\":\"https:\/\/mauritius-direct.com\/fr\/terms-and-conditions\/\",\"name\":\"Conditions g\u00e9n\u00e9rales - Mauritius Direct - we rent private villas directly from owners\",\"isPartOf\":{\"@id\":\"https:\/\/mauritius-direct.com\/fr\/#website\"},\"datePublished\":\"2015-04-23T12:57:21+00:00\",\"dateModified\":\"2021-12-23T18:02:37+00:00\",\"description\":\"we rent private villas directly from owners - Search for Holiday Houses and Villas for Rent in the Indian Ocean with Mauritius Direct\",\"inLanguage\":\"fr-FR\",\"potentialAction\":[{\"@type\":\"ReadAction\",\"target\":[\"https:\/\/mauritius-direct.com\/fr\/terms-and-conditions\/\"]}]},{\"@type\":\"WebSite\",\"@id\":\"https:\/\/mauritius-direct.com\/fr\/#website\",\"url\":\"https:\/\/mauritius-direct.com\/fr\/\",\"name\":\"Mauritius Direct\",\"description\":\"we rent private villas directly from owners\",\"publisher\":{\"@id\":\"https:\/\/mauritius-direct.com\/fr\/#organization\"},\"potentialAction\":[{\"@type\":\"SearchAction\",\"target\":{\"@type\":\"EntryPoint\",\"urlTemplate\":\"https:\/\/mauritius-direct.com\/fr\/?s={search_term_string}\"},\"query-input\":{\"@type\":\"PropertyValueSpecification\",\"valueRequired\":true,\"valueName\":\"search_term_string\"}}],\"inLanguage\":\"fr-FR\"},{\"@type\":\"Organization\",\"@id\":\"https:\/\/mauritius-direct.com\/fr\/#organization\",\"name\":\"Mauritius Direct\",\"url\":\"https:\/\/mauritius-direct.com\/fr\/\",\"logo\":{\"@type\":\"ImageObject\",\"inLanguage\":\"fr-FR\",\"@id\":\"https:\/\/mauritius-direct.com\/fr\/#\/schema\/logo\/image\/\",\"url\":\"https:\/\/mauritius-direct.com\/wp-content\/uploads\/2020\/03\/logo.png\",\"contentUrl\":\"https:\/\/mauritius-direct.com\/wp-content\/uploads\/2020\/03\/logo.png\",\"width\":522,\"height\":50,\"caption\":\"Mauritius Direct\"},\"image\":{\"@id\":\"https:\/\/mauritius-direct.com\/fr\/#\/schema\/logo\/image\/\"}}]}<\/script>\n<!-- \/ Yoast SEO plugin. -->","yoast_head_json":{"title":"Conditions g\u00e9n\u00e9rales - Mauritius Direct - we rent private villas directly from owners","description":"we rent private villas directly from owners - Search for Holiday Houses and Villas for Rent in the Indian Ocean with Mauritius Direct","robots":{"index":"index","follow":"follow","max-snippet":"max-snippet:-1","max-image-preview":"max-image-preview:large","max-video-preview":"max-video-preview:-1"},"canonical":"https:\/\/mauritius-direct.com\/fr\/terms-and-conditions\/","og_locale":"fr_FR","og_type":"article","og_title":"Conditions g\u00e9n\u00e9rales - Mauritius Direct - we rent private villas directly from owners","og_description":"we rent private villas directly from owners - Search for Holiday Houses and Villas for Rent in the Indian Ocean with Mauritius Direct","og_url":"https:\/\/mauritius-direct.com\/fr\/terms-and-conditions\/","og_site_name":"Mauritius Direct","article_modified_time":"2021-12-23T18:02:37+00:00","twitter_card":"summary_large_image","twitter_misc":{"Dur\u00e9e de lecture estim\u00e9e":"11 minutes"},"schema":{"@context":"https:\/\/schema.org","@graph":[{"@type":"WebPage","@id":"https:\/\/mauritius-direct.com\/fr\/terms-and-conditions\/","url":"https:\/\/mauritius-direct.com\/fr\/terms-and-conditions\/","name":"Conditions g\u00e9n\u00e9rales - Mauritius Direct - we rent private villas directly from owners","isPartOf":{"@id":"https:\/\/mauritius-direct.com\/fr\/#website"},"datePublished":"2015-04-23T12:57:21+00:00","dateModified":"2021-12-23T18:02:37+00:00","description":"we rent private villas directly from owners - Search for Holiday Houses and Villas for Rent in the Indian Ocean with Mauritius Direct","inLanguage":"fr-FR","potentialAction":[{"@type":"ReadAction","target":["https:\/\/mauritius-direct.com\/fr\/terms-and-conditions\/"]}]},{"@type":"WebSite","@id":"https:\/\/mauritius-direct.com\/fr\/#website","url":"https:\/\/mauritius-direct.com\/fr\/","name":"Mauritius Direct","description":"we rent private villas directly from owners","publisher":{"@id":"https:\/\/mauritius-direct.com\/fr\/#organization"},"potentialAction":[{"@type":"SearchAction","target":{"@type":"EntryPoint","urlTemplate":"https:\/\/mauritius-direct.com\/fr\/?s={search_term_string}"},"query-input":{"@type":"PropertyValueSpecification","valueRequired":true,"valueName":"search_term_string"}}],"inLanguage":"fr-FR"},{"@type":"Organization","@id":"https:\/\/mauritius-direct.com\/fr\/#organization","name":"Mauritius Direct","url":"https:\/\/mauritius-direct.com\/fr\/","logo":{"@type":"ImageObject","inLanguage":"fr-FR","@id":"https:\/\/mauritius-direct.com\/fr\/#\/schema\/logo\/image\/","url":"https:\/\/mauritius-direct.com\/wp-content\/uploads\/2020\/03\/logo.png","contentUrl":"https:\/\/mauritius-direct.com\/wp-content\/uploads\/2020\/03\/logo.png","width":522,"height":50,"caption":"Mauritius Direct"},"image":{"@id":"https:\/\/mauritius-direct.com\/fr\/#\/schema\/logo\/image\/"}}]}},"_links":{"self":[{"href":"https:\/\/mauritius-direct.com\/fr\/wp-json\/wp\/v2\/pages\/79756","targetHints":{"allow":["GET"]}}],"collection":[{"href":"https:\/\/mauritius-direct.com\/fr\/wp-json\/wp\/v2\/pages"}],"about":[{"href":"https:\/\/mauritius-direct.com\/fr\/wp-json\/wp\/v2\/types\/page"}],"author":[{"embeddable":true,"href":"https:\/\/mauritius-direct.com\/fr\/wp-json\/wp\/v2\/users\/1"}],"replies":[{"embeddable":true,"href":"https:\/\/mauritius-direct.com\/fr\/wp-json\/wp\/v2\/comments?post=79756"}],"version-history":[{"count":0,"href":"https:\/\/mauritius-direct.com\/fr\/wp-json\/wp\/v2\/pages\/79756\/revisions"}],"wp:attachment":[{"href":"https:\/\/mauritius-direct.com\/fr\/wp-json\/wp\/v2\/media?parent=79756"}],"curies":[{"name":"wp","href":"https:\/\/api.w.org\/{rel}","templated":true}]}}