{"id":79755,"date":"2015-04-23T12:57:21","date_gmt":"2015-04-23T12:57:21","guid":{"rendered":"https:\/\/mauritius-direct.com\/terms-and-conditions\/"},"modified":"2021-12-23T19:02:20","modified_gmt":"2021-12-23T18:02:20","slug":"terms-and-conditions","status":"publish","type":"page","link":"https:\/\/mauritius-direct.com\/fi\/terms-and-conditions\/","title":{"rendered":"Ehdot ja edellytykset"},"content":{"rendered":"\t\t<div data-elementor-type=\"wp-page\" data-elementor-id=\"79755\" class=\"elementor elementor-79755 elementor-356\">\n\t\t\t\t\t\t<section class=\"elementor-section elementor-top-section elementor-element elementor-element-5510a465 elementor-section-boxed elementor-section-height-default elementor-section-height-default\" data-id=\"5510a465\" data-element_type=\"section\">\n\t\t\t\t\t\t<div class=\"elementor-container elementor-column-gap-default\">\n\t\t\t\t\t<div class=\"elementor-column elementor-col-100 elementor-top-column elementor-element elementor-element-2e3df7cb\" data-id=\"2e3df7cb\" data-element_type=\"column\">\n\t\t\t<div class=\"elementor-widget-wrap elementor-element-populated\">\n\t\t\t\t\t\t<div class=\"elementor-element elementor-element-13a78b9f elementor-widget elementor-widget-text-editor\" data-id=\"13a78b9f\" data-element_type=\"widget\" data-widget_type=\"text-editor.default\">\n\t\t\t\t<div class=\"elementor-widget-container\">\n\t\t\t\t\t\t\t\t\t<p><strong>Lievent\u00e4vien asianajojen k\u00e4yt\u00e4nt\u00f6<\/strong><\/p>\n<p><b>Mit\u00e4 varauksia katetaan<\/b><\/p>\n<p><b>14.3.2020 tai sit\u00e4 ennen tehdyt varaumat<\/b><\/p>\n<p>14.3.2020 tai sit\u00e4 ennen tehdyt varaukset, joiden sis\u00e4\u00e4nkirjautumisp\u00e4iv\u00e4 on 14.3.2020\u201315.7.2020, voidaan peruuttaa ennen sis\u00e4\u00e4nkirjautumista. T\u00e4m\u00e4 tarkoittaa, ett\u00e4 vieraat, jotka peruuttavat k\u00e4yt\u00e4nn\u00f6n mukaisesti, saavat t\u00e4yden k\u00e4teispalautuksen tai matkahyvityksen maksamassaan summassa (jos matkahyvitys on saatavilla), miinus palvelumaksu 8 %, ja joko hyvit\u00e4mme tai my\u00f6nn\u00e4mme matkahyvityksen.<\/p>\n<p>14.3.2020 tai sit\u00e4 ennen tehtyj\u00e4 y\u00f6pymisvarauksia, joiden sis\u00e4\u00e4nkirjautumisp\u00e4iv\u00e4 on 15.7.2020 j\u00e4lkeen, ei t\u00e4ll\u00e4 hetkell\u00e4 kateta covid-19:\u00e4\u00e4n liittyvien lievent\u00e4vien asiantunsien vuoksi. Peruutusehdot ovat voimassa normaalisti.<\/p>\n<p>Jos varaus on jo alkanut (sis\u00e4\u00e4nkirjautuminen on ohi), t\u00e4t\u00e4 lievennysolosuhteita ei sovelleta.<\/p>\n<p><b>14.3.2020 j\u00e4lkeen tehdyt varaukset<\/b><\/p>\n<p>14.3.2020 j\u00e4lkeen tehtyj\u00e4 y\u00f6pymisvarauksia ei kateta lievent\u00e4vien asianteesuhteistamme, paitsi jos vieras tai majoittaja on t\u00e4ll\u00e4 hetkell\u00e4 sairas COVID-19:n kanssa. Covid-19-pandemiaan liittyvi\u00e4 olosuhteita, joita ei kata, ovat: kuljetush\u00e4iri\u00f6t ja peruutukset; matkustustiedotteet ja -rajoitukset; terveystiedotteet ja karanteenit; sovellettavan lains\u00e4\u00e4d\u00e4nn\u00f6n muutokset; ja muut hallituksen valtuudet, kuten evakuointim\u00e4\u00e4r\u00e4ykset, rajojen sulkeminen, lyhytaikaisten vuokrien kielt\u00e4minen ja suojapaikkavaatimukset. Peruutusehdot ovat voimassa normaalisti.<\/p>\n<p>Lievent\u00e4vien asiank\u00e4ytt\u00f6k\u00e4yt\u00e4nt\u00f6jemme tarkoituksena on suojella vieraita ja majoittajia odottamattomilta olosuhteilta, jotka syntyv\u00e4t varauksen j\u00e4lkeen. Sen j\u00e4lkeen, kun Maailman terveysj\u00e4rjest\u00f6 on julistanut covid-19:n maailmanlaajuiseksi pandemiaksi, lievent\u00e4vi\u00e4 asianajoja koskevaa politiikkaa ei en\u00e4\u00e4 sovelleta, koska covid-19 ja sen seuraukset eiv\u00e4t ole en\u00e4\u00e4 odottamattomia tai odottamattomia.<span class=\"Apple-converted-space\"> <\/span><\/p>\n<p><strong>VUOKRASOPIMUS<\/strong><\/p>\n<p>T\u00e4m\u00e4 vuokrasopimus on oikeudellisesti sitova sopimus ensimm\u00e4isest\u00e4 maksusta l\u00e4htien.<\/p>\n<p>Vieras on suostunut vuokraamaan asunnon ilmoituksessa kuvatulla tavalla kokonaisvuokramaksun vuokra-ajan ajaksi ja muun hyv\u00e4n ja arvokkaan harkinnan ajan t\u00e4ss\u00e4 kuvatulla tavalla. Varauksen maksaminen on t\u00e4m\u00e4n vuokrasopimuksen allekirjoittamista ja hyv\u00e4ksymist\u00e4.<\/p>\n<p><strong>K\u00c4YTT\u00d6ASTE<\/strong><\/p>\n<p>Vieras hyv\u00e4ksyy, ett\u00e4 vain varauslomakkeeseen kirjoitettu henkil\u00f6 on sallittu<\/p>\n<p>Kiinteist\u00f6milloin tahansa vuokra-ajan aikana, jotka kaikkien on noudatettava asiakkaalle t\u00e4m\u00e4n Sopimuksen nojalla asetettuja ehtoja ja rajoituksia, ellei vuokra-asiamies\/ kiinteist\u00f6nomistaja ole antanut siihen lupaa<\/p>\n<p>Ylim\u00e4\u00e4r\u00e4isist\u00e4 vieraista veloitetaan kokonaisuudessaan ehtojen mukaisesti.<\/p>\n<p>Vierailijat eiv\u00e4t ole sallittuja. Kirjallinen kysely on teht\u00e4v\u00e4 vuokra-agentille\/omaisuudelle.<\/p>\n<p><strong>PERUUTUSK\u00c4YT\u00c4NT\u00d6<\/strong><\/p>\n<p>50 %: n takuumaksu, jota ei palauteta, vaaditaan varauksesta.<\/p>\n<p>50 % saldoa, jota ei palauteta, er\u00e4\u00e4ntyy viimeist\u00e4\u00e4n 60 p\u00e4iv\u00e4\u00e4 ennen saapumista<\/p>\n<p>Vuokra-asiamiehen\/kiinteist\u00f6n omistaja pid\u00e4tt\u00e4\u00e4 itsell\u00e4\u00e4n oikeuden peruuttaa varauksen, jos maksua ei ole suoritettu ajoissa.<\/p>\n<p>Suosittelemme, ett\u00e4 kaikilla asiakkailla on vaadittu matkavakuutus, joka kattaa peruutuksen, varkauden, sairauden ja onnettomuuden. Lue vakuutussopimuksen pieni tuloste ennen matkaa varmistaaksesi, ett\u00e4 sinulla on oikea kansi.<\/p>\n<p><strong>YLIVOIMAINEN ESTE<\/strong><\/p>\n<p>Vuokra-asiamies\/kiinteist\u00f6nomistaja ei voi ottaa vastuuta tai maksaa mit\u00e4\u00e4n korvausta, jos varaussopimuksen t\u00e4yt\u00e4nt\u00f6\u00f6npano tai nopea t\u00e4yt\u00e4nt\u00f6\u00f6npano estyy tai vaikuttaa &#8221;ylivoimaiseen esteeseen&#8221; vaikuttavien olosuhteiden vuoksi.<\/p>\n<p>Olosuhteet, jotka ovat &#8221;ylivoimainen este&#8221; ovat kaikki tapahtumat, joita emme voineet, vaikka kaikella huolellisuudesta, ennakoimaan tai v\u00e4ltt\u00e4m\u00e4\u00e4n. T\u00e4llaisia olosuhteita ovat majoitustilojen tuhoutuminen tai vahingoittuminen (jota ei voida kohtuudella korjata tyydytt\u00e4v\u00e4\u00e4n standardiin ennen loman alkamista) tulipalon, tulvan, r\u00e4j\u00e4hdyksen, myrskyn tai muun s\u00e4\u00e4vaurion, murtumisen, rikosoikeudellisten vahinkojen, mellakoiden tai siviilikiistan, taistelujen, ty\u00f6taistelujen, luonnonkatastrofin tai ydinonnettomuuden, tulipalon, ep\u00e4suotuisten s\u00e4\u00e4olojen, sodan tai sodan uhan, todellisen tai uhan terroritoiminnan vuoksi. , epidemia ja kaikki vastaavat tilanteet, joihin emme voi vaikuttaa.<\/p>\n<p>On nimenomaisesti sovittu, ett\u00e4 ylivoimainen este keskeytt\u00e4\u00e4 vuokra-ajan\/ kiinteist\u00f6nomistajan velvoitteet. Asiakkaiden tulee maksaa lis\u00e4kustannuksia, joita voi aiheutua muutoksista lennoilla, majoituksessa, autonvuokrauksessa ylivoimaisen esteen j\u00e4lkeen.<\/p>\n<p><strong>LUOVUTUS TAI ALIVUOKRASOPIMUS<\/strong><\/p>\n<p>Vieras ei saa luovuttaa tai alivuokrata omaisuutta tai sallia muiden henkil\u00f6iden, jotka eiv\u00e4t ole asiakkaan perheenj\u00e4seni\u00e4 tai vieraita ja jotka sis\u00e4ltyv\u00e4t t\u00e4m\u00e4n Sopimuksen mukaisesti majoittujien lukum\u00e4\u00e4r\u00e4\u00e4n ja sallittuun m\u00e4\u00e4r\u00e4\u00e4n.<\/p>\n<p>Vain talon henkil\u00f6kunnalla on p\u00e4\u00e4sy huvilaan (ei hierojaa, kalastajaa jne. muu kuin vuokra-asiamiehen\/ kiinteist\u00f6nomistajan sallima)<\/p>\n<p><strong>SIS\u00c4\u00c4N- JA ULOSKIRJAUTUMISK\u00c4YT\u00c4NT\u00d6<\/strong><\/p>\n<p>Sis\u00e4\u00e4nkirjautuminen: klo 14.00\u201316.00 (Lis\u00e4maksu my\u00f6h\u00e4isemp\u00e4n\u00e4 sis\u00e4\u00e4nkirjautumisen yhteydess\u00e4, viimeisin sis\u00e4\u00e4nkirjautuminen)<\/p>\n<p>Uloskirjautuminen: klo 10.00 (koko y\u00f6n y\u00f6st\u00e4 veloitetaan my\u00f6h\u00e4isest\u00e4 uloskirjautumisesta ja vain, jos varaus tehd\u00e4\u00e4n etuk\u00e4teen)<\/p>\n<p><strong>OMAISUUDEN KUNTO JA K\u00c4YTT\u00d6<\/strong><\/p>\n<p>Ominaisuus on tarkoitettu sellaisenaan. Vuokra-asiamiehen\/kiinteist\u00f6n omistajan on pyritt\u00e4v\u00e4 parhaansa mukaan varmistamaan kaikkien kiinteist\u00f6n mukavuuksien, kuten internet-yhteyden, satelliitti- tai kaapeli-tv:n tai porealtaan, tulisijojen, toiminnan varmistamiseksi. Vuokra-asiamiehen\/ kiinteist\u00f6n omistaja ei ole vastuussa t\u00e4llaisista asioista, jotka eiv\u00e4t toimi, vaan pyrkii kaikin tavoin korjaamaan mahdolliset ongelmat mahdollisimman nopeasti. Hyvityst\u00e4 ei palauteta.<\/p>\n<p>Vieras my\u00f6nt\u00e4\u00e4, ett\u00e4 kylpytynnyrien, altaiden, kylpyl\u00f6iden, tulisijoiden, kansien ja joiden kaltaisten mukavuuksien k\u00e4ytt\u00f6 voi olla vaarallista ja johon voi liitty\u00e4 mahdollisia riskej\u00e4 erityisesti lasten ja t\u00e4llaisen k\u00e4yt\u00f6n osalta, on asiakkaan omalla vastuulla.<\/p>\n<p>Alaik\u00e4isi\u00e4 lapsia ei saa j\u00e4tt\u00e4\u00e4 valvomatta kiinteist\u00f6n asettamiseen. Lapset ovat varmasti tarkkailussanne. Kannusta heit\u00e4 kunnioittamaan omaisuutta ja ymp\u00e4rist\u00f6\u00e4.<\/p>\n<p style=\"text-align: left;\">Asiakas saa k\u00e4ytt\u00e4\u00e4 Kiinteist\u00f6\u00e4 vain asuink\u00e4ytt\u00f6\u00f6n ja huolellisesti est\u00e4\u00e4kseen kiinteist\u00f6n vahingoittumisen tai menetyksen ja pit\u00e4\u00e4kseen kiinteist\u00f6n aina puhtaana ja terveen\u00e4. Vieras ja muut sallitut vieraat eiv\u00e4t saa h\u00e4irit\u00e4, \u00e4rty\u00e4, aiheuttaa tai haitata naapureita, eik\u00e4 Vieras saa k\u00e4ytt\u00e4\u00e4 Omaisuutta mihink\u00e4\u00e4n moraalittomaan, loukkaavaan tai laittomaan tarkoitukseen, eik\u00e4 rikkoa mit\u00e4\u00e4n lakia, yhdistyksen s\u00e4\u00e4nt\u00f6j\u00e4 tai m\u00e4\u00e4r\u00e4yksi\u00e4, eik\u00e4 tehd\u00e4 j\u00e4tett\u00e4 tai haittaa omaisuutta tai siit\u00e4.<\/p>\n<p style=\"text-align: left;\"><strong>PALO- JA LEIRIPALOT EIV\u00c4T OLE SALLITTUJA 300 METRIN S\u00c4TEELL\u00c4 MAJOITUS- JA KIINTEIST\u00d6VALIKOIMASTA (RANTA MUKAAN LUETTUNA)<\/strong><\/p>\n<p><strong>Ilmastointi<\/strong><\/p>\n<p>S\u00e4hk\u00f6maksut sis\u00e4ltyv\u00e4t vuokrakustannuksiin. Ovet ja ikkunat on suljettava, kun ilmastointi on p\u00e4\u00e4ll\u00e4; laitteet on kytkett\u00e4v\u00e4 pois p\u00e4\u00e4lt\u00e4, kun huoneet ovat tyhj\u00e4t. Jos asiakkaat haluavat antaa yksik\u00f6iden juosta koko p\u00e4iv\u00e4n, lis\u00e4s\u00e4hk\u00f6st\u00e4 veloitetaan lis\u00e4maksu, joka maksetaan saapumisen yhteydess\u00e4.<\/p>\n<p>Jos s\u00e4hk\u00f6n k\u00e4ytt\u00f6\u00e4 k\u00e4ytet\u00e4\u00e4n v\u00e4\u00e4rin, maksu veloitetaan l\u00e4ht\u00f6p\u00e4iv\u00e4n\u00e4si tai v\u00e4hennet\u00e4\u00e4n talletuksesta.<\/p>\n<p>Vuokra-asiamies\/ kiinteist\u00f6nomistaja ei ole vastuussa talon henkil\u00f6kunnan puutteesta; tukea ei makseta.<\/p>\n<p>Ruoka ja juoma, siivous tarjonta ei sis\u00e4lly hintaan.<\/p>\n<p>Ei tupakointia koko majoitus \/ huvila \/ M\u00f6kki \/ Huoneisto.<\/p>\n<p><strong>VAKUUS<\/strong><\/p>\n<p>Laskussa ilmoitettu takuumaksu maksetaan varauksen yhteydess\u00e4. Takuumaksu palautetaan, jos Huvila l\u00f6ytyy hyv\u00e4kunnosta. Mahdolliset rikkoutumset tai vahingot v\u00e4hennet\u00e4\u00e4n.<\/p>\n<p>Jos talon\/omaisuuden\/huonekalujen vaurioituminen on vakavaa, poliisi kutsutaan.<\/p>\n<h3>Henkil\u00f6kohtainen vastuu Matkavakuutus on pakollinen. Vieraat ovat taloudellisesti vastuussa vahingoista, joita he ovat aiheuttaneet toiselle henkil\u00f6lle tai heid\u00e4n omaisuudelleen<\/h3>\n<p><strong>Oletus<\/strong><\/p>\n<p>Jos vieras ei noudata t\u00e4m\u00e4n Sopimuksen ehtoja ja velvollisuuksia, asiakkaan tulee luovuttaa Kiinteist\u00f6, poistaa kaikki asiakkaan omaisuus ja omaisuutensa ja j\u00e4tt\u00e4\u00e4 kiinteist\u00f6n hyv\u00e4ss\u00e4 j\u00e4rjestyksess\u00e4 ja vahingoittumattomana. Kokonaisvuokramaksun mit\u00e4\u00e4n osaa ei palauteta, ja jos oikeustoimet ovat tarpeen, vieraalla on oikeus saada korvaus vuokra-asiamiehelle\/kiinteist\u00f6nomistajalle kaikista aiheutuneista kuluista.<\/p>\n<p><strong>TAPPIO- JA KORVAUSRISKI<\/strong><\/p>\n<p>Vieras hyv\u00e4ksyy, ett\u00e4 kaikki asiakkaan tai heid\u00e4n sallittujen vieraidensa ja vierailijoiden saajan omaisuutta, huonekaluja, henkil\u00f6kohtaisia vaikutuksia ja muita esineit\u00e4 koskevat henkil\u00f6kohtaiset kiinteist\u00f6t, kalusteet, henkil\u00f6kohtaiset vaikutukset ja muut tavarat ovat vastuussa mist\u00e4\u00e4n syyst\u00e4.<\/p>\n<p>Vieras sitoutuu t\u00e4ten korvaamaan ja pit\u00e4m\u00e4\u00e4n vaarattoman asiointimiehen ja heid\u00e4n edustajansa, kiinteist\u00f6nomistajat, seuraajat, ty\u00f6ntekij\u00e4t ja urakoitsijat kaikista kuluista, vahingoista, vastuista, vaateista, oikeudellisista maksuista ja muista kanteista, jotka koskevat asiakkaalle, sallituista vieraista, vierailijoista tai edustajista, vieraiden edustajille tai seuraajille aiheutuneita vahinkoja, kustannuksia, asianajajia tai muita kanteita, jotka johtuvat kaikista vaatimuksista, jotka liittyv\u00e4t omaisuuden tai omaisuuden menetykseen henkil\u00f6ille tai ihmishenkien menetykseen.<\/p>\n<p>Vieras tai perheen ja vierailijoita tai vierailijoita tai noin Omaisuutta ja Vieras nimenomaisesti suostuu tallentaa ja pit\u00e4\u00e4 Vuokra-agentin \/ kiinteist\u00f6n omistaja vaaraton kaikissa t\u00e4llaisissa tapauksissa.<\/p>\n<p><strong>Vapauttaa<\/strong><\/p>\n<p>Vieras luopuu ja vapauttaa t\u00e4ten kaikki vaateet vuokra-asiamiehen\/ kiinteist\u00f6n omistajan ja heid\u00e4n seuraajiensa, luovuttaa, ty\u00f6ntekij\u00e4t tai edustajat virallisesti tai muulla tavoin kaikista vammoista tai kuolemista, joita Vieras voi k\u00e4rsi\u00e4 majoituspaikan l\u00e4heisyydess\u00e4 tai l\u00e4hell\u00e4 tai l\u00e4hell\u00e4, mukaan lukien yhteiset tilat, toiminnot tai mukavuudet.<\/p>\n<p>Vieras sitoutuu k\u00e4ytt\u00e4m\u00e4\u00e4n t\u00e4llaisia palveluja tai mukavuuksia t\u00e4ysin asiakkaan omasta aloitteesta, riskill\u00e4 ja vastuulla.<\/p>\n<p><strong>MAAHANTULO JA TARKASTUS<\/strong><\/p>\n<p>Vuokra-asiamiehen\/kiinteist\u00f6n omistaja pid\u00e4tt\u00e4\u00e4 oikeuden tulla kiinteist\u00f6\u00f6n kohtuullisina aikoina ja kohtuullisella ennakkoilmoituksella kiinteist\u00f6n tarkastamiseksi tai kiinteist\u00f6n n\u00e4ytt\u00e4miseksi mahdollisille ostajille, vuokraajille tai muille valtuutetuille henkil\u00f6ille. Jos vuokra-asiamiehen\/ kiinteist\u00f6n omistaja lla on kohtuullinen k\u00e4sitys siit\u00e4, ett\u00e4 on v\u00e4lit\u00f6n vaara jollekin henkil\u00f6lle tai omaisuudelle, vuokra-asiamiehen\/ kiinteist\u00f6n omistaja voi tulla kiinteist\u00f6\u00f6n ilman ennakkoilmoitusta.<\/p>\n<p><strong>LIS\u00c4PALVELUT<\/strong><\/p>\n<p>Kolmannen osapuolen yritykselt\u00e4 voi j\u00e4rjest\u00e4\u00e4 ja varata lis\u00e4palvelun, kuten autonvuokrausta, lentokentt\u00e4kuljetusta, retki\u00e4, veneretki\u00e4, jotka ovat vuokra-agentin\/ kiinteist\u00f6n omistajan pyynn\u00f6st\u00e4;<\/p>\n<p>Vieras ymm\u00e4rt\u00e4\u00e4 ja hyv\u00e4ksyy, ett\u00e4 vuokra-asiamies \/ kiinteist\u00f6nomistaja ei ole vastuussa mist\u00e4\u00e4n viiv\u00e4styksist\u00e4\/vaikeuksista, onnettomuuksista, ry\u00f6st\u00f6ist\u00e4 kolmannen osapuolen yrityksen kanssa.<\/p>\n<p>Asiakkaan on henkil\u00f6kohtaisesti otettava yhteytt\u00e4 kolmannen osapuolen toimistoon vahvistaakseen kaikki varaukset; Asiakkaat suorittavat maksut suoraan kolmannen osapuolen yritykselle.<\/p>\n\t\t\t\t\t\t\t\t<\/div>\n\t\t\t\t<\/div>\n\t\t\t\t\t<\/div>\n\t\t<\/div>\n\t\t\t\t\t<\/div>\n\t\t<\/section>\n\t\t\t\t<\/div>\n\t\t","protected":false},"excerpt":{"rendered":"<p>Lievent\u00e4vien asianajojen k\u00e4yt\u00e4nt\u00f6 Mit\u00e4 varauksia katetaan 14.3.2020 tai sit\u00e4 ennen tehdyt varaumat 14.3.2020 tai sit\u00e4 ennen tehdyt varaukset, joiden sis\u00e4\u00e4nkirjautumisp\u00e4iv\u00e4 on 14.3.2020\u201315.7.2020, voidaan peruuttaa ennen sis\u00e4\u00e4nkirjautumista. T\u00e4m\u00e4 tarkoittaa, ett\u00e4 vieraat, jotka peruuttavat k\u00e4yt\u00e4nn\u00f6n mukaisesti, saavat t\u00e4yden k\u00e4teispalautuksen tai matkahyvityksen maksamassaan summassa (jos matkahyvitys on saatavilla), miinus palvelumaksu 8 %, ja joko hyvit\u00e4mme tai my\u00f6nn\u00e4mme matkahyvityksen. &#8230;<\/p>\n","protected":false},"author":1,"featured_media":0,"parent":0,"menu_order":0,"comment_status":"closed","ping_status":"closed","template":"","meta":{"inline_featured_image":false,"footnotes":""},"class_list":["post-79755","page","type-page","status-publish","hentry"],"yoast_head":"<!-- This site is optimized with the Yoast SEO plugin v24.4 - https:\/\/yoast.com\/wordpress\/plugins\/seo\/ -->\n<title>Ehdot ja edellytykset - Mauritius Direct - we rent private villas directly from owners<\/title>\n<meta name=\"description\" content=\"we rent private villas directly from owners - Search for Holiday Houses and Villas for Rent in the Indian Ocean with Mauritius Direct\" \/>\n<meta name=\"robots\" content=\"index, follow, max-snippet:-1, max-image-preview:large, max-video-preview:-1\" \/>\n<link rel=\"canonical\" href=\"https:\/\/mauritius-direct.com\/fi\/terms-and-conditions\/\" \/>\n<meta property=\"og:locale\" content=\"fi_FI\" \/>\n<meta property=\"og:type\" content=\"article\" \/>\n<meta property=\"og:title\" content=\"Ehdot ja edellytykset - Mauritius Direct - we rent private villas directly from owners\" \/>\n<meta property=\"og:description\" content=\"we rent private villas directly from owners - Search for Holiday Houses and Villas for Rent in the Indian Ocean with Mauritius Direct\" \/>\n<meta property=\"og:url\" content=\"https:\/\/mauritius-direct.com\/fi\/terms-and-conditions\/\" \/>\n<meta property=\"og:site_name\" content=\"Mauritius Direct\" \/>\n<meta property=\"article:modified_time\" content=\"2021-12-23T18:02:20+00:00\" \/>\n<meta name=\"twitter:card\" content=\"summary_large_image\" \/>\n<meta name=\"twitter:label1\" content=\"Arvioitu lukuaika\" \/>\n\t<meta name=\"twitter:data1\" content=\"7 minuuttia\" \/>\n<script type=\"application\/ld+json\" class=\"yoast-schema-graph\">{\"@context\":\"https:\/\/schema.org\",\"@graph\":[{\"@type\":\"WebPage\",\"@id\":\"https:\/\/mauritius-direct.com\/fi\/terms-and-conditions\/\",\"url\":\"https:\/\/mauritius-direct.com\/fi\/terms-and-conditions\/\",\"name\":\"Ehdot ja edellytykset - Mauritius Direct - we rent private villas directly from owners\",\"isPartOf\":{\"@id\":\"https:\/\/mauritius-direct.com\/fi\/#website\"},\"datePublished\":\"2015-04-23T12:57:21+00:00\",\"dateModified\":\"2021-12-23T18:02:20+00:00\",\"description\":\"we rent private villas directly from owners - Search for Holiday Houses and Villas for Rent in the Indian Ocean with Mauritius Direct\",\"inLanguage\":\"fi\",\"potentialAction\":[{\"@type\":\"ReadAction\",\"target\":[\"https:\/\/mauritius-direct.com\/fi\/terms-and-conditions\/\"]}]},{\"@type\":\"WebSite\",\"@id\":\"https:\/\/mauritius-direct.com\/fi\/#website\",\"url\":\"https:\/\/mauritius-direct.com\/fi\/\",\"name\":\"Mauritius Direct\",\"description\":\"we rent private villas directly from owners\",\"publisher\":{\"@id\":\"https:\/\/mauritius-direct.com\/fi\/#organization\"},\"potentialAction\":[{\"@type\":\"SearchAction\",\"target\":{\"@type\":\"EntryPoint\",\"urlTemplate\":\"https:\/\/mauritius-direct.com\/fi\/?s={search_term_string}\"},\"query-input\":{\"@type\":\"PropertyValueSpecification\",\"valueRequired\":true,\"valueName\":\"search_term_string\"}}],\"inLanguage\":\"fi\"},{\"@type\":\"Organization\",\"@id\":\"https:\/\/mauritius-direct.com\/fi\/#organization\",\"name\":\"Mauritius Direct\",\"url\":\"https:\/\/mauritius-direct.com\/fi\/\",\"logo\":{\"@type\":\"ImageObject\",\"inLanguage\":\"fi\",\"@id\":\"https:\/\/mauritius-direct.com\/fi\/#\/schema\/logo\/image\/\",\"url\":\"https:\/\/mauritius-direct.com\/wp-content\/uploads\/2020\/03\/logo.png\",\"contentUrl\":\"https:\/\/mauritius-direct.com\/wp-content\/uploads\/2020\/03\/logo.png\",\"width\":522,\"height\":50,\"caption\":\"Mauritius Direct\"},\"image\":{\"@id\":\"https:\/\/mauritius-direct.com\/fi\/#\/schema\/logo\/image\/\"}}]}<\/script>\n<!-- \/ Yoast SEO plugin. -->","yoast_head_json":{"title":"Ehdot ja edellytykset - Mauritius Direct - we rent private villas directly from owners","description":"we rent private villas directly from owners - Search for Holiday Houses and Villas for Rent in the Indian Ocean with Mauritius Direct","robots":{"index":"index","follow":"follow","max-snippet":"max-snippet:-1","max-image-preview":"max-image-preview:large","max-video-preview":"max-video-preview:-1"},"canonical":"https:\/\/mauritius-direct.com\/fi\/terms-and-conditions\/","og_locale":"fi_FI","og_type":"article","og_title":"Ehdot ja edellytykset - Mauritius Direct - we rent private villas directly from owners","og_description":"we rent private villas directly from owners - Search for Holiday Houses and Villas for Rent in the Indian Ocean with Mauritius Direct","og_url":"https:\/\/mauritius-direct.com\/fi\/terms-and-conditions\/","og_site_name":"Mauritius Direct","article_modified_time":"2021-12-23T18:02:20+00:00","twitter_card":"summary_large_image","twitter_misc":{"Arvioitu lukuaika":"7 minuuttia"},"schema":{"@context":"https:\/\/schema.org","@graph":[{"@type":"WebPage","@id":"https:\/\/mauritius-direct.com\/fi\/terms-and-conditions\/","url":"https:\/\/mauritius-direct.com\/fi\/terms-and-conditions\/","name":"Ehdot ja edellytykset - Mauritius Direct - we rent private villas directly from owners","isPartOf":{"@id":"https:\/\/mauritius-direct.com\/fi\/#website"},"datePublished":"2015-04-23T12:57:21+00:00","dateModified":"2021-12-23T18:02:20+00:00","description":"we rent private villas directly from owners - Search for Holiday Houses and Villas for Rent in the Indian Ocean with Mauritius Direct","inLanguage":"fi","potentialAction":[{"@type":"ReadAction","target":["https:\/\/mauritius-direct.com\/fi\/terms-and-conditions\/"]}]},{"@type":"WebSite","@id":"https:\/\/mauritius-direct.com\/fi\/#website","url":"https:\/\/mauritius-direct.com\/fi\/","name":"Mauritius Direct","description":"we rent private villas directly from owners","publisher":{"@id":"https:\/\/mauritius-direct.com\/fi\/#organization"},"potentialAction":[{"@type":"SearchAction","target":{"@type":"EntryPoint","urlTemplate":"https:\/\/mauritius-direct.com\/fi\/?s={search_term_string}"},"query-input":{"@type":"PropertyValueSpecification","valueRequired":true,"valueName":"search_term_string"}}],"inLanguage":"fi"},{"@type":"Organization","@id":"https:\/\/mauritius-direct.com\/fi\/#organization","name":"Mauritius Direct","url":"https:\/\/mauritius-direct.com\/fi\/","logo":{"@type":"ImageObject","inLanguage":"fi","@id":"https:\/\/mauritius-direct.com\/fi\/#\/schema\/logo\/image\/","url":"https:\/\/mauritius-direct.com\/wp-content\/uploads\/2020\/03\/logo.png","contentUrl":"https:\/\/mauritius-direct.com\/wp-content\/uploads\/2020\/03\/logo.png","width":522,"height":50,"caption":"Mauritius Direct"},"image":{"@id":"https:\/\/mauritius-direct.com\/fi\/#\/schema\/logo\/image\/"}}]}},"_links":{"self":[{"href":"https:\/\/mauritius-direct.com\/fi\/wp-json\/wp\/v2\/pages\/79755","targetHints":{"allow":["GET"]}}],"collection":[{"href":"https:\/\/mauritius-direct.com\/fi\/wp-json\/wp\/v2\/pages"}],"about":[{"href":"https:\/\/mauritius-direct.com\/fi\/wp-json\/wp\/v2\/types\/page"}],"author":[{"embeddable":true,"href":"https:\/\/mauritius-direct.com\/fi\/wp-json\/wp\/v2\/users\/1"}],"replies":[{"embeddable":true,"href":"https:\/\/mauritius-direct.com\/fi\/wp-json\/wp\/v2\/comments?post=79755"}],"version-history":[{"count":0,"href":"https:\/\/mauritius-direct.com\/fi\/wp-json\/wp\/v2\/pages\/79755\/revisions"}],"wp:attachment":[{"href":"https:\/\/mauritius-direct.com\/fi\/wp-json\/wp\/v2\/media?parent=79755"}],"curies":[{"name":"wp","href":"https:\/\/api.w.org\/{rel}","templated":true}]}}