{"id":79724,"date":"2020-02-28T14:26:50","date_gmt":"2020-02-28T14:26:50","guid":{"rendered":"https:\/\/mauritius-direct.com\/privacy-policy\/"},"modified":"2020-04-26T11:50:08","modified_gmt":"2020-04-26T10:50:08","slug":"privacy-policy","status":"publish","type":"page","link":"https:\/\/mauritius-direct.com\/fi\/privacy-policy\/","title":{"rendered":"Tietosuojak\u00e4yt\u00e4nt\u00f6"},"content":{"rendered":"<h2 class=\"wp-block-heading\">Keit\u00e4 me olemme<\/h2><p>Sivustomme osoite on: http:\/\/mauritius-direct.com<\/p><p>Yrityksemme on: <\/p><p><strong>Owners United Ltd.<\/strong><br\/>Suite 206, Eden Plaza<br\/>Eden Island<br\/>Mahe<br\/>Republic of Seychelles<br\/>Company Number: 104325<\/p><p>Email: contact at mauritius-direct.com<\/p><h2 class=\"wp-block-heading\">Mit\u00e4 henkil\u00f6 tietoja ker\u00e4\u00e4mme ja Miksi ker\u00e4\u00e4mme niit\u00e4<\/h2><h3 class=\"wp-block-heading\">Kommentit<\/h3><p>Kun k\u00e4vij\u00e4t j\u00e4tt\u00e4v\u00e4t kommentteja sivustosta Ker\u00e4\u00e4mme tiedot n\u00e4kyv\u00e4t kommentit muodossa, ja my\u00f6s k\u00e4vij\u00e4n IP-osoite ja selaimen k\u00e4ytt\u00e4j\u00e4 agentti merkki jono auttaa roska postia havaitseminen.<\/p><p>Nimett\u00f6miksi merkki jono luotu S\u00e4hk\u00f6 posti osoitteesi (kutsutaan my\u00f6s hash) voidaan antaa Gravatar palvelun n\u00e4hd\u00e4, jos k\u00e4yt\u00e4t sit\u00e4. Gravatar palvelun tieto suoja k\u00e4yt\u00e4nt\u00f6 on saatavilla t\u00e4\u00e4ll\u00e4: https:\/\/automattic.com\/privacy\/. Kun kommenttisi on hyv\u00e4ksytty, profiili kuvasi n\u00e4kyy yleis\u00f6lle kommenttisi kontekstissa.<\/p><h3 class=\"wp-block-heading\">Media<\/h3><p>Jos lataat kuvia sivustoon, V\u00e4lt\u00e4 kuvien lataamista upotetulla sijainti dataan (EXIF GPS) mukana. Sivuston vierailijat voivat ladata ja purkaa sijainti tietoja sivuston kuvista.<\/p><h3 class=\"wp-block-heading\">Yhteydenottolomakkeet <\/h3><h3 class=\"wp-block-heading\">Ev\u00e4steet<\/h3><p>Jos j\u00e4t\u00e4t kommentin sivuillamme, voit halutessasi tallentaa nimesi, s\u00e4hk\u00f6 posti osoitteesi ja verkkosivustosi ev\u00e4steisiin. N\u00e4m\u00e4 ovat sinun mukavuutasi, jotta et tarvitse t\u00e4ytt\u00e4\u00e4 yksityiskohtia uudelleen, kun j\u00e4t\u00e4t toisen kommentin. N\u00e4m\u00e4 ev\u00e4s teet kest\u00e4v\u00e4t yhden vuoden.<\/p><p>Jos k\u00e4yt kirjautumissivullamme, m\u00e4\u00e4rit\u00e4mme tilap\u00e4isen ev\u00e4s teen, joka m\u00e4\u00e4ritt\u00e4\u00e4, onko selaimesi hyv\u00e4ksyy ev\u00e4s teet. T\u00e4m\u00e4 ev\u00e4ste ei sis\u00e4ll\u00e4 henkil\u00f6kohtaisia tietoja, ja se hyl\u00e4t\u00e4\u00e4n, kun suljet selaimesi.<\/p><p>Kun kirja udut sis\u00e4\u00e4n, me my\u00f6s perustaa useita ev\u00e4s teit\u00e4 tallentaa kirjautumistietosi ja n\u00e4yt\u00f6n valinnat. Kirjautumisev\u00e4s teet kest\u00e4v\u00e4t kaksi p\u00e4iv\u00e4\u00e4, ja n\u00e4yt\u00f6n vaihto ehdot ev\u00e4s teet kest\u00e4v\u00e4t vuoden. Jos valitset &#8221;Muista minut&#8221;, kirjautumistunnuksesi jatkuu kaksi viikkoa. Jos kirja udut ulos tililt\u00e4si, kirjautumisev\u00e4s teet poistetaan.<\/p><p>Jos muokkaat artikkelia tai julkaiset sen, selaimeesi tallennetaan ylim\u00e4\u00e4r\u00e4inen ev\u00e4ste. T\u00e4m\u00e4 ev\u00e4ste ei ole henkil\u00f6kohtaisia tietoja ja yksinkertaisesti osoittaa post ID artikkelin juuri muokattu. Se vanhenee 1 p\u00e4iv\u00e4n kuluttua.<\/p><h3 class=\"wp-block-heading\">Upotettu sis\u00e4lt\u00f6 muista verkko sivustoista<\/h3><p>T\u00e4m\u00e4n sivuston artikkelit voivat sis\u00e4lt\u00e4\u00e4 upotettua sis\u00e4lt\u00f6\u00e4 (esim. videoita, kuvia, artikkeleita jne.). Muiden verkko sivustojen upotettu sis\u00e4lt\u00f6 k\u00e4ytt\u00e4ytyy t\u00e4sm\u00e4lleen samalla tavalla kuin vierailija vierailee toisella verkkosivustolla.<\/p><p>N\u00e4m\u00e4 sivustot voivat ker\u00e4t\u00e4 tietoja sinusta, k\u00e4ytt\u00e4\u00e4 ev\u00e4s teit\u00e4, upottaa kolmannen osapuolen seurantaa ja valvoa vuoro vaikutusta kyseisen upotetun sis\u00e4ll\u00f6n kanssa, mukaan lukien seurata vuoro vaikutusta upotetun sis\u00e4ll\u00f6n kanssa, jos sinulla on tili ja olet kirjautunut kyseiseen Sivusto.<\/p><h3 class=\"wp-block-heading\">Analytics<\/h3><h2 class=\"wp-block-heading\">Kenelle jaamme tietosi<\/h2><h2 class=\"wp-block-heading\">Kuinka kauan S\u00e4ilyt\u00e4mme tietojasi<\/h2><p>Jos j\u00e4t\u00e4t kommentin, luettelointi- ja varaustiedot, tiedot ja sen metatiedot s\u00e4ilytet\u00e4\u00e4n loputtomiin. N\u00e4in voimme tunnistaa ja hyv\u00e4ksy\u00e4 kaikki jatkotoimet automaattisesti sen sijaan, ett\u00e4 pidett\u00e4isimme niit\u00e4 maltillisessa jonossa.<\/p><p>K\u00e4ytt\u00e4jille, jotka rekister\u00f6ityiv\u00e4t verkkosivustollemme (jos sellaisia on), s\u00e4ilyt\u00e4mme my\u00f6s heid\u00e4n k\u00e4ytt\u00e4j\u00e4 profiilissaan antamasi henkil\u00f6kohtaiset tiedot. Kaikki k\u00e4ytt\u00e4j\u00e4t voivat n\u00e4hd\u00e4, muokata tai poistaa henkil\u00f6kohtaisia tietoja milloin tahansa (paitsi jos he eiv\u00e4t voi muuttaa k\u00e4ytt\u00e4j\u00e4 nime\u00e4\u00e4n). Verkkosivuston j\u00e4rjestelm\u00e4nvalvojat voivat my\u00f6s tarkastella ja muokata n\u00e4it\u00e4 tietoja.<\/p><h2 class=\"wp-block-heading\">Mit\u00e4 oikeuksia sinulla on tietojesi kanssa?<\/h2><p>Jos sinulla on tili t\u00e4ll\u00e4 sivustolla, tai olet j\u00e4tt\u00e4nyt kommentteja, voit pyyt\u00e4\u00e4 saada viedyn tiedoston henkil\u00f6kohtaisia tietoja meill\u00e4 sinusta, mukaan lukien tiedot, jotka olet antanut meille. Voit my\u00f6s pyyt\u00e4\u00e4, ett\u00e4 poistamme kaikki henkil\u00f6kohtaiset tietosi, jotka meill\u00e4 on sinusta. T\u00e4m\u00e4 ei sis\u00e4ll\u00e4 tietoja, jotka meid\u00e4n on s\u00e4ilytett\u00e4v\u00e4 hallinnollisten, oikeudellisten tai turvallisuustarkoitusten kannalta.<\/p><h2 class=\"wp-block-heading\">Miss\u00e4 l\u00e4het\u00e4mme tietosi<\/h2><p>K\u00e4vij\u00e4 kommentit voidaan tarkistaa automaattisen roska postin tunnistus palvelun kautta.<\/p><h2 class=\"wp-block-heading\">Yhteys tietosi<\/h2><h2 class=\"wp-block-heading\">Lis\u00e4tietoja<\/h2><h3 class=\"wp-block-heading\">Miten suoja amme tietosi<\/h3><h3 class=\"wp-block-heading\">Mit\u00e4 tieto turva menettelyj\u00e4 meill\u00e4 on k\u00e4yt\u00f6ss\u00e4<\/h3><h3 class=\"wp-block-heading\">Mit\u00e4 kolmansia osapuolia saamme tietoja<\/h3><h3 class=\"wp-block-heading\">Mit\u00e4 automatisoitua p\u00e4\u00e4t\u00f6ksen tekoa ja\/tai profilointia teemme k\u00e4ytt\u00e4j\u00e4 tiedoilla<\/h3><h3 class=\"wp-block-heading\">Teollisuuden s\u00e4\u00e4ntely\u00e4 koskevat tiedonanto vaatimukset<\/h3><h3 class=\"wp-block-heading\">K\u00e4vi koulua WPML<\/h3><p>WPML k\u00e4ytt\u00e4\u00e4 ev\u00e4steit\u00e4 tunnistaakseen k\u00e4vij\u00e4n nykyisen kielen, viimeksi vieraillun kielen ja sis\u00e4\u00e4nkirjautuneiden k\u00e4ytt\u00e4jien kielen.<\/p><p>Kun k\u00e4yt\u00e4t liit\u00e4nn\u00e4ist\u00e4, WPML jakaa sivustoa koskevia tietoja Installerin kautta. K\u00e4ytt\u00e4j\u00e4n itsens\u00e4 tietoja ei jaeta.<\/p><p>Ker\u00e4\u00e4mme sinusta tietoja myym\u00e4l\u00e4mme kassaprosessin aikana.<\/p><h2 class=\"wp-block-heading\">Mit\u00e4 ker\u00e4\u00e4mme ja s\u00e4ilyt\u00e4mme<\/h2><p>Kun vierailet sivustollamme, seuraamme:<\/p><ul class=\"wp-block-list\"><li>Katsomasi tuotteet: k\u00e4yt\u00e4mme t\u00e4t\u00e4 esimerkiksi viimeksi tarkastelemasi tuotteiden n\u00e4ytt\u00e4m\u00e4\u00e4n sinulle tuotteita, joita olet viimeksi katsellut.<\/li><li>Sijainti, IP-osoite ja selaimen tyyppi: k\u00e4yt\u00e4mme t\u00e4t\u00e4 tarkoituksiin, kuten verojen arviointiin ja toimitukseen<\/li><li>Toimitusosoite: pyyd\u00e4mme sinua sy\u00f6tt\u00e4m\u00e4\u00e4n t\u00e4m\u00e4n, jotta voimme esimerkiksi arvioida toimitusennen tilauksen l\u00e4hett\u00e4mist\u00e4 ja l\u00e4hett\u00e4\u00e4 sinulle tilauksen!<\/li><\/ul><p>K\u00e4yt\u00e4mme ev\u00e4steit\u00e4 my\u00f6s seurataksemme ostoskorin sis\u00e4lt\u00f6\u00e4, kun selaat sivustoamme.<\/p><p>Kun ostat meilt\u00e4, pyyd\u00e4mme sinua antamaan tietoja, kuten nimesi, laskutusosoitteesi, toimitusosoitteesi, s\u00e4hk\u00f6postiosoitteesi, puhelinnumerosi, luottokortti-\/maksutietosi ja valinnaiset tilitietosi, kuten k\u00e4ytt\u00e4j\u00e4tunnuksesi ja salasanasi. K\u00e4yt\u00e4mme n\u00e4it\u00e4 tietoja esimerkiksi seuraaviin tarkoituksiin:<\/p><ul class=\"wp-block-list\"><li>L\u00e4hett\u00e4\u00e4 sinulle tietoja tilist\u00e4si ja tilauksestasi<\/li><li>Vastaa pyynt\u00f6ihisi, mukaan lukien hyvitykset ja valitukset<\/li><li>Maksujen k\u00e4sitteleminen ja petosten est\u00e4minen<\/li><li>M\u00e4\u00e4rit\u00e4 tilisi myym\u00e4l\u00e4\u00e4mme varten<\/li><li>Noudata kaikkia lakis\u00e4\u00e4teisi\u00e4 velvoitteitamme, kuten verojen laskemista<\/li><li>Paranna myym\u00e4l\u00e4tarjontaamme<\/li><li>L\u00e4het\u00e4 sinulle markkinointiviestej\u00e4, jos p\u00e4\u00e4t\u00e4t vastaanottaa ne<\/li><\/ul><p>Jos luot tilin, tallennamme nimesi, osoitteesi, s\u00e4hk\u00f6postiosoitteesi ja puhelinnumerosi, joita k\u00e4ytet\u00e4\u00e4n tulevien tilausten kassalle.<\/p><p>S\u00e4ilyt\u00e4mme yleens\u00e4 tietoja sinusta niin kauan kuin tarvitsemme tietoja siihen tarkoitukseen, johon ker\u00e4\u00e4mme ja k\u00e4yt\u00e4mme niit\u00e4, eik\u00e4 meill\u00e4 ole lain mukaan velvollisuutta jatkaa tietojen s\u00e4ilymist\u00e4. Tallennamme esimerkiksi XXX-vuosien tilaustiedot verotusta ja kirjanpitoa varten. T\u00e4m\u00e4 sis\u00e4lt\u00e4\u00e4 nimesi, s\u00e4hk\u00f6postiosoitteesi sek\u00e4 laskutus- ja toimitusosoitteet.<\/p><p>Tallennamme my\u00f6s kommentteja tai arvosteluja, jos p\u00e4\u00e4t\u00e4t j\u00e4tt\u00e4\u00e4 ne.<\/p><h2 class=\"wp-block-heading\">Kenell\u00e4 tiimill\u00e4mme on p\u00e4\u00e4sy<\/h2><p>Tiimimme j\u00e4senill\u00e4 on p\u00e4\u00e4sy meille antammeideisiisi tietoihin. Esimerkiksi sek\u00e4 j\u00e4rjestelm\u00e4nvalvojat ett\u00e4 kaupan valvojat voivat k\u00e4ytt\u00e4\u00e4:<\/p><ul class=\"wp-block-list\"><li>Tilaustiedot, kuten mit\u00e4 on ostettu, milloin se on ostettu ja minne ne pit\u00e4isi l\u00e4hett\u00e4\u00e4, ja<\/li><li>Asiakastiedot, kuten nimesi, s\u00e4hk\u00f6postiosoitteesi sek\u00e4 laskutus- ja toimitustietosi.<\/li><\/ul><p>Tiimimme j\u00e4senet voivat k\u00e4ytt\u00e4\u00e4 n\u00e4it\u00e4 tietoja auttaakseen tilausten t\u00e4ytt\u00e4misess\u00e4, prosessoimaan hyvityksi\u00e4 ja tukemaan sinua.<\/p><h2 class=\"wp-block-heading\">Mit\u00e4 jaamme muiden kanssa<\/h2><p>Jaamme tietoja kolmansille osapuolille, jotka auttavat meit\u00e4 tarjoamaan tilauksiamme ja myym\u00e4l\u00e4palveluitamme sinulle; esimerkiksi &#8212;<\/p><h3 class=\"wp-block-heading\">Maksut<\/h3><p>Hyv\u00e4ksymme maksut PayPalin kautta. Maksuja k\u00e4sitelt\u00e4ess\u00e4 osa tiedoistasi v\u00e4litet\u00e4\u00e4n PayPaliin, mukaan lukien maksun k\u00e4sittelyyn tai tukemiseen tarvittavat tiedot, kuten ostojen kokonaism\u00e4\u00e4r\u00e4 ja laskutustiedot.<\/p><p>Lis\u00e4tietoja on <a href=\"https:\/\/www.paypal.com\/us\/webapps\/mpp\/ua\/privacy-full\">PayPalin tietosuojak\u00e4yt\u00e4nn\u00f6ss\u00e4.<\/a><\/p><p>Hyv\u00e4ksymme maksut KAUTTA DPO Think Payment. Maksuja k\u00e4sitelt\u00e4ess\u00e4 osa tiedoistasi v\u00e4litet\u00e4\u00e4n PayPaliin, mukaan lukien maksun k\u00e4sittelyyn tai tukemiseen tarvittavat tiedot, kuten ostojen kokonaism\u00e4\u00e4r\u00e4 ja laskutustiedot.<\/p><p>Lis\u00e4tietoja on <a href=\"https:\/\/www.dpogroup.com\/africa\/terms-conditions\/\">TIETOSUOJAKOMISSION Think Payment Privacy Policy -kohdassa.<\/a><\/p><h3 class=\"wp-block-heading\">WPML K\u00e4\u00e4nn\u00f6kset<\/h3><p>WPML Media Translation l\u00e4hett\u00e4\u00e4 kunkin esimiehen ja m\u00e4\u00e4ritetyn k\u00e4\u00e4nt\u00e4j\u00e4n s\u00e4hk\u00f6postiosoitteen ja nimen sek\u00e4 itse sis\u00e4ll\u00f6n Advanced Translation Editorille ja k\u00e4ytett\u00e4ville k\u00e4\u00e4nn\u00f6spalveluille.<\/p><p>WooCommerce Multilingual k\u00e4ytt\u00e4\u00e4 ev\u00e4steit\u00e4 ymm\u00e4rt\u00e4\u00e4kseen koritiedot k\u00e4ytett\u00e4ess\u00e4 verkkotunnuksia olevia kieli\u00e4 ja siirt\u00e4\u00e4kseen tietoja verkkotunnusten v\u00e4lill\u00e4.<\/p><h3 class=\"wp-block-heading\">WooCommerce Monikielinen<\/h3><p>WooCommerce Multilingual k\u00e4ytt\u00e4\u00e4 ev\u00e4steit\u00e4 my\u00f6s tunnistaakseen kunkin asiakkaan tilauksen kielen ja valuutan sek\u00e4 WooCommercen luomien raporttien valuutan. WooCommerce Multilingual laajentaa n\u00e4it\u00e4 raportteja lis\u00e4\u00e4m\u00e4ll\u00e4 valuutan tiedot.<\/p><h3 class=\"wp-block-heading\">Maksa Pal Kassalle<\/h3><p>K\u00e4ytt\u00e4m\u00e4ll\u00e4 t\u00e4t\u00e4 laajennusta saatat tallentaa henkil\u00f6tietoja tai jakaa tietoja ulkoiseen palveluun. <a rel=\"noreferrer noopener\" href=\"https:\/\/docs.woocommerce.com\/document\/privacy-payments\/#woocommerce-gateway-paypal-express-checkout\" target=\"_blank\">Lue lis\u00e4\u00e4 siit\u00e4, miten t\u00e4m\u00e4 toimii, mukaan lukien se, mit\u00e4 haluat sis\u00e4llytt\u00e4\u00e4 tietosuojak\u00e4yt\u00e4nt\u00f6\u00f6n.<\/a><\/p><h3 class=\"wp-block-heading\">Raita<\/h3><p>K\u00e4ytt\u00e4m\u00e4ll\u00e4 t\u00e4t\u00e4 laajennusta saatat tallentaa henkil\u00f6tietoja tai jakaa tietoja ulkoiseen palveluun. <a rel=\"noreferrer noopener\" href=\"https:\/\/docs.woocommerce.com\/document\/privacy-payments\/#woocommerce-gateway-stripe\" target=\"_blank\">Lue lis\u00e4\u00e4 siit\u00e4, miten t\u00e4m\u00e4 toimii, mukaan lukien se, mit\u00e4 haluat sis\u00e4llytt\u00e4\u00e4 tietosuojak\u00e4yt\u00e4nt\u00f6\u00f6n.<\/a><\/p><h3 class=\"wp-block-heading\">Woo Commerce Palvelut<\/h3><p>K\u00e4ytt\u00e4m\u00e4ll\u00e4 t\u00e4t\u00e4 laajennusta saatat tallentaa henkil\u00f6tietoja tai jakaa tietoja ulkoisten palveluiden kanssa. <a rel=\"noreferrer noopener\" href=\"https:\/\/jetpack.com\/support\/for-your-privacy-policy\/#woocommerce-services\" target=\"_blank\">Lue lis\u00e4\u00e4 siit\u00e4, miten t\u00e4m\u00e4 toimii, mukaan lukien se, mit\u00e4 haluat sis\u00e4llytt\u00e4\u00e4 tietosuojak\u00e4yt\u00e4nt\u00f6\u00f6n.<\/a><\/p><h3 class=\"wp-block-heading\">Loco K\u00e4\u00e4nt\u00e4j\u00e4<\/h3><p>T\u00e4m\u00e4 plugin ei ker\u00e4\u00e4 mit\u00e4\u00e4n tietoja julkisen sivuston k\u00e4vij\u00f6it\u00e4.<br\/>Yll\u00e4pit\u00e4j\u00e4t ja tilintarkastajat voivat halutessaan tarkistaa Locon <a href=\"https:\/\/localise.biz\/wordpress\/plugin\/privacy\">plugin tietosuojailmoituksen<\/a>.<\/p><h2 class=\"wp-block-heading\">Jos k\u00e4yt\u00e4t Google Web Fonts (oletus) tai toistaa videoita tai \u00e4\u00e4ni\u00e4 YouTuben tai Vimeo slider revolution suosittelemme lis\u00e4t\u00e4 vastaavan tekstilauseen yksityisyyden poliisi:<\/h2><h3 class=\"wp-block-heading\">Youtube<\/h3><p>Sivustomme k\u00e4ytt\u00e4\u00e4 Plugins YouTubesta, jota yll\u00e4pit\u00e4\u00e4 Google. Sivujen yll\u00e4pit\u00e4j\u00e4 on YouTube LLC, 901 Cherry Ave., San Bruno, CA 94066, USA.<\/p><p>Jos vierailet jollakin youTube-liit\u00e4nn\u00e4isen sis\u00e4lt\u00e4vist\u00e4 sivuistamme, yhteys YouTube-palvelimiin muodostetaan. T\u00e4\u00e4ll\u00e4 YouTube-palvelin on tietoa siit\u00e4, mitk\u00e4 sivuilla olet k\u00e4ynyt.<\/p><p>Jos olet kirjautunut YouTube-tiliisi, YouTubesallii sinun liitt\u00e4\u00e4 selausk\u00e4ytt\u00e4ytymisesi suoraan henkil\u00f6kohtaiseen profiiliisi. Voit est\u00e4\u00e4 t\u00e4m\u00e4n kirjautumalla ulos YouTube-tililt\u00e4si.<\/p><p>YouTubea k\u00e4ytet\u00e4\u00e4n tekem\u00e4\u00e4n sivustostamme houkutteleva. T\u00e4m\u00e4 on perustamissopimuksen 109 artiklan mukainen perusteltu intressi. 6 artiklan 1 kohdan f alakohta DSGVO.<\/p><p>Lis\u00e4tietoja k\u00e4ytt\u00e4j\u00e4tietojen k\u00e4sittelyst\u00e4 on YouTuben tietosuojailmoituksessa osoitteessa <a href=\"https:\/\/www.google.de\/intl\/de\/policies\/privacy\" target=\"_blank\" rel=\"noreferrer noopener\">https:\/\/www.google.de\/intl\/de\/policies\/privacy<\/a>.<\/p><h3 class=\"wp-block-heading\">Vimeo<\/h3><p>Sivustomme k\u00e4ytt\u00e4\u00e4 Vimeo-videoportaalin tarjoamia ominaisuuksia. T\u00e4m\u00e4n palvelun tarjoaa Vimeo Inc., 555 West 18th Street, New York, New York 10011, USA.<\/p><p>Jos vierailet jollakin sivuistamme, jossa on Vimeo-laajennus, yhteys Vimeo-palvelimiin on muodostettu. T\u00e4\u00e4ll\u00e4 Vimeo-palvelin saa tietoa siit\u00e4, mill\u00e4 sivuillamme olet k\u00e4ynyt. Lis\u00e4ksi Vimeo saa IP-osoitteesi. T\u00e4m\u00e4 p\u00e4tee my\u00f6s, jos et ole kirjautunut Vimeokun k\u00e4yt meid\u00e4n plugin tai ei ole Vimeo huomioon. Tiedot v\u00e4litet\u00e4\u00e4n Vimeo-palvelimelle Yhdysvalloissa, johon ne tallennetaan.<\/p><p>Jos olet kirjautunut Vimeo-tilillesi, Vimeo antaa sinun liitt\u00e4\u00e4 selausk\u00e4ytt\u00e4ytymisesi suoraan henkil\u00f6kohtaiseen profiiliisi. Voit est\u00e4\u00e4 t\u00e4m\u00e4n kirjautumalla ulos Vimeo-tililt\u00e4si.<\/p><p>Lis\u00e4tietoja k\u00e4ytt\u00e4j\u00e4tietojen k\u00e4sittelyst\u00e4 on Vimeon tietosuojak\u00e4yt\u00e4nn\u00f6ss\u00e4 <a href=\"https:\/\/vimeo.com\/privacy\" target=\"_blank\" rel=\"noreferrer noopener\">osoitteessa https:\/\/vimeo.com\/privacy<\/a>.<\/p><h3 class=\"wp-block-heading\">Google-verkkokirjasimet<\/h3><p>Jotta kirjasimet voidaan n\u00e4ytt\u00e4\u00e4 yhten\u00e4isesti, t\u00e4ll\u00e4 sivulla k\u00e4ytet\u00e4\u00e4n Googlen tarjoamia verkkokirjasimia. Kun avaat sivun, selain lataa tarvittavat verkkokirjasimet selaimen v\u00e4limuistiin, jotta tekstit ja fontit n\u00e4kyv\u00e4t oikein.<\/p><p>T\u00e4t\u00e4 varten selaimesi on muodosttava suora yhteys Googlen palvelimiin. Google siis saa tiet\u00e4\u00e4, ett\u00e4 web-sivu oli saatavilla kautta IP-osoite. Google Web-fonttien k\u00e4ytt\u00f6 tapahtuu liit\u00e4nn\u00e4isemme yhten\u00e4isen ja houkuttelevan esittelyn vuoksi. T\u00e4m\u00e4 on perustamissopimuksen 109 artiklan mukainen perusteltu intressi. 6 artiklan 1 kohdan f alakohta DSGVO.<\/p><p>Jos selaimesi ei tue verkkokirjasimia, tietokoneesi k\u00e4ytt\u00e4\u00e4 vakiofonttia.<\/p><p>Lis\u00e4tietoja k\u00e4ytt\u00e4j\u00e4tietojen k\u00e4sittelyst\u00e4 on <a href=\"https:\/\/developers.google.com\/fonts\/faq\" target=\"_blank\" rel=\"noreferrer noopener\">https:\/\/developers.google.com\/fonts\/faq<\/a> ja Googlen tietosuojak\u00e4yt\u00e4nn\u00f6ss\u00e4 <a href=\"https:\/\/www.google.com\/policies\/privacy\/\" target=\"_blank\" rel=\"noreferrer noopener\">osoitteessa https:\/\/www.google.com\/policies\/privacy\/<\/a>.<\/p><h3 class=\"wp-block-heading\">Soundcloud<\/h3><p>Sivuillamme SoundCloud-sosiaalisen verkoston (SoundCloud Limited, Berners House, 47-48 Berners Street, London W1T 3NF, UK) liit\u00e4nn\u00e4iset voidaan integroida. SoundCloud-liit\u00e4nn\u00e4iset voidaan tunnistaa soundcloud-logolla sivustollamme.<\/p><p>Kun vierailet sivustollamme, suora yhteys selaimesi ja SoundCloud-palvelimen v\u00e4lill\u00e4 muodostetaan liit\u00e4nn\u00e4isen kautta. N\u00e4in SoundCloud voi vastaanottaa tietoja, jotka olet k\u00e4ynyt sivustollamme IP-osoitteestasi. Jos klikkaat Tykk\u00e4\u00e4- tai Jaa-painikkeita, kun olet kirjautunut SoundCloud-tilillesi, voit linkitt\u00e4\u00e4 sivujemme sis\u00e4ll\u00f6n SoundCloud-profiiliisi. T\u00e4m\u00e4 tarkoittaa sit\u00e4, ett\u00e4 SoundCloud voi yhdist\u00e4\u00e4 vierailut sivuillemme k\u00e4ytt\u00e4j\u00e4tiliisi. Haluamme huomauttaa, ett\u00e4 n\u00e4iden sivujen tarjoajana meill\u00e4 ei ole tietoa siirrettyjen tietojen sis\u00e4ll\u00f6st\u00e4 tai siit\u00e4, miten SoundCloud k\u00e4ytt\u00e4\u00e4 niit\u00e4. Lis\u00e4tietoja SoundCloudin tietosuojak\u00e4yt\u00e4nn\u00f6st\u00e4 on osoitteessa https:\/\/soundcloud.com\/pages\/privacy.<\/p><p>Jos et halua SoundCloudin yhdist\u00e4v\u00e4n vierailuasi sivustoomme SoundCloud-tiliisi, kirjaudu ulos SoundCloud-tililt\u00e4si.<\/p>","protected":false},"excerpt":{"rendered":"<p>Keit\u00e4 me olemme Sivustomme osoite on: http:\/\/mauritius-direct.com Yrityksemme on: Owners United Ltd.Suite 206, Eden PlazaEden IslandMaheRepublic of SeychellesCompany Number: 104325 Email: contact at mauritius-direct.com Mit\u00e4 henkil\u00f6 tietoja ker\u00e4\u00e4mme ja Miksi ker\u00e4\u00e4mme niit\u00e4 Kommentit Kun k\u00e4vij\u00e4t j\u00e4tt\u00e4v\u00e4t kommentteja sivustosta Ker\u00e4\u00e4mme tiedot n\u00e4kyv\u00e4t kommentit muodossa, ja my\u00f6s k\u00e4vij\u00e4n IP-osoite ja selaimen k\u00e4ytt\u00e4j\u00e4 agentti merkki jono auttaa roska &#8230;<\/p>\n","protected":false},"author":1,"featured_media":0,"parent":0,"menu_order":0,"comment_status":"closed","ping_status":"open","template":"","meta":{"inline_featured_image":false,"footnotes":""},"class_list":["post-79724","page","type-page","status-publish","hentry"],"yoast_head":"<!-- This site is optimized with the Yoast SEO plugin v24.4 - https:\/\/yoast.com\/wordpress\/plugins\/seo\/ -->\n<title>Tietosuojak\u00e4yt\u00e4nt\u00f6 - Mauritius Direct - we rent private villas directly from owners<\/title>\n<meta name=\"description\" content=\"we rent private villas directly from owners - Search for Holiday Houses and Villas for Rent in the Indian Ocean with Mauritius Direct\" \/>\n<meta name=\"robots\" content=\"index, follow, max-snippet:-1, max-image-preview:large, max-video-preview:-1\" \/>\n<link rel=\"canonical\" href=\"https:\/\/mauritius-direct.com\/fi\/privacy-policy\/\" \/>\n<meta property=\"og:locale\" content=\"fi_FI\" \/>\n<meta property=\"og:type\" content=\"article\" \/>\n<meta property=\"og:title\" content=\"Tietosuojak\u00e4yt\u00e4nt\u00f6 - Mauritius Direct - we rent private villas directly from owners\" \/>\n<meta property=\"og:description\" content=\"we rent private villas directly from owners - Search for Holiday Houses and Villas for Rent in the Indian Ocean with Mauritius Direct\" \/>\n<meta property=\"og:url\" content=\"https:\/\/mauritius-direct.com\/fi\/privacy-policy\/\" \/>\n<meta property=\"og:site_name\" content=\"Mauritius Direct\" \/>\n<meta property=\"article:modified_time\" content=\"2020-04-26T10:50:08+00:00\" \/>\n<meta name=\"twitter:card\" content=\"summary_large_image\" \/>\n<meta name=\"twitter:label1\" content=\"Arvioitu lukuaika\" \/>\n\t<meta name=\"twitter:data1\" content=\"9 minuuttia\" \/>\n<script type=\"application\/ld+json\" class=\"yoast-schema-graph\">{\"@context\":\"https:\/\/schema.org\",\"@graph\":[{\"@type\":\"WebPage\",\"@id\":\"https:\/\/mauritius-direct.com\/fi\/privacy-policy\/\",\"url\":\"https:\/\/mauritius-direct.com\/fi\/privacy-policy\/\",\"name\":\"Tietosuojak\u00e4yt\u00e4nt\u00f6 - Mauritius Direct - we rent private villas directly from owners\",\"isPartOf\":{\"@id\":\"https:\/\/mauritius-direct.com\/fi\/#website\"},\"datePublished\":\"2020-02-28T14:26:50+00:00\",\"dateModified\":\"2020-04-26T10:50:08+00:00\",\"description\":\"we rent private villas directly from owners - Search for Holiday Houses and Villas for Rent in the Indian Ocean with Mauritius Direct\",\"inLanguage\":\"fi\",\"potentialAction\":[{\"@type\":\"ReadAction\",\"target\":[\"https:\/\/mauritius-direct.com\/fi\/privacy-policy\/\"]}]},{\"@type\":\"WebSite\",\"@id\":\"https:\/\/mauritius-direct.com\/fi\/#website\",\"url\":\"https:\/\/mauritius-direct.com\/fi\/\",\"name\":\"Mauritius Direct\",\"description\":\"we rent private villas directly from owners\",\"publisher\":{\"@id\":\"https:\/\/mauritius-direct.com\/fi\/#organization\"},\"potentialAction\":[{\"@type\":\"SearchAction\",\"target\":{\"@type\":\"EntryPoint\",\"urlTemplate\":\"https:\/\/mauritius-direct.com\/fi\/?s={search_term_string}\"},\"query-input\":{\"@type\":\"PropertyValueSpecification\",\"valueRequired\":true,\"valueName\":\"search_term_string\"}}],\"inLanguage\":\"fi\"},{\"@type\":\"Organization\",\"@id\":\"https:\/\/mauritius-direct.com\/fi\/#organization\",\"name\":\"Mauritius Direct\",\"url\":\"https:\/\/mauritius-direct.com\/fi\/\",\"logo\":{\"@type\":\"ImageObject\",\"inLanguage\":\"fi\",\"@id\":\"https:\/\/mauritius-direct.com\/fi\/#\/schema\/logo\/image\/\",\"url\":\"https:\/\/mauritius-direct.com\/wp-content\/uploads\/2020\/03\/logo.png\",\"contentUrl\":\"https:\/\/mauritius-direct.com\/wp-content\/uploads\/2020\/03\/logo.png\",\"width\":522,\"height\":50,\"caption\":\"Mauritius Direct\"},\"image\":{\"@id\":\"https:\/\/mauritius-direct.com\/fi\/#\/schema\/logo\/image\/\"}}]}<\/script>\n<!-- \/ Yoast SEO plugin. -->","yoast_head_json":{"title":"Tietosuojak\u00e4yt\u00e4nt\u00f6 - Mauritius Direct - we rent private villas directly from owners","description":"we rent private villas directly from owners - Search for Holiday Houses and Villas for Rent in the Indian Ocean with Mauritius Direct","robots":{"index":"index","follow":"follow","max-snippet":"max-snippet:-1","max-image-preview":"max-image-preview:large","max-video-preview":"max-video-preview:-1"},"canonical":"https:\/\/mauritius-direct.com\/fi\/privacy-policy\/","og_locale":"fi_FI","og_type":"article","og_title":"Tietosuojak\u00e4yt\u00e4nt\u00f6 - Mauritius Direct - we rent private villas directly from owners","og_description":"we rent private villas directly from owners - Search for Holiday Houses and Villas for Rent in the Indian Ocean with Mauritius Direct","og_url":"https:\/\/mauritius-direct.com\/fi\/privacy-policy\/","og_site_name":"Mauritius Direct","article_modified_time":"2020-04-26T10:50:08+00:00","twitter_card":"summary_large_image","twitter_misc":{"Arvioitu lukuaika":"9 minuuttia"},"schema":{"@context":"https:\/\/schema.org","@graph":[{"@type":"WebPage","@id":"https:\/\/mauritius-direct.com\/fi\/privacy-policy\/","url":"https:\/\/mauritius-direct.com\/fi\/privacy-policy\/","name":"Tietosuojak\u00e4yt\u00e4nt\u00f6 - Mauritius Direct - we rent private villas directly from owners","isPartOf":{"@id":"https:\/\/mauritius-direct.com\/fi\/#website"},"datePublished":"2020-02-28T14:26:50+00:00","dateModified":"2020-04-26T10:50:08+00:00","description":"we rent private villas directly from owners - Search for Holiday Houses and Villas for Rent in the Indian Ocean with Mauritius Direct","inLanguage":"fi","potentialAction":[{"@type":"ReadAction","target":["https:\/\/mauritius-direct.com\/fi\/privacy-policy\/"]}]},{"@type":"WebSite","@id":"https:\/\/mauritius-direct.com\/fi\/#website","url":"https:\/\/mauritius-direct.com\/fi\/","name":"Mauritius Direct","description":"we rent private villas directly from owners","publisher":{"@id":"https:\/\/mauritius-direct.com\/fi\/#organization"},"potentialAction":[{"@type":"SearchAction","target":{"@type":"EntryPoint","urlTemplate":"https:\/\/mauritius-direct.com\/fi\/?s={search_term_string}"},"query-input":{"@type":"PropertyValueSpecification","valueRequired":true,"valueName":"search_term_string"}}],"inLanguage":"fi"},{"@type":"Organization","@id":"https:\/\/mauritius-direct.com\/fi\/#organization","name":"Mauritius Direct","url":"https:\/\/mauritius-direct.com\/fi\/","logo":{"@type":"ImageObject","inLanguage":"fi","@id":"https:\/\/mauritius-direct.com\/fi\/#\/schema\/logo\/image\/","url":"https:\/\/mauritius-direct.com\/wp-content\/uploads\/2020\/03\/logo.png","contentUrl":"https:\/\/mauritius-direct.com\/wp-content\/uploads\/2020\/03\/logo.png","width":522,"height":50,"caption":"Mauritius Direct"},"image":{"@id":"https:\/\/mauritius-direct.com\/fi\/#\/schema\/logo\/image\/"}}]}},"_links":{"self":[{"href":"https:\/\/mauritius-direct.com\/fi\/wp-json\/wp\/v2\/pages\/79724","targetHints":{"allow":["GET"]}}],"collection":[{"href":"https:\/\/mauritius-direct.com\/fi\/wp-json\/wp\/v2\/pages"}],"about":[{"href":"https:\/\/mauritius-direct.com\/fi\/wp-json\/wp\/v2\/types\/page"}],"author":[{"embeddable":true,"href":"https:\/\/mauritius-direct.com\/fi\/wp-json\/wp\/v2\/users\/1"}],"replies":[{"embeddable":true,"href":"https:\/\/mauritius-direct.com\/fi\/wp-json\/wp\/v2\/comments?post=79724"}],"version-history":[{"count":0,"href":"https:\/\/mauritius-direct.com\/fi\/wp-json\/wp\/v2\/pages\/79724\/revisions"}],"wp:attachment":[{"href":"https:\/\/mauritius-direct.com\/fi\/wp-json\/wp\/v2\/media?parent=79724"}],"curies":[{"name":"wp","href":"https:\/\/api.w.org\/{rel}","templated":true}]}}