{"id":79752,"date":"2015-04-23T12:57:21","date_gmt":"2015-04-23T12:57:21","guid":{"rendered":"https:\/\/mauritius-direct.com\/terms-and-conditions\/"},"modified":"2021-12-23T19:03:55","modified_gmt":"2021-12-23T18:03:55","slug":"terms-and-conditions","status":"publish","type":"page","link":"https:\/\/mauritius-direct.com\/es\/terms-and-conditions\/","title":{"rendered":"T\u00e9rminos y Condiciones"},"content":{"rendered":"\t\t<div data-elementor-type=\"wp-page\" data-elementor-id=\"79752\" class=\"elementor elementor-79752 elementor-356\">\n\t\t\t\t\t\t<section class=\"elementor-section elementor-top-section elementor-element elementor-element-5510a465 elementor-section-boxed elementor-section-height-default elementor-section-height-default\" data-id=\"5510a465\" data-element_type=\"section\">\n\t\t\t\t\t\t<div class=\"elementor-container elementor-column-gap-default\">\n\t\t\t\t\t<div class=\"elementor-column elementor-col-100 elementor-top-column elementor-element elementor-element-2e3df7cb\" data-id=\"2e3df7cb\" data-element_type=\"column\">\n\t\t\t<div class=\"elementor-widget-wrap elementor-element-populated\">\n\t\t\t\t\t\t<div class=\"elementor-element elementor-element-13a78b9f elementor-widget elementor-widget-text-editor\" data-id=\"13a78b9f\" data-element_type=\"widget\" data-widget_type=\"text-editor.default\">\n\t\t\t\t<div class=\"elementor-widget-container\">\n\t\t\t\t\t\t\t\t\t<p><strong>Pol\u00edtica de circunstancias atenuantes<\/strong><\/p>\n<p><b>Qu\u00e9 reservas est\u00e1n cubiertas<\/b><\/p>\n<p><b>Reservas realizadas a m\u00e1s tardar el 14 de marzo de 2020<\/b><\/p>\n<p>Las reservas para estancias realizadas a m\u00e1s tardar el 14 de marzo de 2020, con fecha de check-in entre el 14 de marzo de 2020 y el 15 de julio de 2020, pueden cancelarse antes del check-in. Esto significa que los hu\u00e9spedes que cancelen bajo la pol\u00edtica recibir\u00e1n un reembolso completo en efectivo o cr\u00e9dito de viaje por la cantidad que pagaron (donde el cr\u00e9dito de viaje est\u00e9 disponible), menos una tarifa de servicio del 8 %, y le reembolsaremos o emitiremos cr\u00e9dito de viaje.<\/p>\n<p>Las reservas para estad\u00edas realizadas a m\u00e1s tardar el 14 de marzo de 2020, con una fecha de check-in posterior al 15 de julio de 2020, no est\u00e1n cubiertas actualmente por circunstancias atenuantes relacionadas con COVID-19. La pol\u00edtica de cancelaci\u00f3n se aplicar\u00e1 como de costumbre.<\/p>\n<p>Si una reserva ya ha comenzado (el check-in ha pasado) esta circunstancia atenuante no se aplica.<\/p>\n<p><b>Reservas realizadas despu\u00e9s del 14 de marzo de 2020<\/b><\/p>\n<p>Las reservas para estad\u00edas realizadas despu\u00e9s del 14 de marzo de 2020 no estar\u00e1n cubiertas por nuestra pol\u00edtica de circunstancias atenuantes, excepto cuando el hu\u00e9sped o anfitri\u00f3n est\u00e9 actualmente enfermo con COVID-19. Las circunstancias relacionadas con COVID-19 no cubiertas incluyen: interrupciones y cancelaciones del transporte; avisos y restricciones de viaje; avisos de salud y cuarentenas; cambios en la legislaci\u00f3n aplicable; y otros mandatos gubernamentales, como \u00f3rdenes de evacuaci\u00f3n, cierres de fronteras, prohibiciones de alquileres a corto plazo y requisitos de refugio en el lugar. La pol\u00edtica de cancelaci\u00f3n se aplicar\u00e1 como de costumbre.<\/p>\n<p>Nuestra pol\u00edtica de circunstancias atenuantes est\u00e1 destinada a proteger a los hu\u00e9spedes y anfitriones de circunstancias imprevistas que surjan despu\u00e9s de la reserva. Despu\u00e9s de la declaraci\u00f3n de COVID-19 como pandemia global por parte de la Organizaci\u00f3n Mundial de la Salud, la pol\u00edtica de circunstancias atenuantes ya no se aplica porque COVID-19 y sus consecuencias ya no son imprevistas o inesperadas.<span class=\"Apple-converted-space\"> <\/span><\/p>\n<p><strong>CONTRATO DE ALQUILER<\/strong><\/p>\n<p>Este Contrato de Alquiler es un acuerdo legalmente vinculante a partir del primer pago.<\/p>\n<p>El Hu\u00e9sped ha aceptado alquilar la residencia como se describe en el anuncio, durante la duraci\u00f3n del Plazo de Alquiler por la Tarifa Total de Alquiler y otra consideraci\u00f3n buena y valiosa como se describe en este documento. El pago de la reserva servir\u00e1 como firma y aceptaci\u00f3n de este contrato de alquiler.<\/p>\n<p><strong>OCUPACI\u00d3N<\/strong><\/p>\n<p>El hu\u00e9sped acepta que no se permitir\u00e1n m\u00e1s personas de las escritas en el formulario de reserva en el<\/p>\n<p>Propiedad en cualquier momento durante el Plazo de Alquiler, todos los cuales cumplir\u00e1n con las condiciones y restricciones impuestas al Hu\u00e9sped en virtud de este Acuerdo, a menos que haya sido autorizado por el Agente de Alquiler \/ Propietario de la Propiedad<\/p>\n<p>Los hu\u00e9spedes adicionales ser\u00e1n cargados en su totalidad bajo los t\u00e9rminos y condiciones.<\/p>\n<p>No se permiten visitas. Se debe hacer una consulta por escrito al Agente de Alquiler \/ Propiedad.<\/p>\n<p><strong>POL\u00cdTICA DE CANCELACI\u00d3N<\/strong><\/p>\n<p>Se requiere un dep\u00f3sito no reembolsable del 50 % en el momento de la reserva.<\/p>\n<p>El 50 % del saldo no reembolsable se debe pagar a m\u00e1s tardar 60 d\u00edas antes de la llegada<\/p>\n<p>El Agente de Alquiler \/ Propietario de la Propiedad se reserva el derecho de cancelar la reserva si el pago no se realiza a su debido tiempo.<\/p>\n<p>Recomendamos que todos los hu\u00e9spedes tengan el seguro de viaje requerido que cubre cancelaci\u00f3n, robo, enfermedad y accidente. Lea la letra peque\u00f1a de su p\u00f3liza de seguro antes de viajar para asegurarse de que tiene la cobertura correcta.<\/p>\n<p><strong>FUERZA MAYOR<\/strong><\/p>\n<p>El Agente de Alquiler \/ Propietario de la Propiedad no puede aceptar responsabilidad ni pagar ninguna compensaci\u00f3n cuando el cumplimiento o la pronta ejecuci\u00f3n del contrato de reserva se vea impedido o afectado por circunstancias que equivalgan a \u00abfuerza mayor\u00bb.<\/p>\n<p>Las circunstancias que equivalen a \u00abfuerza mayor\u00bb incluyen cualquier evento que no podamos, incluso con el debido cuidado, prever o evitar. Tales circunstancias incluyen la destrucci\u00f3n o da\u00f1o de su alojamiento (que no puede remediarse razonablemente a un nivel satisfactorio antes del inicio de su estad\u00eda) a trav\u00e9s de incendios, inundaciones, explosiones, tormentas u otros da\u00f1os clim\u00e1ticos, robos, da\u00f1os criminales, disturbios o conflictos civiles, acciones industriales, desastres naturales o nucleares, incendios, condiciones clim\u00e1ticas adversas, guerra o amenaza de guerra,  actividad terrorista real o amenazada, epidemia y todas las situaciones similares fuera de nuestro control.<\/p>\n<p>Se acuerda expl\u00edcitamente que un evento de fuerza mayor suspende las obligaciones del Agente de Alquiler \/ Propietario de la Propiedad. Los hu\u00e9spedes deber\u00e1n pagar los gastos adicionales en los que puedan incurrir por cualquier cambio en los vuelos, alojamiento, alquiler de coches, etc. despu\u00e9s del caso de fuerza mayor.<\/p>\n<p><strong>CESI\u00d3N O SUBARRENDAMIENTO<\/strong><\/p>\n<p>El Hu\u00e9sped no asignar\u00e1 ni subarrendar\u00e1 la Propiedad ni permitir\u00e1 el uso de ninguna parte de la Propiedad por parte de otras personas que no sean miembros de la familia o invitados del Hu\u00e9sped e incluidos dentro del n\u00famero de ocupantes permitidos en virtud de este Acuerdo.<\/p>\n<p>Solo el personal de la casa tiene acceso a la villa (no masajista, pescador, etc., aparte de lo permitido por el agente de alquiler \/ propietario)<\/p>\n<p><strong>POL\u00cdTICA DE CHECK IN \/ CHECK OUT<\/strong><\/p>\n<p>Check-in: 2 PM A 4 PM (Cargo adicional por check-in posterior; \u00faltimo check-in 9 PM)<\/p>\n<p>Check-out: 10 AM (la estancia de una noche completa se cobrar\u00e1 por el check-out posterior y solo si se reserva con anticipaci\u00f3n)<\/p>\n<p><strong>CONDICI\u00d3N Y USO DE LA PROPIEDAD<\/strong><\/p>\n<p>La propiedad se proporciona en condiciones \u00abtal cual\u00bb. El Agente de Alquiler \/ Propietario de la Propiedad har\u00e1 todo lo posible para garantizar el funcionamiento de todas las comodidades de la Propiedad, como acceso a Internet, acceso a TV v\u00eda sat\u00e9lite o por cable o ba\u00f1eras de hidromasaje, chimeneas, seg\u00fan corresponda. El Agente de Alquiler \/ Propietario de la Propiedad no ser\u00e1 responsable de la falta de trabajo de dichos art\u00edculos, pero har\u00e1 todo lo posible para corregir cualquier problema informado lo m\u00e1s r\u00e1pido posible. No se aplicar\u00eda ning\u00fan reembolso.<\/p>\n<p>El Hu\u00e9sped reconoce que el uso de servicios como jacuzzis, piscinas, spas, chimeneas, terrazas y similares puede ser potencialmente peligroso e implicar riesgos potenciales, particularmente con respecto a los ni\u00f1os y dicho uso es bajo el propio riesgo del Hu\u00e9sped.<\/p>\n<p>Ning\u00fan menor de edad no se dejar\u00e1 desatendido en el entorno de la propiedad. Los ni\u00f1os deben estar bajo su vigilancia. Por favor, an\u00edmelos a respetar la propiedad y el entorno.<\/p>\n<p style=\"text-align: left;\">El Hu\u00e9sped deber\u00e1 utilizar la Propiedad solo para fines residenciales y de manera cuidadosa para evitar cualquier da\u00f1o o p\u00e9rdida a la Propiedad y mantener la Propiedad en condiciones limpias y sanitarias en todo momento. El Hu\u00e9sped y cualquier hu\u00e9sped adicional permitido se abstendr\u00e1 de hacer ruidos fuertes y no molestar\u00e1, molestar\u00e1, pondr\u00e1 en peligro o incomodar\u00e1 a los vecinos, ni el Hu\u00e9sped utilizar\u00e1 la Propiedad para fines inmorales, ofensivos o ilegales, ni violar\u00e1 ninguna ley, regla u ordenanza de la asociaci\u00f3n, ni cometer\u00e1 desperdicios o molestias en o sobre la Propiedad.<\/p>\n<p style=\"text-align: left;\"><strong>NO SE PERMITEN FUEGOS ARTIFICIALES NI FOGATAS EN UN PER\u00cdMETRO DE 300 METROS ALREDEDOR DEL ALOJAMIENTO Y LA PROPIEDAD (PLAYA INCLUIDA)<\/strong><\/p>\n<p><strong>CLIMATIZACI\u00d3N<\/strong><\/p>\n<p>Los cargos de electricidad est\u00e1n incluidos en los costos de alquiler. Las puertas y ventanas deben cerrarse cuando el aire acondicionado est\u00e1 encendido; las unidades deben apagarse cuando las habitaciones est\u00e9n desocupadas. Si los hu\u00e9spedes desean dejar que las unidades funcionen todo el d\u00eda, se realizar\u00e1 una cotizaci\u00f3n de la electricidad adicional y se pagar\u00e1 el costo a la llegada.<\/p>\n<p>Si se abusa del uso de la electricidad, se cobrar\u00e1 una tarifa el d\u00eda de su salida o se deducir\u00e1 del dep\u00f3sito.<\/p>\n<p>El agente de alquiler \/ propietario de la propiedad no se hace responsable de la falta de personal de la casa; no se efectuar\u00e1 ning\u00fan reembolso.<\/p>\n<p>Alimentos y bebidas, suministros de limpieza no est\u00e1n incluidos.<\/p>\n<p>No fumar dentro de todo el alojamiento \/ villa \/ caba\u00f1a \/ apartamento.<\/p>\n<p><strong>Fianza<\/strong><\/p>\n<p>Un dep\u00f3sito de seguridad como se muestra en la factura se paga con la reserva. Este dep\u00f3sito ser\u00e1 reembolsado si la Villa se encuentra en buenas condiciones. Se har\u00e1 una deducci\u00f3n por cualquier rotura o da\u00f1o.<\/p>\n<p>En caso de da\u00f1os graves a la casa \/ propiedad \/ muebles, se llamar\u00e1 a la polic\u00eda.<\/p>\n<h3>El seguro de viaje de responsabilidad personal es obligatorio. Los hu\u00e9spedes ser\u00e1n responsables financieramente por los da\u00f1os que causaron a otra persona o a su propiedad.<\/h3>\n<p><strong>PREDETERMINADO<\/strong><\/p>\n<p>Si el Hu\u00e9sped no cumple con las condiciones y obligaciones de este Acuerdo, el Hu\u00e9sped deber\u00e1 entregar la Propiedad, retirar toda la propiedad y pertenencias del Hu\u00e9sped y dejar la Propiedad en buen estado y libre de da\u00f1os. No se realizar\u00e1 ning\u00fan reembolso de ninguna parte de la Tarifa Total de Alquiler y, si es necesaria alguna acci\u00f3n legal, el Hu\u00e9sped tendr\u00e1 derecho a reembolsar al Agente de Alquiler \/ Propietario de la Propiedad por todos los costos incurridos.<\/p>\n<p><strong>RIESGO DE P\u00c9RDIDA E INDEMNIZACI\u00d3N<\/strong><\/p>\n<p>El Hu\u00e9sped acepta que todos los bienes personales, muebles, efectos personales y otros art\u00edculos introducidos en la Propiedad por el Hu\u00e9sped o sus hu\u00e9spedes y visitantes permitidos estar\u00e1n bajo el \u00fanico riesgo del Hu\u00e9sped con respecto a cualquier robo, da\u00f1o, destrucci\u00f3n u otra p\u00e9rdida y el Agente de Alquiler \/ Propietario de la Propiedad no ser\u00e1 responsable por ning\u00fan motivo.<\/p>\n<p>Por la presente, el Hu\u00e9sped acuerda y acepta indemnizar y eximir de responsabilidad al Agente de Alquiler y sus agentes, Propietarios de la propiedad, sucesores, empleados y contratistas de y contra cualquier costo, da\u00f1o, responsabilidad, reclamo, honorarios legales y otras acciones por cualquier da\u00f1o, costo, honorarios de abogados incurridos por el Hu\u00e9sped, hu\u00e9spedes permitidos, visitantes o agentes, representantes o sucesores del Hu\u00e9sped debido a cualquier reclamo relacionado con la destrucci\u00f3n de la propiedad o lesiones a personas o p\u00e9rdida de vidas sufrida por<\/p>\n<p>El Hu\u00e9sped o la familia y los visitantes del Hu\u00e9sped en o sobre la Propiedad y el Hu\u00e9sped aceptan expresamente guardar y mantener indemne al Agente de Alquiler \/ Propietario de la Propiedad en todos estos casos.<\/p>\n<p><strong>LANZAMIENTO<\/strong><\/p>\n<p>Por la presente, el Hu\u00e9sped renuncia y libera cualquier reclamo contra el Agente de Alquiler \/ Propietario de la Propiedad, y sus sucesores, cesionarios, empleados o representantes, oficialmente o de otra manera, por cualquier lesi\u00f3n o muerte que pueda sufrir el Hu\u00e9sped en o cerca o adyacente a la Propiedad, incluidas las instalaciones, actividades o servicios comunes.<\/p>\n<p>El Hu\u00e9sped acepta utilizar dichas instalaciones o servicios completamente por iniciativa, riesgo y responsabilidad del Hu\u00e9sped.<\/p>\n<p><strong>ENTRADA E INSPECCI\u00d3N<\/strong><\/p>\n<p>El Agente de Alquiler \/ Propietario de la Propiedad se reserva el derecho de ingresar a la Propiedad en tiempos razonables y con un aviso previo razonable con el fin de inspeccionar la Propiedad o mostrar la Propiedad a posibles compradores, inquilinos u otras personas autorizadas. Si el Agente de Alquiler \/ Propietario de la propiedad tiene una creencia razonable de que existe un peligro inminente para cualquier persona o propiedad, el Agente de Alquiler \/ Propietario de la Propiedad puede ingresar a la Propiedad sin previo aviso.<\/p>\n<p><strong>SERVICIOS EXTRAS<\/strong><\/p>\n<p>Servicio adicional de una empresa de terceros como, por ejemplo, alquiler de coches, traslado al aeropuerto, excursiones, excursiones en barco, etc. puede ser organizado y reservado por el agente de alquiler \/ propietario a petici\u00f3n del hu\u00e9sped;<\/p>\n<p>El Hu\u00e9sped entiende y reconoce que el Agente de Alquiler \/ Propietario de la Propiedad no ser\u00e1 responsable de ning\u00fan retraso \/ dificultad, accidentes, robos que ocurran con cualquier compa\u00f1\u00eda de terceros.<\/p>\n<p>El hu\u00e9sped debe ponerse en contacto personalmente con la agencia de terceros para reconfirmar todas las reservas; Los Hu\u00e9spedes realizar\u00e1n los pagos directamente a la empresa de terceros.<\/p>\n\t\t\t\t\t\t\t\t<\/div>\n\t\t\t\t<\/div>\n\t\t\t\t\t<\/div>\n\t\t<\/div>\n\t\t\t\t\t<\/div>\n\t\t<\/section>\n\t\t\t\t<\/div>\n\t\t","protected":false},"excerpt":{"rendered":"<p>Pol\u00edtica de circunstancias atenuantes Qu\u00e9 reservas est\u00e1n cubiertas Reservas realizadas a m\u00e1s tardar el 14 de marzo de 2020 Las reservas para estancias realizadas a m\u00e1s tardar el 14 de marzo de 2020, con fecha de check-in entre el 14 de marzo de 2020 y el 15 de julio de 2020, pueden cancelarse antes del &#8230;<\/p>\n","protected":false},"author":1,"featured_media":0,"parent":0,"menu_order":0,"comment_status":"closed","ping_status":"closed","template":"","meta":{"inline_featured_image":false,"footnotes":""},"class_list":["post-79752","page","type-page","status-publish","hentry"],"yoast_head":"<!-- This site is optimized with the Yoast SEO plugin v24.4 - https:\/\/yoast.com\/wordpress\/plugins\/seo\/ -->\n<title>T\u00e9rminos y Condiciones - Mauritius Direct - we rent private villas directly from owners<\/title>\n<meta name=\"description\" content=\"we rent private villas directly from owners - Search for Holiday Houses and Villas for Rent in the Indian Ocean with Mauritius Direct\" \/>\n<meta name=\"robots\" content=\"index, follow, max-snippet:-1, max-image-preview:large, max-video-preview:-1\" \/>\n<link rel=\"canonical\" href=\"https:\/\/mauritius-direct.com\/es\/terms-and-conditions\/\" \/>\n<meta property=\"og:locale\" content=\"es_ES\" \/>\n<meta property=\"og:type\" content=\"article\" \/>\n<meta property=\"og:title\" content=\"T\u00e9rminos y Condiciones - Mauritius Direct - we rent private villas directly from owners\" \/>\n<meta property=\"og:description\" content=\"we rent private villas directly from owners - Search for Holiday Houses and Villas for Rent in the Indian Ocean with Mauritius Direct\" \/>\n<meta property=\"og:url\" content=\"https:\/\/mauritius-direct.com\/es\/terms-and-conditions\/\" \/>\n<meta property=\"og:site_name\" content=\"Mauritius Direct\" \/>\n<meta property=\"article:modified_time\" content=\"2021-12-23T18:03:55+00:00\" \/>\n<meta name=\"twitter:card\" content=\"summary_large_image\" \/>\n<meta name=\"twitter:label1\" content=\"Tiempo de lectura\" \/>\n\t<meta name=\"twitter:data1\" content=\"10 minutos\" \/>\n<script type=\"application\/ld+json\" class=\"yoast-schema-graph\">{\"@context\":\"https:\/\/schema.org\",\"@graph\":[{\"@type\":\"WebPage\",\"@id\":\"https:\/\/mauritius-direct.com\/es\/terms-and-conditions\/\",\"url\":\"https:\/\/mauritius-direct.com\/es\/terms-and-conditions\/\",\"name\":\"T\u00e9rminos y Condiciones - Mauritius Direct - we rent private villas directly from owners\",\"isPartOf\":{\"@id\":\"https:\/\/mauritius-direct.com\/es\/#website\"},\"datePublished\":\"2015-04-23T12:57:21+00:00\",\"dateModified\":\"2021-12-23T18:03:55+00:00\",\"description\":\"we rent private villas directly from owners - Search for Holiday Houses and Villas for Rent in the Indian Ocean with Mauritius Direct\",\"inLanguage\":\"es\",\"potentialAction\":[{\"@type\":\"ReadAction\",\"target\":[\"https:\/\/mauritius-direct.com\/es\/terms-and-conditions\/\"]}]},{\"@type\":\"WebSite\",\"@id\":\"https:\/\/mauritius-direct.com\/es\/#website\",\"url\":\"https:\/\/mauritius-direct.com\/es\/\",\"name\":\"Mauritius Direct\",\"description\":\"we rent private villas directly from owners\",\"publisher\":{\"@id\":\"https:\/\/mauritius-direct.com\/es\/#organization\"},\"potentialAction\":[{\"@type\":\"SearchAction\",\"target\":{\"@type\":\"EntryPoint\",\"urlTemplate\":\"https:\/\/mauritius-direct.com\/es\/?s={search_term_string}\"},\"query-input\":{\"@type\":\"PropertyValueSpecification\",\"valueRequired\":true,\"valueName\":\"search_term_string\"}}],\"inLanguage\":\"es\"},{\"@type\":\"Organization\",\"@id\":\"https:\/\/mauritius-direct.com\/es\/#organization\",\"name\":\"Mauritius Direct\",\"url\":\"https:\/\/mauritius-direct.com\/es\/\",\"logo\":{\"@type\":\"ImageObject\",\"inLanguage\":\"es\",\"@id\":\"https:\/\/mauritius-direct.com\/es\/#\/schema\/logo\/image\/\",\"url\":\"https:\/\/mauritius-direct.com\/wp-content\/uploads\/2020\/03\/logo.png\",\"contentUrl\":\"https:\/\/mauritius-direct.com\/wp-content\/uploads\/2020\/03\/logo.png\",\"width\":522,\"height\":50,\"caption\":\"Mauritius Direct\"},\"image\":{\"@id\":\"https:\/\/mauritius-direct.com\/es\/#\/schema\/logo\/image\/\"}}]}<\/script>\n<!-- \/ Yoast SEO plugin. -->","yoast_head_json":{"title":"T\u00e9rminos y Condiciones - Mauritius Direct - we rent private villas directly from owners","description":"we rent private villas directly from owners - Search for Holiday Houses and Villas for Rent in the Indian Ocean with Mauritius Direct","robots":{"index":"index","follow":"follow","max-snippet":"max-snippet:-1","max-image-preview":"max-image-preview:large","max-video-preview":"max-video-preview:-1"},"canonical":"https:\/\/mauritius-direct.com\/es\/terms-and-conditions\/","og_locale":"es_ES","og_type":"article","og_title":"T\u00e9rminos y Condiciones - Mauritius Direct - we rent private villas directly from owners","og_description":"we rent private villas directly from owners - Search for Holiday Houses and Villas for Rent in the Indian Ocean with Mauritius Direct","og_url":"https:\/\/mauritius-direct.com\/es\/terms-and-conditions\/","og_site_name":"Mauritius Direct","article_modified_time":"2021-12-23T18:03:55+00:00","twitter_card":"summary_large_image","twitter_misc":{"Tiempo de lectura":"10 minutos"},"schema":{"@context":"https:\/\/schema.org","@graph":[{"@type":"WebPage","@id":"https:\/\/mauritius-direct.com\/es\/terms-and-conditions\/","url":"https:\/\/mauritius-direct.com\/es\/terms-and-conditions\/","name":"T\u00e9rminos y Condiciones - Mauritius Direct - we rent private villas directly from owners","isPartOf":{"@id":"https:\/\/mauritius-direct.com\/es\/#website"},"datePublished":"2015-04-23T12:57:21+00:00","dateModified":"2021-12-23T18:03:55+00:00","description":"we rent private villas directly from owners - Search for Holiday Houses and Villas for Rent in the Indian Ocean with Mauritius Direct","inLanguage":"es","potentialAction":[{"@type":"ReadAction","target":["https:\/\/mauritius-direct.com\/es\/terms-and-conditions\/"]}]},{"@type":"WebSite","@id":"https:\/\/mauritius-direct.com\/es\/#website","url":"https:\/\/mauritius-direct.com\/es\/","name":"Mauritius Direct","description":"we rent private villas directly from owners","publisher":{"@id":"https:\/\/mauritius-direct.com\/es\/#organization"},"potentialAction":[{"@type":"SearchAction","target":{"@type":"EntryPoint","urlTemplate":"https:\/\/mauritius-direct.com\/es\/?s={search_term_string}"},"query-input":{"@type":"PropertyValueSpecification","valueRequired":true,"valueName":"search_term_string"}}],"inLanguage":"es"},{"@type":"Organization","@id":"https:\/\/mauritius-direct.com\/es\/#organization","name":"Mauritius Direct","url":"https:\/\/mauritius-direct.com\/es\/","logo":{"@type":"ImageObject","inLanguage":"es","@id":"https:\/\/mauritius-direct.com\/es\/#\/schema\/logo\/image\/","url":"https:\/\/mauritius-direct.com\/wp-content\/uploads\/2020\/03\/logo.png","contentUrl":"https:\/\/mauritius-direct.com\/wp-content\/uploads\/2020\/03\/logo.png","width":522,"height":50,"caption":"Mauritius Direct"},"image":{"@id":"https:\/\/mauritius-direct.com\/es\/#\/schema\/logo\/image\/"}}]}},"_links":{"self":[{"href":"https:\/\/mauritius-direct.com\/es\/wp-json\/wp\/v2\/pages\/79752","targetHints":{"allow":["GET"]}}],"collection":[{"href":"https:\/\/mauritius-direct.com\/es\/wp-json\/wp\/v2\/pages"}],"about":[{"href":"https:\/\/mauritius-direct.com\/es\/wp-json\/wp\/v2\/types\/page"}],"author":[{"embeddable":true,"href":"https:\/\/mauritius-direct.com\/es\/wp-json\/wp\/v2\/users\/1"}],"replies":[{"embeddable":true,"href":"https:\/\/mauritius-direct.com\/es\/wp-json\/wp\/v2\/comments?post=79752"}],"version-history":[{"count":0,"href":"https:\/\/mauritius-direct.com\/es\/wp-json\/wp\/v2\/pages\/79752\/revisions"}],"wp:attachment":[{"href":"https:\/\/mauritius-direct.com\/es\/wp-json\/wp\/v2\/media?parent=79752"}],"curies":[{"name":"wp","href":"https:\/\/api.w.org\/{rel}","templated":true}]}}