{"id":79729,"date":"2020-02-28T14:26:50","date_gmt":"2020-02-28T14:26:50","guid":{"rendered":"https:\/\/mauritius-direct.com\/privacy-policy\/"},"modified":"2020-04-15T18:32:31","modified_gmt":"2020-04-15T17:32:31","slug":"privacy-policy","status":"publish","type":"page","link":"https:\/\/mauritius-direct.com\/es\/privacy-policy\/","title":{"rendered":"Pol\u00edtica de privacidad"},"content":{"rendered":"<h2 class=\"wp-block-heading\">Qui\u00e9nes somos<\/h2><p>La direcci\u00f3n de nuestro sitio web es: http:\/\/mauritius-direct.com<\/p><p>Nuestra empresa es: <\/p><p><strong>Owners United Ltd.<\/strong><br\/>Suite 206, Eden Plaza<br\/>Eden Island<br\/>Mahe<br\/>Republic of Seychelles<br\/>Company Number: 104325<\/p><p>Email: contact at mauritius-direct.com<\/p><h2 class=\"wp-block-heading\">Qu\u00e9 datos personales recopilamos y por qu\u00e9 los recopilamos<\/h2><h3 class=\"wp-block-heading\">Comentarios<\/h3><p>Cuando los visitantes dejan comentarios en el sitio, recopilamos los datos que se muestran en el formulario de comentarios, as\u00ed como la direcci\u00f3n IP del visitante y la cadena del agente de usuario del navegador para ayudar a la detecci\u00f3n de spam.<\/p><p>Se puede proporcionar una cadena an\u00f3nima creada a partir de su direcci\u00f3n de correo electr\u00f3nico (tambi\u00e9n denominada hash) al servicio Gravatar para ver si la est\u00e1 utilizando. La pol\u00edtica de privacidad del servicio Gravatar est\u00e1 disponible aqu\u00ed: https:\/\/automattic.com\/privacy\/. Despu\u00e9s de la aprobaci\u00f3n de su comentario, su foto de perfil es visible para el p\u00fablico en el contexto de su comentario.<\/p><h3 class=\"wp-block-heading\">Medio<\/h3><p>Si carga im\u00e1genes en el sitio web, debe evitar cargar im\u00e1genes con datos de ubicaci\u00f3n incrustados (EXIF GPS) incluidos. Los visitantes del sitio web pueden descargar y extraer cualquier dato de ubicaci\u00f3n de las im\u00e1genes en el sitio web.<\/p><h3 class=\"wp-block-heading\">Formularios de contacto <\/h3><h3 class=\"wp-block-heading\">Galletas<\/h3><p>Si deja un comentario en nuestro sitio, puede optar por guardar su nombre, direcci\u00f3n de correo electr\u00f3nico y sitio web en cookies. Estos son para su comodidad para que no tenga que rellenar sus datos de nuevo cuando deje otro comentario. Estas cookies durar\u00e1n un a\u00f1o.<\/p><p>Si visita nuestra p\u00e1gina de inicio de sesi\u00f3n, estableceremos una cookie temporal para determinar si su navegador acepta cookies. Esta cookie no contiene datos personales y se descarta cuando cierra su navegador.<\/p><p>Cuando inicie sesi\u00f3n, tambi\u00e9n configuraremos varias cookies para guardar su informaci\u00f3n de inicio de sesi\u00f3n y sus opciones de visualizaci\u00f3n de pantalla. Las cookies de inicio de sesi\u00f3n duran dos d\u00edas y las cookies de opciones de pantalla duran un a\u00f1o. Si selecciona \u00abRecordarme\u00bb, su inicio de sesi\u00f3n persistir\u00e1 durante dos semanas. Si cierra sesi\u00f3n en su cuenta, se eliminar\u00e1n las cookies de inicio de sesi\u00f3n.<\/p><p>Si edita o publica un art\u00edculo, se guardar\u00e1 una cookie adicional en su navegador. Esta cookie no incluye datos personales y simplemente indica el ID de publicaci\u00f3n del art\u00edculo que acaba de editar. Caduca despu\u00e9s de 1 d\u00eda.<\/p><h3 class=\"wp-block-heading\">Contenido incrustado de otros sitios web<\/h3><p>Los art\u00edculos de este sitio pueden incluir contenido incrustado (por ejemplo, v\u00eddeos, im\u00e1genes, art\u00edculos, etc.). El contenido incrustado de otros sitios web se comporta exactamente de la misma manera que si el visitante hubiera visitado el otro sitio web.<\/p><p>Estos sitios web pueden recopilar datos sobre usted, utilizar cookies, incrustar seguimiento adicional de terceros y supervisar su interacci\u00f3n con ese contenido incrustado, incluido el seguimiento de su interacci\u00f3n con el contenido incrustado si tiene una cuenta y ha iniciado sesi\u00f3n en ella Sitio web.<\/p><h3 class=\"wp-block-heading\">Analytics<\/h3><h2 class=\"wp-block-heading\">Con qui\u00e9n compartimos sus datos<\/h2><h2 class=\"wp-block-heading\">Cu\u00e1nto tiempo conservamos sus datos<\/h2><p>Si deja un comentario, listado y datos de reserva, los datos y sus metadatos se conservan indefinidamente. Esto es para que podamos reconocer y aprobar cualquier seguimiento autom\u00e1ticamente en lugar de mantenerlos en una cola de moderaci\u00f3n.<\/p><p>Para los usuarios que se registran en nuestro sitio web (si existe), tambi\u00e9n almacenamos la informaci\u00f3n personal que proporcionan en su perfil de usuario. Todos los usuarios pueden ver, editar o eliminar su informaci\u00f3n personal en cualquier momento (excepto que no pueden cambiar su nombre de usuario). Los administradores del sitio web tambi\u00e9n pueden ver y editar esa informaci\u00f3n.<\/p><h2 class=\"wp-block-heading\">Qu\u00e9 derechos tiene sobre sus datos<\/h2><p>Si tiene una cuenta en este sitio o ha dejado comentarios, puede solicitar recibir un archivo exportado de los datos personales que tenemos sobre usted, incluidos los datos que nos haya proporcionado. Tambi\u00e9n puede solicitar que borremos cualquier dato personal que tengamos sobre usted. Esto no incluye ning\u00fan dato que estemos obligados a conservar con fines administrativos, legales o de seguridad.<\/p><h2 class=\"wp-block-heading\">D\u00f3nde enviamos sus datos<\/h2><p>Los comentarios de los visitantes se pueden comprobar a trav\u00e9s de un servicio automatizado de detecci\u00f3n de spam.<\/p><h2 class=\"wp-block-heading\">Su informaci\u00f3n de contacto<\/h2><h2 class=\"wp-block-heading\">Informaci\u00f3n adicional<\/h2><h3 class=\"wp-block-heading\">C\u00f3mo protegemos sus datos<\/h3><h3 class=\"wp-block-heading\">\u00bfQu\u00e9 procedimientos de violaci\u00f3n de datos tenemos en marcha<\/h3><h3 class=\"wp-block-heading\">De qu\u00e9 terceros recibimos datos<\/h3><h3 class=\"wp-block-heading\">Qu\u00e9 toma de decisiones automatizada y\/o elaboraci\u00f3n de perfiles hacemos con los datos de los usuarios<\/h3><h3 class=\"wp-block-heading\">Requisitos de divulgaci\u00f3n regulatoria de la industria<\/h3><h3 class=\"wp-block-heading\">Wpml<\/h3><p>WPML utiliza cookies para identificar el idioma actual del visitante, el \u00faltimo idioma visitado y el idioma de los usuarios que han iniciado sesi\u00f3n.<\/p><p>Mientras utiliza el plugin, WPML compartir\u00e1 datos sobre el sitio a trav\u00e9s de Installer. No se compartir\u00e1n datos del propio usuario.<\/p><p>Recopilamos informaci\u00f3n sobre usted durante el proceso de pago en nuestra tienda.<\/p><h2 class=\"wp-block-heading\">Lo que recopilamos y almacenamos<\/h2><p>Mientras visita nuestro sitio, realizaremos un seguimiento de:<\/p><ul class=\"wp-block-list\"><li>Productos que has visto: usaremos esto para, por ejemplo, mostrarte los productos que has visto recientemente<\/li><li>Ubicaci\u00f3n, direcci\u00f3n IP y tipo de navegador: lo usaremos para fines como la estimaci\u00f3n de impuestos y el env\u00edo<\/li><li>Direcci\u00f3n de env\u00edo: le pediremos que introduzca esto para que podamos, por ejemplo, estimar el env\u00edo antes de realizar un pedido, y enviarle el pedido!<\/li><\/ul><p>Tambi\u00e9n utilizaremos cookies para realizar un seguimiento del contenido del carrito mientras navega por nuestro sitio.<\/p><p>Cuando nos compre, le pediremos que proporcione informaci\u00f3n que incluya su nombre, direcci\u00f3n de facturaci\u00f3n, direcci\u00f3n de env\u00edo, direcci\u00f3n de correo electr\u00f3nico, n\u00famero de tel\u00e9fono, datos de tarjeta de cr\u00e9dito\/pago e informaci\u00f3n de cuenta opcional, como nombre de usuario y contrase\u00f1a. Usaremos esta informaci\u00f3n para fines, tales como:<\/p><ul class=\"wp-block-list\"><li>Enviarle informaci\u00f3n sobre su cuenta y pedido<\/li><li>Responda a sus solicitudes, incluidos reembolsos y quejas<\/li><li>Procesar pagos y prevenir fraudes<\/li><li>Configura tu cuenta para nuestra tienda<\/li><li>Cumplir con cualquier obligaci\u00f3n legal que tengamos, como el c\u00e1lculo de impuestos<\/li><li>Mejorar nuestra oferta de tienda<\/li><li>Enviarle mensajes de marketing, si decide recibirlos<\/li><\/ul><p>Si crea una cuenta, almacenaremos su nombre, direcci\u00f3n, correo electr\u00f3nico y n\u00famero de tel\u00e9fono, que se utilizar\u00e1n para rellenar la compra para pedidos futuros.<\/p><p>Por lo general, almacenamos informaci\u00f3n sobre usted durante el tiempo que necesitamos la informaci\u00f3n para los fines para los que la recopilamos y utilizamos, y no estamos legalmente obligados a continuar con la conservarla. Por ejemplo, almacenaremos la informaci\u00f3n del pedido de XXX a\u00f1os para fines fiscales y contables. Esto incluye su nombre, direcci\u00f3n de correo electr\u00f3nico y direcciones de facturaci\u00f3n y env\u00edo.<\/p><p>Tambi\u00e9n almacenaremos comentarios o comentarios, si decide dejarlos.<\/p><h2 class=\"wp-block-heading\">\u00bfQui\u00e9n en nuestro equipo tiene acceso<\/h2><p>Los miembros de nuestro equipo tienen acceso a la informaci\u00f3n que nos proporciona. Por ejemplo, tanto los administradores como los gerentes de tienda pueden acceder a:<\/p><ul class=\"wp-block-list\"><li>Solicitar informaci\u00f3n como lo que se compr\u00f3, cu\u00e1ndo se compr\u00f3 y d\u00f3nde se debe enviar, y<\/li><li>Informaci\u00f3n del cliente como su nombre, direcci\u00f3n de correo electr\u00f3nico e informaci\u00f3n de facturaci\u00f3n y env\u00edo.<\/li><\/ul><p>Los miembros de nuestro equipo tienen acceso a esta informaci\u00f3n para ayudar a cumplir pedidos, procesar reembolsos y apoyarlo.<\/p><h2 class=\"wp-block-heading\">Lo que compartimos con los dem\u00e1s<\/h2><p>Compartimos informaci\u00f3n con terceros que nos ayudan a proporcionarle nuestros pedidos y almacenar le servicios; por ejemplo &#8212;<\/p><h3 class=\"wp-block-heading\">Pagos<\/h3><p>Aceptamos pagos a trav\u00e9s de PayPal. Al procesar pagos, algunos de sus datos se pasar\u00e1n a PayPal, incluida la informaci\u00f3n necesaria para procesar o apoyar el pago, como el total de la compra y la informaci\u00f3n de facturaci\u00f3n.<\/p><p>Consulte la Pol\u00edtica de privacidad de <a href=\"https:\/\/www.paypal.com\/us\/webapps\/mpp\/ua\/privacy-full\">PayPal<\/a> para obtener m\u00e1s informaci\u00f3n.<\/p><p>Aceptamos pagos a trav\u00e9s de DPO Think Payment. Al procesar pagos, algunos de sus datos se pasar\u00e1n a PayPal, incluida la informaci\u00f3n necesaria para procesar o apoyar el pago, como el total de la compra y la informaci\u00f3n de facturaci\u00f3n.<\/p><p>Consulte la Pol\u00edtica de privacidad de <a href=\"https:\/\/www.dpogroup.com\/africa\/terms-conditions\/\">DPO Think Payment<\/a> para obtener m\u00e1s detalles.<\/p><h3 class=\"wp-block-heading\">Traducciones de WPML<\/h3><p>WPML Media Translation enviar\u00e1 la direcci\u00f3n de correo electr\u00f3nico y el nombre de cada administrador y traductor asignado, as\u00ed como el contenido en s\u00ed al Editor de Traducci\u00f3n Avanzada y a los servicios de traducci\u00f3n que se utilizan.<\/p><p>WooCommerce Multilingual utilizar\u00e1 cookies para comprender la informaci\u00f3n de la cesta cuando utilice idiomas en dominios y para transferir datos entre los dominios.<\/p><h3 class=\"wp-block-heading\">WooCommerce Multilingual<\/h3><p>WooCommerce Multilingual tambi\u00e9n utilizar\u00e1 cookies para identificar el idioma y la moneda del pedido de cada cliente, as\u00ed como la moneda de los informes creados por WooCommerce. WooCommerce Multilingual ampl\u00eda estos informes a\u00f1adiendo la informaci\u00f3n de la moneda.<\/p><h3 class=\"wp-block-heading\">Pagar Pal Checkout<\/h3><p>Al utilizar esta extensi\u00f3n, es posible que almacene datos personales o comparta datos con un servicio externo. <a rel=\"noreferrer noopener\" href=\"https:\/\/docs.woocommerce.com\/document\/privacy-payments\/#woocommerce-gateway-paypal-express-checkout\" target=\"_blank\">Obt\u00e9n m\u00e1s informaci\u00f3n sobre c\u00f3mo funciona esto, incluido lo que es posible que quieras incluir en tu pol\u00edtica de privacidad.<\/a><\/p><h3 class=\"wp-block-heading\">Stripe<\/h3><p>Al utilizar esta extensi\u00f3n, es posible que almacene datos personales o comparta datos con un servicio externo. <a rel=\"noreferrer noopener\" href=\"https:\/\/docs.woocommerce.com\/document\/privacy-payments\/#woocommerce-gateway-stripe\" target=\"_blank\">Obt\u00e9n m\u00e1s informaci\u00f3n sobre c\u00f3mo funciona esto, incluido lo que es posible que quieras incluir en tu pol\u00edtica de privacidad.<\/a><\/p><h3 class=\"wp-block-heading\">Servicios de comercio de Woo<\/h3><p>Al utilizar esta extensi\u00f3n, es posible que almacene datos personales o comparta datos con servicios externos. <a rel=\"noreferrer noopener\" href=\"https:\/\/jetpack.com\/support\/for-your-privacy-policy\/#woocommerce-services\" target=\"_blank\">Obt\u00e9n m\u00e1s informaci\u00f3n sobre c\u00f3mo funciona esto, incluido lo que es posible que quieras incluir en tu pol\u00edtica de privacidad.<\/a><\/p><h3 class=\"wp-block-heading\">Loco Translate<\/h3><p>Este plugin no recopila datos de los visitantes del sitio web p\u00fablico.<br\/>Es posible que los administradores y auditores deseen revisar el aviso de privacidad del <a href=\"https:\/\/localise.biz\/wordpress\/plugin\/privacy\">plugin<\/a>de Loco.<\/p><h2 class=\"wp-block-heading\">En caso de que est\u00e9s usando Google Web Fonts (predeterminado) o reproduciendo v\u00eddeos o sonidos a trav\u00e9s de YouTube o Vimeo en Slider Revolution te recomendamos a\u00f1adir la frase de texto correspondiente a tu pol\u00edtica de privacidad:<\/h2><h3 class=\"wp-block-heading\">YouTube<\/h3><p>Nuestro sitio web utiliza plugins de YouTube, que es operado por Google. El operador de las p\u00e1ginas es YouTube LLC, 901 Cherry Ave., San Bruno, CA 94066, EE. UU.<\/p><p>Si visita una de nuestras p\u00e1ginas con un complemento de YouTube, se establece una conexi\u00f3n con los servidores de YouTube. Aqu\u00ed se informa al servidor de YouTube sobre cu\u00e1l de nuestras p\u00e1ginas ha visitado.<\/p><p>Si has iniciado sesi\u00f3n en tu cuenta de YouTube, YouTube te permite asociar tu comportamiento de navegaci\u00f3n directamente con tu perfil personal. Para evitarlo, cierra sesi\u00f3n en tu cuenta de YouTube.<\/p><p>YouTube se utiliza para ayudar a que nuestro sitio web sea atractivo. Esto constituye un inter\u00e9s justificado de conformidad con el art. 6 (1) f) DSGVO.<\/p><p>Encontrar\u00e1 m\u00e1s informaci\u00f3n sobre el tratamiento de los datos de usuario en la declaraci\u00f3n de protecci\u00f3n de datos de YouTube en <a href=\"https:\/\/www.google.de\/intl\/de\/policies\/privacy\" target=\"_blank\" rel=\"noreferrer noopener\">https:\/\/www.google.de\/intl\/de\/policies\/privacy<\/a>.<\/p><h3 class=\"wp-block-heading\">Vimeo<\/h3><p>Nuestro sitio web utiliza las funciones proporcionadas por el portal de v\u00eddeo vimeo. Este servicio es proporcionado por Vimeo Inc., 555 West 18th Street, Nueva York, Nueva York 10011, EE. UU.<\/p><p>Si visita una de nuestras p\u00e1ginas con un plugin de Vimeo, se establece una conexi\u00f3n con los servidores de Vimeo. Aqu\u00ed se informa al servidor de Vimeo sobre cu\u00e1l de nuestras p\u00e1ginas ha visitado. Adem\u00e1s, Vimeo recibir\u00e1 su direcci\u00f3n IP. Esto tambi\u00e9n se aplica si no ha iniciado sesi\u00f3n en Vimeo cuando visita nuestro plugin o no tiene una cuenta de Vimeo. La informaci\u00f3n se transmite a un servidor Vimeo en los EE.UU., donde se almacena.<\/p><p>Si ha iniciado sesi\u00f3n en su cuenta de Vimeo, Vimeo le permite asociar su comportamiento de navegaci\u00f3n directamente con su perfil personal. Puede sin efecto sesi\u00f3n en su cuenta de Vimeo.<\/p><p>Para obtener m\u00e1s informaci\u00f3n sobre c\u00f3mo manejar los datos de usuario, consulte la Pol\u00edtica de privacidad de Vimeo en <a href=\"https:\/\/vimeo.com\/privacy\" target=\"_blank\" rel=\"noreferrer noopener\">https:\/\/vimeo.com\/privacy<\/a>.<\/p><h3 class=\"wp-block-heading\">Google Web Fonts<\/h3><p>Para una representaci\u00f3n uniforme de las fuentes, esta p\u00e1gina utiliza fuentes web proporcionadas por Google. Al abrir una p\u00e1gina, el navegador carga las fuentes web necesarias en la cach\u00e9 del navegador para mostrar los textos y las fuentes correctamente.<\/p><p>Para ello, su navegador tiene que establecer una conexi\u00f3n directa con los servidores de Google. De este modo, Google se da cuenta de que se ha accedido a nuestra p\u00e1gina web a trav\u00e9s de su direcci\u00f3n IP. El uso de fuentes de Google Web se realiza en aras de una presentaci\u00f3n uniforme y atractiva de nuestro plugin. Esto constituye un inter\u00e9s justificado de conformidad con el art. 6 (1) f) DSGVO.<\/p><p>Si su navegador no admite fuentes web, su ordenador utiliza una fuente est\u00e1ndar.<\/p><p>Puede encontrar m\u00e1s informaci\u00f3n sobre el tratamiento de los datos de usuario en <a href=\"https:\/\/developers.google.com\/fonts\/faq\" target=\"_blank\" rel=\"noreferrer noopener\">https:\/\/developers.google.com\/fonts\/faq<\/a> y en la pol\u00edtica de privacidad de Google en <a href=\"https:\/\/www.google.com\/policies\/privacy\/\" target=\"_blank\" rel=\"noreferrer noopener\">https:\/\/www.google.com\/policies\/privacy\/<\/a>.<\/p><h3 class=\"wp-block-heading\">SoundCloud<\/h3><p>En nuestras p\u00e1ginas, los plugins de la red social SoundCloud (SoundCloud Limited, Berners House, 47-48 Berners Street, Londres W1T 3NF, REINO Unido) pueden estar integrados. Los plugins de SoundCloud pueden ser reconocidos por el logotipo de SoundCloud en nuestro sitio.<\/p><p>Cuando visita nuestro sitio, se establece una conexi\u00f3n directa entre su navegador y el servidor SoundCloud a trav\u00e9s del plugin. Esto permite a SoundCloud recibir informaci\u00f3n de que ha visitado nuestro sitio desde su direcci\u00f3n IP. Si hace clic en los botones \u00abMe gusta\u00bb o \u00abCompartir\u00bb mientras est\u00e1 conectado a su cuenta de SoundCloud, puede vincular el contenido de nuestras p\u00e1ginas a su perfil de SoundCloud. Esto significa que SoundCloud puede asociar visitas a nuestras p\u00e1ginas con su cuenta de usuario. Nos gustar\u00eda se\u00f1alar que, como proveedor de estas p\u00e1ginas, no tenemos conocimiento del contenido de los datos transmitidos ni de c\u00f3mo ser\u00e1n utilizados por SoundCloud. Para obtener m\u00e1s informaci\u00f3n sobre la pol\u00edtica de privacidad de SoundCloud, consulta https:\/\/soundcloud.com\/pages\/privacy.<\/p><p>Si no desea que SoundCloud asocie su visita a nuestro sitio con su cuenta de SoundCloud, cierre sesi\u00f3n en su cuenta de SoundCloud.<\/p>","protected":false},"excerpt":{"rendered":"<p>Qui\u00e9nes somos La direcci\u00f3n de nuestro sitio web es: http:\/\/mauritius-direct.com Nuestra empresa es: Owners United Ltd.Suite 206, Eden PlazaEden IslandMaheRepublic of SeychellesCompany Number: 104325 Email: contact at mauritius-direct.com Qu\u00e9 datos personales recopilamos y por qu\u00e9 los recopilamos Comentarios Cuando los visitantes dejan comentarios en el sitio, recopilamos los datos que se muestran en el formulario &#8230;<\/p>\n","protected":false},"author":1,"featured_media":0,"parent":0,"menu_order":0,"comment_status":"closed","ping_status":"open","template":"","meta":{"inline_featured_image":false,"footnotes":""},"class_list":["post-79729","page","type-page","status-publish","hentry"],"yoast_head":"<!-- This site is optimized with the Yoast SEO plugin v24.4 - https:\/\/yoast.com\/wordpress\/plugins\/seo\/ -->\n<title>Pol\u00edtica de privacidad - Mauritius Direct - we rent private villas directly from owners<\/title>\n<meta name=\"description\" content=\"we rent private villas directly from owners - Search for Holiday Houses and Villas for Rent in the Indian Ocean with Mauritius Direct\" \/>\n<meta name=\"robots\" content=\"index, follow, max-snippet:-1, max-image-preview:large, max-video-preview:-1\" \/>\n<link rel=\"canonical\" href=\"https:\/\/mauritius-direct.com\/es\/privacy-policy\/\" \/>\n<meta property=\"og:locale\" content=\"es_ES\" \/>\n<meta property=\"og:type\" content=\"article\" \/>\n<meta property=\"og:title\" content=\"Pol\u00edtica de privacidad - Mauritius Direct - we rent private villas directly from owners\" \/>\n<meta property=\"og:description\" content=\"we rent private villas directly from owners - Search for Holiday Houses and Villas for Rent in the Indian Ocean with Mauritius Direct\" \/>\n<meta property=\"og:url\" content=\"https:\/\/mauritius-direct.com\/es\/privacy-policy\/\" \/>\n<meta property=\"og:site_name\" content=\"Mauritius Direct\" \/>\n<meta property=\"article:modified_time\" content=\"2020-04-15T17:32:31+00:00\" \/>\n<meta name=\"twitter:card\" content=\"summary_large_image\" \/>\n<meta name=\"twitter:label1\" content=\"Tiempo de lectura\" \/>\n\t<meta name=\"twitter:data1\" content=\"12 minutos\" \/>\n<script type=\"application\/ld+json\" class=\"yoast-schema-graph\">{\"@context\":\"https:\/\/schema.org\",\"@graph\":[{\"@type\":\"WebPage\",\"@id\":\"https:\/\/mauritius-direct.com\/es\/privacy-policy\/\",\"url\":\"https:\/\/mauritius-direct.com\/es\/privacy-policy\/\",\"name\":\"Pol\u00edtica de privacidad - Mauritius Direct - we rent private villas directly from owners\",\"isPartOf\":{\"@id\":\"https:\/\/mauritius-direct.com\/es\/#website\"},\"datePublished\":\"2020-02-28T14:26:50+00:00\",\"dateModified\":\"2020-04-15T17:32:31+00:00\",\"description\":\"we rent private villas directly from owners - Search for Holiday Houses and Villas for Rent in the Indian Ocean with Mauritius Direct\",\"inLanguage\":\"es\",\"potentialAction\":[{\"@type\":\"ReadAction\",\"target\":[\"https:\/\/mauritius-direct.com\/es\/privacy-policy\/\"]}]},{\"@type\":\"WebSite\",\"@id\":\"https:\/\/mauritius-direct.com\/es\/#website\",\"url\":\"https:\/\/mauritius-direct.com\/es\/\",\"name\":\"Mauritius Direct\",\"description\":\"we rent private villas directly from owners\",\"publisher\":{\"@id\":\"https:\/\/mauritius-direct.com\/es\/#organization\"},\"potentialAction\":[{\"@type\":\"SearchAction\",\"target\":{\"@type\":\"EntryPoint\",\"urlTemplate\":\"https:\/\/mauritius-direct.com\/es\/?s={search_term_string}\"},\"query-input\":{\"@type\":\"PropertyValueSpecification\",\"valueRequired\":true,\"valueName\":\"search_term_string\"}}],\"inLanguage\":\"es\"},{\"@type\":\"Organization\",\"@id\":\"https:\/\/mauritius-direct.com\/es\/#organization\",\"name\":\"Mauritius Direct\",\"url\":\"https:\/\/mauritius-direct.com\/es\/\",\"logo\":{\"@type\":\"ImageObject\",\"inLanguage\":\"es\",\"@id\":\"https:\/\/mauritius-direct.com\/es\/#\/schema\/logo\/image\/\",\"url\":\"https:\/\/mauritius-direct.com\/wp-content\/uploads\/2020\/03\/logo.png\",\"contentUrl\":\"https:\/\/mauritius-direct.com\/wp-content\/uploads\/2020\/03\/logo.png\",\"width\":522,\"height\":50,\"caption\":\"Mauritius Direct\"},\"image\":{\"@id\":\"https:\/\/mauritius-direct.com\/es\/#\/schema\/logo\/image\/\"}}]}<\/script>\n<!-- \/ Yoast SEO plugin. -->","yoast_head_json":{"title":"Pol\u00edtica de privacidad - Mauritius Direct - we rent private villas directly from owners","description":"we rent private villas directly from owners - Search for Holiday Houses and Villas for Rent in the Indian Ocean with Mauritius Direct","robots":{"index":"index","follow":"follow","max-snippet":"max-snippet:-1","max-image-preview":"max-image-preview:large","max-video-preview":"max-video-preview:-1"},"canonical":"https:\/\/mauritius-direct.com\/es\/privacy-policy\/","og_locale":"es_ES","og_type":"article","og_title":"Pol\u00edtica de privacidad - Mauritius Direct - we rent private villas directly from owners","og_description":"we rent private villas directly from owners - Search for Holiday Houses and Villas for Rent in the Indian Ocean with Mauritius Direct","og_url":"https:\/\/mauritius-direct.com\/es\/privacy-policy\/","og_site_name":"Mauritius Direct","article_modified_time":"2020-04-15T17:32:31+00:00","twitter_card":"summary_large_image","twitter_misc":{"Tiempo de lectura":"12 minutos"},"schema":{"@context":"https:\/\/schema.org","@graph":[{"@type":"WebPage","@id":"https:\/\/mauritius-direct.com\/es\/privacy-policy\/","url":"https:\/\/mauritius-direct.com\/es\/privacy-policy\/","name":"Pol\u00edtica de privacidad - Mauritius Direct - we rent private villas directly from owners","isPartOf":{"@id":"https:\/\/mauritius-direct.com\/es\/#website"},"datePublished":"2020-02-28T14:26:50+00:00","dateModified":"2020-04-15T17:32:31+00:00","description":"we rent private villas directly from owners - Search for Holiday Houses and Villas for Rent in the Indian Ocean with Mauritius Direct","inLanguage":"es","potentialAction":[{"@type":"ReadAction","target":["https:\/\/mauritius-direct.com\/es\/privacy-policy\/"]}]},{"@type":"WebSite","@id":"https:\/\/mauritius-direct.com\/es\/#website","url":"https:\/\/mauritius-direct.com\/es\/","name":"Mauritius Direct","description":"we rent private villas directly from owners","publisher":{"@id":"https:\/\/mauritius-direct.com\/es\/#organization"},"potentialAction":[{"@type":"SearchAction","target":{"@type":"EntryPoint","urlTemplate":"https:\/\/mauritius-direct.com\/es\/?s={search_term_string}"},"query-input":{"@type":"PropertyValueSpecification","valueRequired":true,"valueName":"search_term_string"}}],"inLanguage":"es"},{"@type":"Organization","@id":"https:\/\/mauritius-direct.com\/es\/#organization","name":"Mauritius Direct","url":"https:\/\/mauritius-direct.com\/es\/","logo":{"@type":"ImageObject","inLanguage":"es","@id":"https:\/\/mauritius-direct.com\/es\/#\/schema\/logo\/image\/","url":"https:\/\/mauritius-direct.com\/wp-content\/uploads\/2020\/03\/logo.png","contentUrl":"https:\/\/mauritius-direct.com\/wp-content\/uploads\/2020\/03\/logo.png","width":522,"height":50,"caption":"Mauritius Direct"},"image":{"@id":"https:\/\/mauritius-direct.com\/es\/#\/schema\/logo\/image\/"}}]}},"_links":{"self":[{"href":"https:\/\/mauritius-direct.com\/es\/wp-json\/wp\/v2\/pages\/79729","targetHints":{"allow":["GET"]}}],"collection":[{"href":"https:\/\/mauritius-direct.com\/es\/wp-json\/wp\/v2\/pages"}],"about":[{"href":"https:\/\/mauritius-direct.com\/es\/wp-json\/wp\/v2\/types\/page"}],"author":[{"embeddable":true,"href":"https:\/\/mauritius-direct.com\/es\/wp-json\/wp\/v2\/users\/1"}],"replies":[{"embeddable":true,"href":"https:\/\/mauritius-direct.com\/es\/wp-json\/wp\/v2\/comments?post=79729"}],"version-history":[{"count":0,"href":"https:\/\/mauritius-direct.com\/es\/wp-json\/wp\/v2\/pages\/79729\/revisions"}],"wp:attachment":[{"href":"https:\/\/mauritius-direct.com\/es\/wp-json\/wp\/v2\/media?parent=79729"}],"curies":[{"name":"wp","href":"https:\/\/api.w.org\/{rel}","templated":true}]}}