{"id":79757,"date":"2015-04-23T12:57:21","date_gmt":"2015-04-23T12:57:21","guid":{"rendered":"https:\/\/mauritius-direct.com\/terms-and-conditions\/"},"modified":"2021-12-23T19:02:54","modified_gmt":"2021-12-23T18:02:54","slug":"terms-and-conditions","status":"publish","type":"page","link":"https:\/\/mauritius-direct.com\/de\/terms-and-conditions\/","title":{"rendered":"Allgemeine Gesch\u00e4ftsbedingungen"},"content":{"rendered":"\t\t<div data-elementor-type=\"wp-page\" data-elementor-id=\"79757\" class=\"elementor elementor-79757 elementor-356\">\n\t\t\t\t\t\t<section class=\"elementor-section elementor-top-section elementor-element elementor-element-5510a465 elementor-section-boxed elementor-section-height-default elementor-section-height-default\" data-id=\"5510a465\" data-element_type=\"section\">\n\t\t\t\t\t\t<div class=\"elementor-container elementor-column-gap-default\">\n\t\t\t\t\t<div class=\"elementor-column elementor-col-100 elementor-top-column elementor-element elementor-element-2e3df7cb\" data-id=\"2e3df7cb\" data-element_type=\"column\">\n\t\t\t<div class=\"elementor-widget-wrap elementor-element-populated\">\n\t\t\t\t\t\t<div class=\"elementor-element elementor-element-13a78b9f elementor-widget elementor-widget-text-editor\" data-id=\"13a78b9f\" data-element_type=\"widget\" data-widget_type=\"text-editor.default\">\n\t\t\t\t<div class=\"elementor-widget-container\">\n\t\t\t\t\t\t\t\t\t<p><strong>Politik der mildernden Umst\u00e4nde<\/strong><\/p>\n<p><b>Welche Reservierungen werden abgedeckt<\/b><\/p>\n<p><b>Reservierungen, die am oder vor dem 14. M\u00e4rz 2020 vorgenommen wurden<\/b><\/p>\n<p>Reservierungen f\u00fcr Aufenthalte, die am oder vor dem 14. M\u00e4rz 2020 mit einem Check-in-Datum zwischen dem 14. M\u00e4rz 2020 und dem 15. Juli 2020 get\u00e4tigt wurden, k\u00f6nnen vor dem Check-in storniert werden. Dies bedeutet, dass G\u00e4ste, die im Rahmen der Police stornieren, eine vollst\u00e4ndige Barr\u00fcckerstattung oder ein Reiseguthaben in H\u00f6he des von ihnen bezahlten Betrags (sofern Reiseguthaben verf\u00fcgbar ist) abz\u00fcglich einer Servicegeb\u00fchr von 8 % erhalten, und wir erstatten oder stellen eine Reisegutschrift aus.<\/p>\n<p>Reservierungen f\u00fcr Aufenthalte, die am oder vor dem 14. M\u00e4rz 2020 mit einem Check-in-Datum nach dem 15. Juli 2020 get\u00e4tigt wurden, sind derzeit nicht f\u00fcr COVID-19-bedingte mildernde Umst\u00e4nde abgedeckt. Die Stornierungsbedingungen gelten wie gewohnt.<\/p>\n<p>Wenn eine Reservierung bereits begonnen hat (der Check-in ist bestanden), gilt dieser mildernde Umstand nicht.<\/p>\n<p><b>Reservierungen nach dem 14. M\u00e4rz 2020<\/b><\/p>\n<p>Reservierungen f\u00fcr Aufenthalte, die nach dem 14. M\u00e4rz 2020 get\u00e4tigt werden, fallen nicht unter unsere Richtlinie zu mildernden Umst\u00e4nden, es sei denn, der Gast oder Gastgeber ist derzeit an COVID-19 erkrankt. Zu den COVID-19-bezogenen Umst\u00e4nden, die nicht abgedeckt sind, geh\u00f6ren: Transportst\u00f6rungen und Stornierungen; Reisehinweise und -beschr\u00e4nkungen; Gesundheitshinweise und Quarant\u00e4nen; \u00c4nderungen des anwendbaren Rechts; und andere Regierungsmandate &#8211; wie Evakuierungsbefehle, Grenzschlie\u00dfungen, Verbote f\u00fcr kurzfristige Vermietungen und Shelter-in-Place-Anforderungen. Die Stornierungsbedingungen gelten wie gewohnt.<\/p>\n<p>Unsere Richtlinie zu mildernden Umst\u00e4nden soll G\u00e4ste und Gastgeber vor unvorhergesehenen Umst\u00e4nden sch\u00fctzen, die nach der Buchung auftreten. Nach der Erkl\u00e4rung von COVID-19 als globale Pandemie durch die Weltgesundheitsorganisation gilt die Politik der mildernden Umst\u00e4nde nicht mehr, da COVID-19 und seine Folgen nicht mehr unvorhergesehen oder unerwartet sind.<span class=\"Apple-converted-space\"> <\/span><\/p>\n<p><strong>MIETVERTRAG<\/strong><\/p>\n<p>Dieser Mietvertrag ist ab der ersten Zahlung rechtsverbindlich.<\/p>\n<p>Der Gast hat sich bereit erkl\u00e4rt, die Wohnung wie in der Anzeige beschrieben zu vermieten, f\u00fcr die Dauer der Mietdauer f\u00fcr die Gesamtmietgeb\u00fchr und andere gute und wertvolle Gegenleistung, wie hier beschrieben. Die Zahlung der Reservierung dient als Unterschrift und Annahme dieses Mietvertrages.<\/p>\n<p><strong>Belegung<\/strong><\/p>\n<p>Der Gast erkl\u00e4rt sich damit einverstanden, dass nicht mehr Personen als auf dem Reservierungsformular<\/p>\n<p>Eigentum zu jeder Zeit w\u00e4hrend der Mietdauer, die alle die Bedingungen und Einschr\u00e4nkungen erf\u00fcllen m\u00fcssen, die dem Gast gem\u00e4\u00df diesem Vertrag auferlegt werden, es sei denn, es wurde vom Vermieter\/Eigent\u00fcmer genehmigt.<\/p>\n<p>Zus\u00e4tzliche G\u00e4ste werden gem\u00e4\u00df den Allgemeinen Gesch\u00e4ftsbedingungen in voller H\u00f6he berechnet.<\/p>\n<p>Besucher sind nicht gestattet. Eine schriftliche Anfrage ist an Rental Agent\/ Property zu stellen.<\/p>\n<p><strong>ABBRUCHRICHTLINIE<\/strong><\/p>\n<p>Bei der Reservierung ist eine nicht erstattbare Anzahlung in H\u00f6he von 50 % erforderlich.<\/p>\n<p>50 % nicht erstattungsf\u00e4higer Restbetrag ist sp\u00e4testens 60 Tage vor Anreise f\u00e4llig<\/p>\n<p>Der Vermieter\/Eigent\u00fcmer beh\u00e4lt sich das Recht vor, die Buchung zu stornieren, wenn die Zahlung nicht rechtzeitig erfolgt.<\/p>\n<p>Wir empfehlen allen G\u00e4sten die erforderliche Reiseversicherung, die Storno, Diebstahl, Krankheit und Unfall umfasst. Bitte lesen Sie vor Ihrer Reise das Kleingedruckte Ihrer Versicherungspolice, um sicherzustellen, dass Sie den richtigen Versicherungsschutz haben.<\/p>\n<p><strong>FORCE MAJEURE<\/strong><\/p>\n<p>Der Vermieter\/Eigent\u00fcmer kann keine Verantwortung \u00fcbernehmen oder eine Entsch\u00e4digung zahlen, wenn die Erf\u00fcllung oder unverz\u00fcgliche Erf\u00fcllung des Reservierungsvertrages aufgrund von Umst\u00e4nden, die &#8222;h\u00f6here Gewalt&#8220; darstellen, verhindert oder beeintr\u00e4chtigt wird.<\/p>\n<p>Zu den Umst\u00e4nden, die &#8222;h\u00f6here Gewalt&#8220; belaufen, geh\u00f6rt jedes Ereignis, das wir nicht, auch nicht mit der gebotenen Sorgfalt, vorhersehen oder vermeiden konnten. Zu diesen Umst\u00e4nden geh\u00f6ren die Zerst\u00f6rung oder Besch\u00e4digung Ihrer Unterkunft (die vor Beginn Ihres Aufenthaltes vern\u00fcnftigerweise nicht auf einem zufriedenstellenden Niveau behoben werden kann) durch Feuer, \u00dcberschwemmungen, Explosionen, Sturm oder andere Wettersch\u00e4den, Einbr\u00fcche, kriminelle Sch\u00e4den, Unruhen oder Unruhen, Arbeitskampf, Naturkatastrophen oder nukleare Katastrophen, Feuer, widrige Wetterbedingungen, Krieg oder Kriegsgefahr, tats\u00e4chliche oder bedrohte terroristische Aktivit\u00e4ten. , Epidemie und alle \u00e4hnlichen Situationen au\u00dferhalb unserer Kontrolle.<\/p>\n<p>Es wird ausdr\u00fccklich vereinbart, dass ein Ereignis h\u00f6herer Gewalt die Verpflichtungen des Vermieters\/Immobilieneigent\u00fcmers aussetzt. Die G\u00e4ste tragen zus\u00e4tzliche Kosten, die f\u00fcr jede \u00c4nderung von Fl\u00fcgen, Unterk\u00fcnften, Mietwagen nach dem Fall h\u00f6herer Gewalt anfallen k\u00f6nnten.<\/p>\n<p><strong>ZUWEISUNG ODER UNTERVERMIETUNG<\/strong><\/p>\n<p>Der Gast darf das Eigentum nicht abtreten oder untervermieten oder die Nutzung eines Teils der Immobilie durch andere Personen zulassen, die keine Familienmitglieder oder G\u00e4ste des Gastes sind und in der Anzahl und als zul\u00e4ssige Insassen gem\u00e4\u00df dieser Vereinbarung enthalten sind.<\/p>\n<p>Nur das Hauspersonal hat Zugang zur Villa (keine Masseurin, Fischer usw., au\u00dfer vom Vermieter\/Eigent\u00fcmer erlaubt)<\/p>\n<p><strong>CHECK-IN \/ CHECK-OUT-RICHTLINIE<\/strong><\/p>\n<p>Check-in: 14.00 bis 16.00 Uhr (Zus\u00e4tzliche Geb\u00fchr f\u00fcr sp\u00e4teren Check-in; letzter Check-in 21:00 Uhr)<\/p>\n<p>Check-out: 10:00 Uhr (die volle \u00dcbernachtung wird f\u00fcr einen sp\u00e4teren Check-out berechnet und nur bei vorheriger Buchung)<\/p>\n<p><strong>ZUSTAND UND NUTZUNG DES EIGENTUMS<\/strong><\/p>\n<p>Die Eigenschaft wird in &#8222;wie besehen&#8220; Zustand zur Verf\u00fcgung gestellt. Der Vermieter\/Eigent\u00fcmer des Eigentums wird alles in seiner Arbeit unternehmen, um den Betrieb aller Annehmlichkeiten in der Unterkunft wie Internetzugang, Sat- oder Kabelfernsehen oder Whirlpools, Kamine zu gew\u00e4hrleisten. Der Vermieter\/Eigent\u00fcmer haftet nicht f\u00fcr die Nichtbeachtung solcher Gegenst\u00e4nde, sondern wird alles tun, um die gemeldeten Probleme so schnell wie m\u00f6glich zu beheben. Es w\u00fcrde keine R\u00fcckerstattung gew\u00e4hrt.<\/p>\n<p>Der Gast erkennt an, dass die Nutzung von Annehmlichkeiten wie Whirlpools, Pools, Spas, Kaminen, Decks und dergleichen potenziell gef\u00e4hrlich sein kann und potenzielle Risiken mit sich bringt, insbesondere im Hinblick auf Kinder, und eine solche Nutzung auf eigenes Risiko des Gastes erfolgt.<\/p>\n<p>Kein minderj\u00e4hriges Kind darf in der Einstellung der Immobilie unbeaufsichtigt gelassen werden. Kinder m\u00fcssen unter Ihrer Aufsicht stehen. Bitte ermutigen Sie sie, die Unterkunft und die Umgebung zu respektieren.<\/p>\n<p style=\"text-align: left;\">Der Gast darf die Immobilie nur f\u00fcr Wohnzwecke und sorgf\u00e4ltig nutzen, um Sch\u00e4den oder Verluste an der Immobilie zu verhindern und die Immobilie jederzeit in sauberem und hygienischem Zustand zu halten. Der Gast und alle weiteren zugelassenen G\u00e4ste d\u00fcrfen auf lauten L\u00e4rm verzichten und Nachbarn nicht st\u00f6ren, \u00e4rgern, gef\u00e4hrden oder unannehmlichkeiten machen, noch das Eigentum f\u00fcr unmoralische, beleidigende oder rechtswidrige Zwecke nutzen oder gegen Gesetze, Vereinigungsregeln oder Verordnungen versto\u00dfen oder Abf\u00e4lle oder Bel\u00e4stigungen auf oder \u00fcber das Eigentum begehen.<\/p>\n<p style=\"text-align: left;\"><strong>FIRE WORKS AND CAMP FIRES ARE NOT PERMITTED IN A PERIMETER OF 300 METERS AROUND THE ACCOMODATION AND PROPERTY (BEACH INCLUDED)<\/strong><\/p>\n<p><strong>Klimaanlage<\/strong><\/p>\n<p>Die Stromkosten sind in den Mietkosten enthalten. T\u00fcren und Fenster m\u00fcssen geschlossen werden, wenn die Klimaanlage eingeschaltet ist; die Einheiten m\u00fcssen ausgeschaltet werden, wenn die R\u00e4ume unbesetzt sind. Wenn Sie die Unterk\u00fcnfte den ganzen Tag laufen lassen m\u00f6chten, wird ein Angebot des zus\u00e4tzlichen Stroms gemacht und die Kosten sind bei der Ankunft zu zahlen.<\/p>\n<p>Wenn die Nutzung von Strom missbraucht wird, wird eine Geb\u00fchr am Abreisetag berechnet oder von der Kaution abgezogen.<\/p>\n<p>Der Vermieter\/Eigent\u00fcmer kann nicht f\u00fcr den Mangel an Hauspersonal verantwortlich gemacht werden; es wird keine R\u00fcckerstattung gew\u00e4hrt.<\/p>\n<p>Essen und Trinken, Reinigungsangebot ist nicht inbegriffen.<\/p>\n<p>Kein Rauchen in der gesamten Unterkunft\/Villa\/Kabine\/Appartment.<\/p>\n<p><strong>KAUTION<\/strong><\/p>\n<p>Eine Kaution, wie auf der Rechnung angegeben, ist mit der Reservierung zahlbar. Diese Kaution wird zur\u00fcckerstattet, wenn die Villa in gutem Zustand ist. F\u00fcr eventuelle Br\u00fcche oder Sch\u00e4den wird ein Abzug vorgenommen.<\/p>\n<p>Bei schweren Sch\u00e4den am Haus\/Eigentum\/M\u00f6bel wird die Polizei gerufen.<\/p>\n<h3>Pers\u00f6nliche Haftpflicht-Reiseversicherung ist obligatorisch. Die G\u00e4ste werden f\u00fcr Sch\u00e4den, die sie einer anderen Person oder ihrem Eigentum zugef\u00fcgt haben, finanziell zur Verantwortung gezogen.<\/h3>\n<p><strong>Standard<\/strong><\/p>\n<p>Sollte der Gast die Bedingungen und Pflichten dieser Vereinbarung nicht einhalten, hat er das Eigentum aufzugeben, alle Eigentums- und Besitzgegenst\u00e4nde des Gastes zu entfernen und das Eigentum in gutem Zustand und ohne Besch\u00e4digung zu verlassen. Es wird keine R\u00fcckerstattung eines Teils der Gesamten Mietgeb\u00fchr vorgenommen, und falls rechtliche Schritte erforderlich sind, hat der Gast Anspruch auf Erstattung des Mietvermittlers\/Eigent\u00fcmers f\u00fcr alle entstandenen Kosten.<\/p>\n<p><strong>RISIKO VON LOSS UND INDEMNIFIKATION<\/strong><\/p>\n<p>Der Gast erkl\u00e4rt sich damit einverstanden, dass alle pers\u00f6nlichen Gegenst\u00e4nde, Einrichtungen, pers\u00f6nlichen Affekten und sonstigen Gegenst\u00e4nde, die vom Gast oder seinen zugelassenen G\u00e4sten und Besuchern in die Immobilie gebracht wurden, dem alleinigen Risiko des Gastes in Bezug auf Diebstahl, Besch\u00e4digung, Zerst\u00f6rung oder anderen Verlust ausgesetzt sind und dass der Vermieter\/Eigent\u00fcmer aus irgendeinem Grund nicht verantwortlich oder haftbar ist.<\/p>\n<p>Der Gast verpflichtet sich hiermit und verpflichtet sich, den Vermieter und seine Erf\u00fcllungsgehilfen, Grundst\u00fcckseigent\u00fcmer, Rechtsnachfolger, Mitarbeiter und Auftragnehmer von und gegen alle Kosten, Sch\u00e4den, Verbindlichkeiten, Anspr\u00fcche, Anwaltskosten und sonstigen Klagen f\u00fcr Sch\u00e4den, Kosten, Anwaltskosten, die dem Gast entstanden sind, zugelassenen G\u00e4sten, Besuchern oder Erf\u00fcllungsgehilfen, Vertretern oder Nachfolgern des Gastes wegen Anspr\u00fcchen im Zusammenhang mit der Zerst\u00f6rung von Eigentum oder der Verletzung von Personen oder dem Verlust von<\/p>\n<p>Gast oder Familie und Besucher von Gast in oder \u00fcber die Immobilie und Gast ausdr\u00fccklich verpflichtet sich, zu speichern und halten Vermieter \/ Eigent\u00fcmer schadlos in allen solchen F\u00e4llen.<\/p>\n<p><strong>Release<\/strong><\/p>\n<p>Der Gast verzichtet hiermit auf alle Anspr\u00fcche gegen den Vermieter\/Eigent\u00fcmer und deren Nachfolger, Abtretungsempf\u00e4nger, Mitarbeiter oder Vertreter, offiziell oder anderweitig, f\u00fcr Verletzungen oder Todesf\u00e4lle, die der Gast auf oder in der N\u00e4he oder in der N\u00e4he der Immobilie erleiden kann, einschlie\u00dflich aller gemeinsamen Einrichtungen, Aktivit\u00e4ten oder Annehmlichkeiten.<\/p>\n<p>Der Gast verpflichtet sich, solche Einrichtungen oder Annehmlichkeiten ausschlie\u00dflich auf eigene Initiative, Gefahr und Verantwortung zu nutzen.<\/p>\n<p><strong>EINREISE UND INSPEKTION<\/strong><\/p>\n<p>Der Vermieter\/Eigent\u00fcmer beh\u00e4lt sich das Recht vor, die Immobilie zu angemessenen Zeiten und mit angemessener Vorank\u00fcndigung zu betreten, um die Immobilie zu inspizieren oder die Immobilie potenziellen K\u00e4ufern, Mietern oder anderen autorisierten Personen zu zeigen. Wenn der Vermieter\/Eigent\u00fcmer der Immobilie der begr\u00fcndeten \u00dcberzeugung ist, dass eine unmittelbare Gefahr f\u00fcr eine Person oder Eine Immobilie besteht, kann der Vermieter\/Eigent\u00fcmer der Immobilie ohne vorherige Ank\u00fcndigung in die Immobilie eintreten.<\/p>\n<p><strong>EXTRA DIENSTLEISTUNGEN<\/strong><\/p>\n<p>Extra-Service von einem Drittanbieter wie z.B. Autovermietung, Flughafentransfer, Ausfl\u00fcge, Bootstouren ect k\u00f6nnen vom Vermieter\/Eigent\u00fcmer auf Anfrage organisiert und reserviert werden;<\/p>\n<p>Der Gast versteht und erkennt an, dass der Vermieter\/Eigent\u00fcmer nicht f\u00fcr Verz\u00f6gerungen\/Schwierigkeiten, Unf\u00e4lle, Raub\u00fcberf\u00e4lle mit Einem Drittunternehmen verantwortlich ist.<\/p>\n<p>Der Gast muss sich pers\u00f6nlich mit der Drittagentur in Verbindung setzen, um alle Reservierungen zu best\u00e4tigen; Zahlungen werden von G\u00e4sten direkt an das Drittunternehmen geleistet.<\/p>\n\t\t\t\t\t\t\t\t<\/div>\n\t\t\t\t<\/div>\n\t\t\t\t\t<\/div>\n\t\t<\/div>\n\t\t\t\t\t<\/div>\n\t\t<\/section>\n\t\t\t\t<\/div>\n\t\t","protected":false},"excerpt":{"rendered":"<p>Politik der mildernden Umst\u00e4nde Welche Reservierungen werden abgedeckt Reservierungen, die am oder vor dem 14. M\u00e4rz 2020 vorgenommen wurden Reservierungen f\u00fcr Aufenthalte, die am oder vor dem 14. M\u00e4rz 2020 mit einem Check-in-Datum zwischen dem 14. M\u00e4rz 2020 und dem 15. Juli 2020 get\u00e4tigt wurden, k\u00f6nnen vor dem Check-in storniert werden. Dies bedeutet, dass G\u00e4ste, &#8230;<\/p>\n","protected":false},"author":1,"featured_media":0,"parent":0,"menu_order":0,"comment_status":"closed","ping_status":"closed","template":"","meta":{"inline_featured_image":false,"footnotes":""},"class_list":["post-79757","page","type-page","status-publish","hentry"],"yoast_head":"<!-- This site is optimized with the Yoast SEO plugin v24.4 - https:\/\/yoast.com\/wordpress\/plugins\/seo\/ -->\n<title>Allgemeine Gesch\u00e4ftsbedingungen - Mauritius Direct - we rent private villas directly from owners<\/title>\n<meta name=\"description\" content=\"we rent private villas directly from owners - Search for Holiday Houses and Villas for Rent in the Indian Ocean with Mauritius Direct\" \/>\n<meta name=\"robots\" content=\"index, follow, max-snippet:-1, max-image-preview:large, max-video-preview:-1\" \/>\n<link rel=\"canonical\" href=\"https:\/\/mauritius-direct.com\/de\/terms-and-conditions\/\" \/>\n<meta property=\"og:locale\" content=\"de_DE\" \/>\n<meta property=\"og:type\" content=\"article\" \/>\n<meta property=\"og:title\" content=\"Allgemeine Gesch\u00e4ftsbedingungen - Mauritius Direct - we rent private villas directly from owners\" \/>\n<meta property=\"og:description\" content=\"we rent private villas directly from owners - Search for Holiday Houses and Villas for Rent in the Indian Ocean with Mauritius Direct\" \/>\n<meta property=\"og:url\" content=\"https:\/\/mauritius-direct.com\/de\/terms-and-conditions\/\" \/>\n<meta property=\"og:site_name\" content=\"Mauritius Direct\" \/>\n<meta property=\"article:modified_time\" content=\"2021-12-23T18:02:54+00:00\" \/>\n<meta name=\"twitter:card\" content=\"summary_large_image\" \/>\n<meta name=\"twitter:label1\" content=\"Gesch\u00e4tzte Lesezeit\" \/>\n\t<meta name=\"twitter:data1\" content=\"9\u00a0Minuten\" \/>\n<script type=\"application\/ld+json\" class=\"yoast-schema-graph\">{\"@context\":\"https:\/\/schema.org\",\"@graph\":[{\"@type\":\"WebPage\",\"@id\":\"https:\/\/mauritius-direct.com\/de\/terms-and-conditions\/\",\"url\":\"https:\/\/mauritius-direct.com\/de\/terms-and-conditions\/\",\"name\":\"Allgemeine Gesch\u00e4ftsbedingungen - Mauritius Direct - we rent private villas directly from owners\",\"isPartOf\":{\"@id\":\"https:\/\/mauritius-direct.com\/de\/#website\"},\"datePublished\":\"2015-04-23T12:57:21+00:00\",\"dateModified\":\"2021-12-23T18:02:54+00:00\",\"description\":\"we rent private villas directly from owners - Search for Holiday Houses and Villas for Rent in the Indian Ocean with Mauritius Direct\",\"inLanguage\":\"de\",\"potentialAction\":[{\"@type\":\"ReadAction\",\"target\":[\"https:\/\/mauritius-direct.com\/de\/terms-and-conditions\/\"]}]},{\"@type\":\"WebSite\",\"@id\":\"https:\/\/mauritius-direct.com\/de\/#website\",\"url\":\"https:\/\/mauritius-direct.com\/de\/\",\"name\":\"Mauritius Direct\",\"description\":\"we rent private villas directly from owners\",\"publisher\":{\"@id\":\"https:\/\/mauritius-direct.com\/de\/#organization\"},\"potentialAction\":[{\"@type\":\"SearchAction\",\"target\":{\"@type\":\"EntryPoint\",\"urlTemplate\":\"https:\/\/mauritius-direct.com\/de\/?s={search_term_string}\"},\"query-input\":{\"@type\":\"PropertyValueSpecification\",\"valueRequired\":true,\"valueName\":\"search_term_string\"}}],\"inLanguage\":\"de\"},{\"@type\":\"Organization\",\"@id\":\"https:\/\/mauritius-direct.com\/de\/#organization\",\"name\":\"Mauritius Direct\",\"url\":\"https:\/\/mauritius-direct.com\/de\/\",\"logo\":{\"@type\":\"ImageObject\",\"inLanguage\":\"de\",\"@id\":\"https:\/\/mauritius-direct.com\/de\/#\/schema\/logo\/image\/\",\"url\":\"https:\/\/mauritius-direct.com\/wp-content\/uploads\/2020\/03\/logo.png\",\"contentUrl\":\"https:\/\/mauritius-direct.com\/wp-content\/uploads\/2020\/03\/logo.png\",\"width\":522,\"height\":50,\"caption\":\"Mauritius Direct\"},\"image\":{\"@id\":\"https:\/\/mauritius-direct.com\/de\/#\/schema\/logo\/image\/\"}}]}<\/script>\n<!-- \/ Yoast SEO plugin. -->","yoast_head_json":{"title":"Allgemeine Gesch\u00e4ftsbedingungen - Mauritius Direct - we rent private villas directly from owners","description":"we rent private villas directly from owners - Search for Holiday Houses and Villas for Rent in the Indian Ocean with Mauritius Direct","robots":{"index":"index","follow":"follow","max-snippet":"max-snippet:-1","max-image-preview":"max-image-preview:large","max-video-preview":"max-video-preview:-1"},"canonical":"https:\/\/mauritius-direct.com\/de\/terms-and-conditions\/","og_locale":"de_DE","og_type":"article","og_title":"Allgemeine Gesch\u00e4ftsbedingungen - Mauritius Direct - we rent private villas directly from owners","og_description":"we rent private villas directly from owners - Search for Holiday Houses and Villas for Rent in the Indian Ocean with Mauritius Direct","og_url":"https:\/\/mauritius-direct.com\/de\/terms-and-conditions\/","og_site_name":"Mauritius Direct","article_modified_time":"2021-12-23T18:02:54+00:00","twitter_card":"summary_large_image","twitter_misc":{"Gesch\u00e4tzte Lesezeit":"9\u00a0Minuten"},"schema":{"@context":"https:\/\/schema.org","@graph":[{"@type":"WebPage","@id":"https:\/\/mauritius-direct.com\/de\/terms-and-conditions\/","url":"https:\/\/mauritius-direct.com\/de\/terms-and-conditions\/","name":"Allgemeine Gesch\u00e4ftsbedingungen - Mauritius Direct - we rent private villas directly from owners","isPartOf":{"@id":"https:\/\/mauritius-direct.com\/de\/#website"},"datePublished":"2015-04-23T12:57:21+00:00","dateModified":"2021-12-23T18:02:54+00:00","description":"we rent private villas directly from owners - Search for Holiday Houses and Villas for Rent in the Indian Ocean with Mauritius Direct","inLanguage":"de","potentialAction":[{"@type":"ReadAction","target":["https:\/\/mauritius-direct.com\/de\/terms-and-conditions\/"]}]},{"@type":"WebSite","@id":"https:\/\/mauritius-direct.com\/de\/#website","url":"https:\/\/mauritius-direct.com\/de\/","name":"Mauritius Direct","description":"we rent private villas directly from owners","publisher":{"@id":"https:\/\/mauritius-direct.com\/de\/#organization"},"potentialAction":[{"@type":"SearchAction","target":{"@type":"EntryPoint","urlTemplate":"https:\/\/mauritius-direct.com\/de\/?s={search_term_string}"},"query-input":{"@type":"PropertyValueSpecification","valueRequired":true,"valueName":"search_term_string"}}],"inLanguage":"de"},{"@type":"Organization","@id":"https:\/\/mauritius-direct.com\/de\/#organization","name":"Mauritius Direct","url":"https:\/\/mauritius-direct.com\/de\/","logo":{"@type":"ImageObject","inLanguage":"de","@id":"https:\/\/mauritius-direct.com\/de\/#\/schema\/logo\/image\/","url":"https:\/\/mauritius-direct.com\/wp-content\/uploads\/2020\/03\/logo.png","contentUrl":"https:\/\/mauritius-direct.com\/wp-content\/uploads\/2020\/03\/logo.png","width":522,"height":50,"caption":"Mauritius Direct"},"image":{"@id":"https:\/\/mauritius-direct.com\/de\/#\/schema\/logo\/image\/"}}]}},"_links":{"self":[{"href":"https:\/\/mauritius-direct.com\/de\/wp-json\/wp\/v2\/pages\/79757","targetHints":{"allow":["GET"]}}],"collection":[{"href":"https:\/\/mauritius-direct.com\/de\/wp-json\/wp\/v2\/pages"}],"about":[{"href":"https:\/\/mauritius-direct.com\/de\/wp-json\/wp\/v2\/types\/page"}],"author":[{"embeddable":true,"href":"https:\/\/mauritius-direct.com\/de\/wp-json\/wp\/v2\/users\/1"}],"replies":[{"embeddable":true,"href":"https:\/\/mauritius-direct.com\/de\/wp-json\/wp\/v2\/comments?post=79757"}],"version-history":[{"count":0,"href":"https:\/\/mauritius-direct.com\/de\/wp-json\/wp\/v2\/pages\/79757\/revisions"}],"wp:attachment":[{"href":"https:\/\/mauritius-direct.com\/de\/wp-json\/wp\/v2\/media?parent=79757"}],"curies":[{"name":"wp","href":"https:\/\/api.w.org\/{rel}","templated":true}]}}