{"id":79726,"date":"2020-02-28T14:26:50","date_gmt":"2020-02-28T14:26:50","guid":{"rendered":"https:\/\/mauritius-direct.com\/privacy-policy\/"},"modified":"2020-04-26T11:48:19","modified_gmt":"2020-04-26T10:48:19","slug":"privacy-policy","status":"publish","type":"page","link":"https:\/\/mauritius-direct.com\/de\/privacy-policy\/","title":{"rendered":"Datenschutz"},"content":{"rendered":"<h2 class=\"wp-block-heading\">Wer wir sind<\/h2><p>Unsere Website-Adresse lautet: http:\/\/mauritius-direct.com<\/p><p>Unser Unternehmen ist: <\/p><p><strong>Owners United Ltd.<\/strong><br\/>Suite 206, Eden Plaza<br\/>Eden Island<br\/>Mahe<br\/>Republic of Seychelles<br\/>Company Number: 104325<\/p><p>Email: contact at mauritius-direct.com<\/p><h2 class=\"wp-block-heading\">Welche personenbezogenen Daten wir erheben und warum wir sie sammeln<\/h2><h3 class=\"wp-block-heading\">Kommentare<\/h3><p>Wenn Besucher Kommentare auf der Website hinterlassen, erfassen wir die im Kommentarformular angezeigten Daten sowie die IP-Adresse des Besuchers und die Browser-Benutzer-Agent-Zeichenfolge, um die Spam-Erkennung zu unterst\u00fctzen.<\/p><p>Eine anonymisierte Zeichenfolge, die aus Ihrer E-Mail-Adresse erstellt wurde (auch als Hash bezeichnet), kann dem Gravatar-Dienst zur Verf\u00fcgung gestellt werden, um zu sehen, ob Sie sie verwenden. Die Datenschutzerkl\u00e4rung des Gravatar-Dienstes finden Sie hier: https:\/\/automattic.com\/privacy\/. Nach Der Genehmigung Ihres Kommentars ist Ihr Profilbild im Kontext Ihres Kommentars f\u00fcr die \u00d6ffentlichkeit sichtbar.<\/p><h3 class=\"wp-block-heading\">medien<\/h3><p>Wenn Sie Bilder auf die Website hochladen, sollten Sie das Hochladen von Bildern mit eingebetteten Standortdaten (EXIF GPS) vermeiden. Besucher der Website k\u00f6nnen alle Standortdaten aus Bildern auf der Website herunterladen und extrahieren.<\/p><h3 class=\"wp-block-heading\">Kontaktformulare <\/h3><h3 class=\"wp-block-heading\">Cookies<\/h3><p>Wenn Sie einen Kommentar auf unserer Website hinterlassen, k\u00f6nnen Sie sich daf\u00fcr entscheiden, Ihren Namen, Ihre E-Mail-Adresse und Ihre Website in Cookies zu speichern. Diese sind f\u00fcr Ihre Bequemlichkeit, so dass Sie nicht ihre Daten wieder ausf\u00fcllen m\u00fcssen, wenn Sie einen anderen Kommentar hinterlassen. Diese Cookies dauern ein Jahr.<\/p><p>Wenn Sie unsere Login-Seite besuchen, setzen wir ein tempor\u00e4res Cookie, um festzustellen, ob Ihr Browser Cookies akzeptiert. Dieses Cookie enth\u00e4lt keine personenbezogenen Daten und wird verworfen, wenn Sie Ihren Browser schlie\u00dfen.<\/p><p>Wenn Sie sich anmelden, werden wir auch mehrere Cookies einrichten, um Ihre Anmeldeinformationen und Ihre Bildschirmanzeige zu speichern. Login-Cookies dauern zwei Tage, und Bildschirmoptionen-Cookies dauern ein Jahr. Wenn Sie &#8222;Remember Me&#8220; ausw\u00e4hlen, bleibt Ihr Login zwei Wochen lang bestehen. Wenn Sie sich von Ihrem Konto abmelden, werden die Login-Cookies entfernt.<\/p><p>Wenn Sie einen Artikel bearbeiten oder ver\u00f6ffentlichen, wird ein zus\u00e4tzliches Cookie in Ihrem Browser gespeichert. Dieses Cookie enth\u00e4lt keine personenbezogenen Daten und gibt einfach die Post-ID des Artikels an, den Sie gerade bearbeitet haben. Sie l\u00e4uft nach 1 Tag ab.<\/p><h3 class=\"wp-block-heading\">Eingebettete Inhalte von anderen Websites<\/h3><p>Artikel auf dieser Website k\u00f6nnen eingebettete Inhalte (z. B. Videos, Bilder, Artikel usw.) enthalten. Eingebettete Inhalte von anderen Websites verhalten sich genauso, als ob der Besucher die andere Website besucht h\u00e4tte.<\/p><p>Diese Websites k\u00f6nnen Daten \u00fcber Sie sammeln, Cookies verwenden, zus\u00e4tzliche stellgem\u00e4\u00dfe Tracking von Drittanbietern einbetten und Ihre Interaktion mit diesen eingebetteten Inhalten \u00fcberwachen, einschlie\u00dflich der Verfolgung Ihrer Interaktion mit den eingebetteten Inhalten, wenn Sie ein Konto haben und sich in diesem Bereich anmelden. web-site.<\/p><h3 class=\"wp-block-heading\">Analytics<\/h3><h2 class=\"wp-block-heading\">Mit wem wir Ihre Daten teilen<\/h2><h2 class=\"wp-block-heading\">Wie lange wir Ihre Daten aufbewahren<\/h2><p>Wenn Sie einen Kommentar hinterlassen, Listen- und Buchungsdaten hinterlassen, werden die Daten und ihre Metadaten auf unbestimmte Zeit aufbewahrt. Dies ist so, dass wir jede Folge automatisch erkennen und genehmigen k\u00f6nnen, anstatt sie in einer Moderationswarteschlange zu halten.<\/p><p>F\u00fcr Benutzer, die sich auf unserer Website registrieren (falls vorhanden), speichern wir auch die pers\u00f6nlichen Informationen, die sie in ihrem Nutzerprofil angeben. Alle Benutzer k\u00f6nnen ihre pers\u00f6nlichen Daten jederzeit anzeigen, bearbeiten oder l\u00f6schen (au\u00dfer sie k\u00f6nnen ihren Benutzernamen nicht \u00e4ndern). Website-Administratoren k\u00f6nnen diese Informationen auch anzeigen und bearbeiten.<\/p><h2 class=\"wp-block-heading\">Welche Rechte haben Sie an Ihren Daten?<\/h2><p>Wenn Sie ein Konto auf dieser Website haben oder Kommentare hinterlassen haben, k\u00f6nnen Sie den Erhalt einer exportierten Datei der personenbezogenen Daten, die wir \u00fcber Sie gespeichert haben, einschlie\u00dflich aller Daten, die Sie uns zur Verf\u00fcgung gestellt haben, anfordern. Sie k\u00f6nnen auch verlangen, dass wir alle personenbezogenen Daten l\u00f6schen, die wir \u00fcber Sie halten. Dies schlie\u00dft keine Daten ein, die wir zu administrativen, rechtlichen oder Sicherheitszwecken aufbewahren m\u00fcssen.<\/p><h2 class=\"wp-block-heading\">Wo wir Ihre Daten senden<\/h2><p>Besucherkommentare k\u00f6nnen \u00fcber einen automatisierten Spam-Erkennungsdienst \u00fcberpr\u00fcft werden.<\/p><h2 class=\"wp-block-heading\">Ihre Kontaktdaten<\/h2><h2 class=\"wp-block-heading\">Zus\u00e4tzliche Informationen<\/h2><h3 class=\"wp-block-heading\">Wie wir Ihre Daten sch\u00fctzen<\/h3><h3 class=\"wp-block-heading\">Welche Datenschutzverletzungen haben wir<\/h3><h3 class=\"wp-block-heading\">Von welchen Dritten erhalten wir Daten<\/h3><h3 class=\"wp-block-heading\">Was automatisierte Entscheidungsfindung und\/oder Profilerstellung machen wir mit Benutzerdaten<\/h3><h3 class=\"wp-block-heading\">Anforderungen an die Offenlegung von Branchen<\/h3><h3 class=\"wp-block-heading\">Wpml<\/h3><p>WPML verwendet Cookies, um die aktuelle Sprache des Besuchers, die zuletzt besuchte Sprache und die Sprache der Benutzer zu identifizieren, die sich angemeldet haben.<\/p><p>W\u00e4hrend Sie das Plugin verwenden, wpML wird Daten \u00fcber die Website \u00fcber Installer teilen. Es werden keine Daten des Benutzers selbst freigegeben.<\/p><p>Wir sammeln Informationen \u00fcber Sie w\u00e4hrend des Check-out-Prozesses in unserem Shop.<\/p><h2 class=\"wp-block-heading\">Was wir sammeln und speichern<\/h2><p>W\u00e4hrend Sie unsere Website besuchen, verfolgen wir:<\/p><ul class=\"wp-block-list\"><li>Produkte, die Sie sich angesehen haben: Wir verwenden dies, um Ihnen beispielsweise Produkte anzuzeigen, die Sie zuletzt angesehen haben<\/li><li>Standort, IP-Adresse und Browsertyp: Wir verwenden dies f\u00fcr Zwecke wie die Sch\u00e4tzung von Steuern und Versand<\/li><li>Lieferadresse: Wir bitten Sie, diese einzugeben, damit wir zum Beispiel den Versand vor Ihrer Bestellung sch\u00e4tzen und Ihnen die Bestellung zusenden k\u00f6nnen!<\/li><\/ul><p>Wir verwenden auch Cookies, um den Inhalt des Warenkorbs zu verfolgen, w\u00e4hrend Sie unsere Website besuchen.<\/p><p>Wenn Sie bei uns kaufen, bitten wir Sie, Informationen wie Ihren Namen, Ihre Rechnungsadresse, Lieferadresse, E-Mail-Adresse, Telefonnummer, Kreditkarten-\/Zahlungsdaten und optionale Kontoinformationen wie Benutzername und Passwort anzugeben. Wir verwenden diese Informationen f\u00fcr Zwecke, z. B. f\u00fcr:<\/p><ul class=\"wp-block-list\"><li>Senden Sie Informationen \u00fcber Ihr Konto und Ihre Bestellung<\/li><li>Reagieren Sie auf Ihre Anfragen, einschlie\u00dflich R\u00fcckerstattungen und Beschwerden<\/li><li>Zahlungsabwicklung und Betrugspr\u00e4vention<\/li><li>Richten Sie Ihr Konto f\u00fcr unseren Shop ein<\/li><li>Einhaltung gesetzlicher Verpflichtungen, wie z. B. der Berechnung von Steuern<\/li><li>Verbessern Sie unser Store-Angebot<\/li><li>Senden Sie Marketingnachrichten, wenn Sie sie erhalten m\u00f6chten<\/li><\/ul><p>Wenn Sie ein Konto erstellen, speichern wir Ihren Namen, Ihre Adresse, Ihre E-Mail-Adresse und Ihre Telefonnummer, die verwendet wird, um die Kasse f\u00fcr zuk\u00fcnftige Bestellungen aufzuf\u00fcllen.<\/p><p>Wir speichern Informationen \u00fcber Sie in der Regel so lange, wie wir die Informationen f\u00fcr die Zwecke ben\u00f6tigen, f\u00fcr die wir sie sammeln und nutzen, und wir sind rechtlich nicht verpflichtet, sie weiter zu speichern. Beispielsweise speichern wir Auftragsinformationen f\u00fcr XXX Jahre f\u00fcr Steuer- und Buchhaltungszwecke. Dazu geh\u00f6ren Ihr Name, Ihre E-Mail-Adresse sowie Rechnungs- und Lieferadressen.<\/p><p>Wir speichern auch Kommentare oder Bewertungen, wenn Sie sich entscheiden, sie zu verlassen.<\/p><h2 class=\"wp-block-heading\">Wer in unserem Team Zugriff hat<\/h2><p>Mitglieder unseres Teams haben Zugriff auf die Informationen, die Sie uns zur Verf\u00fcgung stellen. Beispielsweise k\u00f6nnen sowohl Administratoren als auch Shop-Manager auf folgende<\/p><ul class=\"wp-block-list\"><li>Bestellinformationen wie das, was gekauft wurde, wann es gekauft wurde und wohin es gesendet werden sollte, und<\/li><li>Kundeninformationen wie Ihren Namen, Ihre E-Mail-Adresse sowie Rechnungs- und Versandinformationen.<\/li><\/ul><p>Unsere Teammitglieder haben Zugriff auf diese Informationen, um Ihnen bei der Erf\u00fcllung von Auftr\u00e4gen, der Bearbeitung von R\u00fcckerstattungen und der Unterst\u00fctzung zu helfen.<\/p><h2 class=\"wp-block-heading\">Was wir mit anderen teilen<\/h2><p>Wir geben Informationen an Dritte weiter, die uns helfen, Ihnen unsere Bestellungen zur Verf\u00fcgung zu stellen und Dienstleistungen zu speichern; zum Beispiel &#8212;<\/p><h3 class=\"wp-block-heading\">Zahlungen<\/h3><p>Wir akzeptieren Zahlungen \u00fcber PayPal. Bei der Verarbeitung von Zahlungen werden einige Ihrer Daten an PayPal weitergeleitet, einschlie\u00dflich der Informationen, die f\u00fcr die Verarbeitung oder Unterst\u00fctzung der Zahlung erforderlich sind, z. B. die Gesamteinkaufssumme und die Rechnungsinformationen.<\/p><p>Weitere Informationen finden Sie in der <a href=\"https:\/\/www.paypal.com\/us\/webapps\/mpp\/ua\/privacy-full\">PayPal-Datenschutzrichtlinie.<\/a><\/p><p>Wir akzeptieren Zahlungen \u00fcber DPO Think Payment. Bei der Verarbeitung von Zahlungen werden einige Ihrer Daten an PayPal weitergeleitet, einschlie\u00dflich der Informationen, die f\u00fcr die Verarbeitung oder Unterst\u00fctzung der Zahlung erforderlich sind, z. B. die Gesamteinkaufssumme und die Rechnungsinformationen.<\/p><p>Weitere Informationen finden Sie in der Datenschutzrichtlinie von <a href=\"https:\/\/www.dpogroup.com\/africa\/terms-conditions\/\">DSB Think Payment.<\/a><\/p><h3 class=\"wp-block-heading\">WPML-\u00dcbersetzungen<\/h3><p>WPML Media Translation sendet die E-Mail-Adresse und den Namen jedes Managers und zugewiesenen \u00dcbersetzers sowie den Inhalt selbst an Advanced Translation Editor und an die verwendeten \u00dcbersetzungsdienste.<\/p><p>WooCommerce Multilingual verwendet Cookies, um die Warenkorbinformationen zu verstehen, wenn Sprachen in Domains verwendet werden, und um Daten zwischen den Domains zu \u00fcbertragen.<\/p><h3 class=\"wp-block-heading\">WooCommerce Mehrsprachig<\/h3><p>WooCommerce Multilingual verwendet auch Cookies, um die Sprache und W\u00e4hrung der Bestellung jedes Kunden sowie die W\u00e4hrung der von WooCommerce erstellten Berichte zu identifizieren. WooCommerce Multilingual erweitert diese Berichte um das Hinzuf\u00fcgen der W\u00e4hrungsinformationen.<\/p><h3 class=\"wp-block-heading\">Pay Pal Checkout<\/h3><p>Durch die Verwendung dieser Erweiterung speichern Sie m\u00f6glicherweise personenbezogene Daten oder teilen Daten mit einem externen Dienst. <a rel=\"noreferrer noopener\" href=\"https:\/\/docs.woocommerce.com\/document\/privacy-payments\/#woocommerce-gateway-paypal-express-checkout\" target=\"_blank\">Erfahren Sie mehr dar\u00fcber, wie dies funktioniert, einschlie\u00dflich dessen, was Sie m\u00f6glicherweise in Ihre Datenschutzrichtlinie aufnehmen m\u00f6chten.<\/a><\/p><h3 class=\"wp-block-heading\">streifen<\/h3><p>Durch die Verwendung dieser Erweiterung speichern Sie m\u00f6glicherweise personenbezogene Daten oder teilen Daten mit einem externen Dienst. <a rel=\"noreferrer noopener\" href=\"https:\/\/docs.woocommerce.com\/document\/privacy-payments\/#woocommerce-gateway-stripe\" target=\"_blank\">Erfahren Sie mehr dar\u00fcber, wie dies funktioniert, einschlie\u00dflich dessen, was Sie m\u00f6glicherweise in Ihre Datenschutzrichtlinie aufnehmen m\u00f6chten.<\/a><\/p><h3 class=\"wp-block-heading\">Woo Commerce Services<\/h3><p>Durch die Verwendung dieser Erweiterung speichern Sie m\u00f6glicherweise personenbezogene Daten oder teilen Daten mit externen Diensten. <a rel=\"noreferrer noopener\" href=\"https:\/\/jetpack.com\/support\/for-your-privacy-policy\/#woocommerce-services\" target=\"_blank\">Erfahren Sie mehr dar\u00fcber, wie dies funktioniert, einschlie\u00dflich dessen, was Sie m\u00f6glicherweise in Ihre Datenschutzrichtlinie aufnehmen m\u00f6chten.<\/a><\/p><h3 class=\"wp-block-heading\">Loco Translate<\/h3><p>Dieses Plugin sammelt keine Daten von \u00f6ffentlichen Website-Besuchern.<br\/>Administratoren und Wirtschaftspr\u00fcfer k\u00f6nnen die <a href=\"https:\/\/localise.biz\/wordpress\/plugin\/privacy\">Datenschutzerkl\u00e4rung<\/a>von Loco-Plugins \u00fcberpr\u00fcfen.<\/p><h2 class=\"wp-block-heading\">Falls Sie Google Web Fonts (Standard) verwenden oder Videos oder Sounds \u00fcber YouTube oder Vimeo in Slider Revolution abspielen, empfehlen wir Ihnen, den entsprechenden Textsatz Ihrer Datenschutzpolizei hinzuzuf\u00fcgen:<\/h2><h3 class=\"wp-block-heading\">Youtube<\/h3><p>Unsere Website verwendet Plugins von YouTube, die von Google betrieben werden. Betreiber der Seiten ist YouTube LLC, 901 Cherry Ave., San Bruno, CA 94066, USA.<\/p><p>Wenn Sie eine unserer Seiten mit einem YouTube-Plugin besuchen, wird eine Verbindung zu den YouTube-Servern hergestellt. Hier wird der YouTube-Server dar\u00fcber informiert, welche unserer Seiten Sie besucht haben.<\/p><p>Wenn Sie in Ihrem YouTube-Konto eingeloggt sind, k\u00f6nnen Sie mit YouTube Ihr Surfverhalten direkt ihrem pers\u00f6nlichen Profil zuordnen. Sie k\u00f6nnen dies verhindern, indem Sie sich von Ihrem YouTube-Konto abmelden.<\/p><p>YouTube wird verwendet, um unsere Website attraktiv zu machen. Dies stellt ein berechtigtes Interesse nach Art. 6 (1) f) DSGVO.<\/p><p>Weitere Informationen zum Umgang mit Nutzerdaten finden Sie in der Datenschutzerkl\u00e4rung von YouTube unter <a href=\"https:\/\/www.google.de\/intl\/de\/policies\/privacy\" target=\"_blank\" rel=\"noreferrer noopener\">https:\/\/www.google.de\/intl\/de\/policies\/privacy<\/a>.<\/p><h3 class=\"wp-block-heading\">Vimeo<\/h3><p>Unsere Website verwendet Funktionen des Videoportals Vimeo. Dieser Service wird angeboten von Vimeo Inc., 555 West 18th Street, New York, New York 10011, USA.<\/p><p>Wenn Sie eine unserer Seiten mit einem Vimeo-Plugin besuchen, wird eine Verbindung zu den Vimeo-Servern hergestellt. Hier wird der Vimeo-Server dar\u00fcber informiert, welche unserer Seiten Sie besucht haben. Dar\u00fcber hinaus erh\u00e4lt Vimeo Ihre IP-Adresse. Dies gilt auch, wenn Sie nicht bei Vimeo eingeloggt sind, wenn Sie unser Plugin besuchen oder kein Vimeo-Konto haben. Die Informationen werden an einen Vimeo-Server in den USA \u00fcbertragen, wo sie gespeichert werden.<\/p><p>Wenn Sie bei Ihrem Vimeo-Konto eingeloggt sind, k\u00f6nnen Sie Mit Vimeo Ihr Surfverhalten direkt ihrem pers\u00f6nlichen Profil zuordnen. Sie k\u00f6nnen dies verhindern, indem Sie sich von Ihrem Vimeo-Konto abmelden.<\/p><p>Weitere Informationen zum Umgang mit Benutzerdaten finden Sie in der Vimeo-Datenschutzrichtlinie unter <a href=\"https:\/\/vimeo.com\/privacy\" target=\"_blank\" rel=\"noreferrer noopener\">https:\/\/vimeo.com\/privacy<\/a>.<\/p><h3 class=\"wp-block-heading\">Google Web Schriftarten<\/h3><p>F\u00fcr eine einheitliche Darstellung von Schriftarten verwendet diese Seite Web-Schriftarten, die von Google bereitgestellt werden. Wenn Sie eine Seite \u00f6ffnen, l\u00e4dt Ihr Browser die erforderlichen Webschriftarten in Ihren Browser-Cache, um Texte und Schriftarten korrekt anzuzeigen.<\/p><p>Zu diesem Zweck muss Ihr Browser eine direkte Verbindung zu Google-Servern herstellen. Google wird dadurch bewusst, dass auf unsere Webseite \u00fcber Ihre IP-Adresse zugegriffen wurde. Die Verwendung von Google Web-Schriftarten erfolgt im Interesse einer einheitlichen und attraktiven Pr\u00e4sentation unseres Plugins. Dies stellt ein berechtigtes Interesse nach Art. 6 (1) f) DSGVO.<\/p><p>Wenn Ihr Browser keine Webschriftarten unterst\u00fctzt, wird von Ihrem Computer eine Standardschriftart verwendet.<\/p><p>Weitere Informationen zum Umgang mit Nutzerdaten finden Sie unter <a href=\"https:\/\/developers.google.com\/fonts\/faq\" target=\"_blank\" rel=\"noreferrer noopener\">https:\/\/developers.google.com\/fonts\/faq<\/a> und in der Datenschutzerkl\u00e4rung von Google unter <a href=\"https:\/\/www.google.com\/policies\/privacy\/\" target=\"_blank\" rel=\"noreferrer noopener\">https:\/\/www.google.com\/policies\/privacy\/<\/a>.<\/p><h3 class=\"wp-block-heading\">Soundcloud<\/h3><p>Auf unseren Seiten k\u00f6nnen Plugins des sozialen Netzwerks SoundCloud (SoundCloud Limited, Berners House, 47-48 Berners Street, London W1T 3NF, UK) integriert werden. Die SoundCloud Plugins sind am SoundCloud-Logo auf unserer Website zu erkennen.<\/p><p>Wenn Sie unsere Website besuchen, wird \u00fcber das Plugin eine direkte Verbindung zwischen Ihrem Browser und dem SoundCloud-Server hergestellt. Auf diese Weise kann SoundCloud Informationen dar\u00fcber erhalten, dass Sie unsere Website von Ihrer IP-Adresse besucht haben. Wenn Sie auf die Schaltfl\u00e4chen &#8222;Gef\u00e4llt mir&#8220; oder &#8222;Teilen&#8220; klicken, w\u00e4hrend Sie in Ihrem SoundCloud-Konto eingeloggt sind, k\u00f6nnen Sie den Inhalt unserer Seiten mit Ihrem SoundCloud-Profil verkn\u00fcpfen. Das bedeutet, dass SoundCloud Besuche auf unseren Seiten Ihrem Benutzerkonto zuordnen kann. Wir weisen darauf hin, dass wir als Anbieter dieser Seiten keine Kenntnis vom Inhalt der \u00fcbermittelten Daten oder deren Nutzung durch SoundCloud haben. Weitere Informationen zur Datenschutzerkl\u00e4rung von SoundCloud finden Sie unter https:\/\/soundcloud.com\/pages\/privacy.<\/p><p>Wenn Sie nicht m\u00f6chten, dass SoundCloud Ihren Besuch auf unserer Website Ihrem SoundCloud-Konto zuweist, melden Sie sich bitte von Ihrem SoundCloud-Konto ab.<\/p>","protected":false},"excerpt":{"rendered":"<p>Wer wir sind Unsere Website-Adresse lautet: http:\/\/mauritius-direct.com Unser Unternehmen ist: Owners United Ltd.Suite 206, Eden PlazaEden IslandMaheRepublic of SeychellesCompany Number: 104325 Email: contact at mauritius-direct.com Welche personenbezogenen Daten wir erheben und warum wir sie sammeln Kommentare Wenn Besucher Kommentare auf der Website hinterlassen, erfassen wir die im Kommentarformular angezeigten Daten sowie die IP-Adresse des Besuchers &#8230;<\/p>\n","protected":false},"author":1,"featured_media":0,"parent":0,"menu_order":0,"comment_status":"closed","ping_status":"open","template":"","meta":{"inline_featured_image":false,"footnotes":""},"class_list":["post-79726","page","type-page","status-publish","hentry"],"yoast_head":"<!-- This site is optimized with the Yoast SEO plugin v24.4 - https:\/\/yoast.com\/wordpress\/plugins\/seo\/ -->\n<title>Datenschutz - Mauritius Direct - we rent private villas directly from owners<\/title>\n<meta name=\"description\" content=\"we rent private villas directly from owners - Search for Holiday Houses and Villas for Rent in the Indian Ocean with Mauritius Direct\" \/>\n<meta name=\"robots\" content=\"index, follow, max-snippet:-1, max-image-preview:large, max-video-preview:-1\" \/>\n<link rel=\"canonical\" href=\"https:\/\/mauritius-direct.com\/de\/privacy-policy\/\" \/>\n<meta property=\"og:locale\" content=\"de_DE\" \/>\n<meta property=\"og:type\" content=\"article\" \/>\n<meta property=\"og:title\" content=\"Datenschutz - Mauritius Direct - we rent private villas directly from owners\" \/>\n<meta property=\"og:description\" content=\"we rent private villas directly from owners - Search for Holiday Houses and Villas for Rent in the Indian Ocean with Mauritius Direct\" \/>\n<meta property=\"og:url\" content=\"https:\/\/mauritius-direct.com\/de\/privacy-policy\/\" \/>\n<meta property=\"og:site_name\" content=\"Mauritius Direct\" \/>\n<meta property=\"article:modified_time\" content=\"2020-04-26T10:48:19+00:00\" \/>\n<meta name=\"twitter:card\" content=\"summary_large_image\" \/>\n<meta name=\"twitter:label1\" content=\"Gesch\u00e4tzte Lesezeit\" \/>\n\t<meta name=\"twitter:data1\" content=\"10\u00a0Minuten\" \/>\n<script type=\"application\/ld+json\" class=\"yoast-schema-graph\">{\"@context\":\"https:\/\/schema.org\",\"@graph\":[{\"@type\":\"WebPage\",\"@id\":\"https:\/\/mauritius-direct.com\/de\/privacy-policy\/\",\"url\":\"https:\/\/mauritius-direct.com\/de\/privacy-policy\/\",\"name\":\"Datenschutz - Mauritius Direct - we rent private villas directly from owners\",\"isPartOf\":{\"@id\":\"https:\/\/mauritius-direct.com\/de\/#website\"},\"datePublished\":\"2020-02-28T14:26:50+00:00\",\"dateModified\":\"2020-04-26T10:48:19+00:00\",\"description\":\"we rent private villas directly from owners - Search for Holiday Houses and Villas for Rent in the Indian Ocean with Mauritius Direct\",\"inLanguage\":\"de\",\"potentialAction\":[{\"@type\":\"ReadAction\",\"target\":[\"https:\/\/mauritius-direct.com\/de\/privacy-policy\/\"]}]},{\"@type\":\"WebSite\",\"@id\":\"https:\/\/mauritius-direct.com\/de\/#website\",\"url\":\"https:\/\/mauritius-direct.com\/de\/\",\"name\":\"Mauritius Direct\",\"description\":\"we rent private villas directly from owners\",\"publisher\":{\"@id\":\"https:\/\/mauritius-direct.com\/de\/#organization\"},\"potentialAction\":[{\"@type\":\"SearchAction\",\"target\":{\"@type\":\"EntryPoint\",\"urlTemplate\":\"https:\/\/mauritius-direct.com\/de\/?s={search_term_string}\"},\"query-input\":{\"@type\":\"PropertyValueSpecification\",\"valueRequired\":true,\"valueName\":\"search_term_string\"}}],\"inLanguage\":\"de\"},{\"@type\":\"Organization\",\"@id\":\"https:\/\/mauritius-direct.com\/de\/#organization\",\"name\":\"Mauritius Direct\",\"url\":\"https:\/\/mauritius-direct.com\/de\/\",\"logo\":{\"@type\":\"ImageObject\",\"inLanguage\":\"de\",\"@id\":\"https:\/\/mauritius-direct.com\/de\/#\/schema\/logo\/image\/\",\"url\":\"https:\/\/mauritius-direct.com\/wp-content\/uploads\/2020\/03\/logo.png\",\"contentUrl\":\"https:\/\/mauritius-direct.com\/wp-content\/uploads\/2020\/03\/logo.png\",\"width\":522,\"height\":50,\"caption\":\"Mauritius Direct\"},\"image\":{\"@id\":\"https:\/\/mauritius-direct.com\/de\/#\/schema\/logo\/image\/\"}}]}<\/script>\n<!-- \/ Yoast SEO plugin. -->","yoast_head_json":{"title":"Datenschutz - Mauritius Direct - we rent private villas directly from owners","description":"we rent private villas directly from owners - Search for Holiday Houses and Villas for Rent in the Indian Ocean with Mauritius Direct","robots":{"index":"index","follow":"follow","max-snippet":"max-snippet:-1","max-image-preview":"max-image-preview:large","max-video-preview":"max-video-preview:-1"},"canonical":"https:\/\/mauritius-direct.com\/de\/privacy-policy\/","og_locale":"de_DE","og_type":"article","og_title":"Datenschutz - Mauritius Direct - we rent private villas directly from owners","og_description":"we rent private villas directly from owners - Search for Holiday Houses and Villas for Rent in the Indian Ocean with Mauritius Direct","og_url":"https:\/\/mauritius-direct.com\/de\/privacy-policy\/","og_site_name":"Mauritius Direct","article_modified_time":"2020-04-26T10:48:19+00:00","twitter_card":"summary_large_image","twitter_misc":{"Gesch\u00e4tzte Lesezeit":"10\u00a0Minuten"},"schema":{"@context":"https:\/\/schema.org","@graph":[{"@type":"WebPage","@id":"https:\/\/mauritius-direct.com\/de\/privacy-policy\/","url":"https:\/\/mauritius-direct.com\/de\/privacy-policy\/","name":"Datenschutz - Mauritius Direct - we rent private villas directly from owners","isPartOf":{"@id":"https:\/\/mauritius-direct.com\/de\/#website"},"datePublished":"2020-02-28T14:26:50+00:00","dateModified":"2020-04-26T10:48:19+00:00","description":"we rent private villas directly from owners - Search for Holiday Houses and Villas for Rent in the Indian Ocean with Mauritius Direct","inLanguage":"de","potentialAction":[{"@type":"ReadAction","target":["https:\/\/mauritius-direct.com\/de\/privacy-policy\/"]}]},{"@type":"WebSite","@id":"https:\/\/mauritius-direct.com\/de\/#website","url":"https:\/\/mauritius-direct.com\/de\/","name":"Mauritius Direct","description":"we rent private villas directly from owners","publisher":{"@id":"https:\/\/mauritius-direct.com\/de\/#organization"},"potentialAction":[{"@type":"SearchAction","target":{"@type":"EntryPoint","urlTemplate":"https:\/\/mauritius-direct.com\/de\/?s={search_term_string}"},"query-input":{"@type":"PropertyValueSpecification","valueRequired":true,"valueName":"search_term_string"}}],"inLanguage":"de"},{"@type":"Organization","@id":"https:\/\/mauritius-direct.com\/de\/#organization","name":"Mauritius Direct","url":"https:\/\/mauritius-direct.com\/de\/","logo":{"@type":"ImageObject","inLanguage":"de","@id":"https:\/\/mauritius-direct.com\/de\/#\/schema\/logo\/image\/","url":"https:\/\/mauritius-direct.com\/wp-content\/uploads\/2020\/03\/logo.png","contentUrl":"https:\/\/mauritius-direct.com\/wp-content\/uploads\/2020\/03\/logo.png","width":522,"height":50,"caption":"Mauritius Direct"},"image":{"@id":"https:\/\/mauritius-direct.com\/de\/#\/schema\/logo\/image\/"}}]}},"_links":{"self":[{"href":"https:\/\/mauritius-direct.com\/de\/wp-json\/wp\/v2\/pages\/79726","targetHints":{"allow":["GET"]}}],"collection":[{"href":"https:\/\/mauritius-direct.com\/de\/wp-json\/wp\/v2\/pages"}],"about":[{"href":"https:\/\/mauritius-direct.com\/de\/wp-json\/wp\/v2\/types\/page"}],"author":[{"embeddable":true,"href":"https:\/\/mauritius-direct.com\/de\/wp-json\/wp\/v2\/users\/1"}],"replies":[{"embeddable":true,"href":"https:\/\/mauritius-direct.com\/de\/wp-json\/wp\/v2\/comments?post=79726"}],"version-history":[{"count":0,"href":"https:\/\/mauritius-direct.com\/de\/wp-json\/wp\/v2\/pages\/79726\/revisions"}],"wp:attachment":[{"href":"https:\/\/mauritius-direct.com\/de\/wp-json\/wp\/v2\/media?parent=79726"}],"curies":[{"name":"wp","href":"https:\/\/api.w.org\/{rel}","templated":true}]}}